{"id":3767,"date":"2022-03-25T08:24:52","date_gmt":"2022-03-25T07:24:52","guid":{"rendered":"https:\/\/komvak.buges.sk\/szerelesi-tevekenyseg\/"},"modified":"2022-07-11T13:04:59","modified_gmt":"2022-07-11T11:04:59","slug":"szerelesi-tevekenyseg","status":"publish","type":"page","link":"https:\/\/komvak.sk\/hu\/szolgaltatasok\/szerelesi-tevekenyseg\/","title":{"rendered":"Szerel\u00e9si tev\u00e9kenys\u00e9g"},"content":{"rendered":"\n<div class=\"row row-collapse\"  id=\"row-573178847\">\n\n\n\t<div id=\"col-1952096504\" class=\"col medium-12 small-12 large-12\"  >\n\t\t\t\t<div class=\"col-inner\"  >\n\t\t\t\n\t\t\t\n\n<div class=\"container section-title-container show-for-medium\" ><h3 class=\"section-title section-title-bold-center\"><b aria-hidden=\"true\"><\/b><span class=\"section-title-main\" style=\"color:rgb(18, 109, 177);\">Szerel\u00e9si tev\u00e9kenys\u00e9g<\/span><b aria-hidden=\"true\"><\/b><\/h3><\/div>\n\n\n\t\t<\/div>\n\t\t\t\t\t<\/div>\n\n\t\n\n\t<div id=\"col-872634532\" class=\"col is-sticky-column hide-for-medium medium-12 small-12 large-3\"  >\n\t\t\t\t<div class=\"col-inner\"  >\n\t\t\t\n\t\t\t\n\n<div class=\"container section-title-container hide-for-medium\" ><h3 class=\"section-title section-title-bold\"><b aria-hidden=\"true\"><\/b><span class=\"section-title-main\" style=\"color:rgb(18, 109, 177);\">Szerel\u00e9si tev\u00e9kenys\u00e9g<\/span><b aria-hidden=\"true\"><\/b><\/h3><\/div>\n\n\n\t\t<\/div>\n\t\t\t\t\t<\/div>\n\n\t\n\n\t<div id=\"col-739927404\" class=\"col bw--drop_shadow medium-12 small-12 large-9\"  >\n\t\t\t\t<div class=\"col-inner text-left\"  >\n\t\t\t\n\t<div class=\"is-border\"\n\t\tstyle=\"border-color:rgb(18, 109, 177);border-width:2.5px 2.5px 2.5px 2.5px;\">\n\t<\/div>\n\t\t\t\n\n\t<div id=\"text-274559303\" class=\"text\">\n\t\t\n\n<ul style=\"list-style-type: square;\">\n<li>v\u00edzvezet\u00e9k-, ill. csatornarendszer eloszt\u00f3k jav\u00edt\u00e1sa<\/li>\n<li>v\u00edzvezet\u00e9k-, ill. csatornarendszerek szerel\u00e9se<\/li>\n<li>csatlakoz\u00f3k szerel\u00e9se<\/li>\n<li>v\u00edz\u00f3r\u00e1k szerel\u00e9se, cser\u00e9je<\/li>\n<li>f\u00f6ldalatti vezet\u00e9kek kim\u00e9r\u00e9se koller\u00e1ci\u00f3s technik\u00e1val<\/li>\n<li>hibakeres\u00e9s a h\u00e1l\u00f3zatokon<\/li>\n<li>rejtett hib\u00e1k keres\u00e9se<\/li>\n<li>h\u00e1zi szennyv\u00edzcsatlakoz\u00f3k megfigyel\u00e9se \u00e9s tiszt\u00edt\u00e1sa<\/li>\n<li>szennyv\u00edzh\u00e1l\u00f3zat tiszt\u00edt\u00e1sa<\/li>\n<li>es\u0151v\u00edzelvezet\u0151k tiszt\u00edt\u00e1sa<\/li>\n<li>szennyv\u00edztart\u00e1lyokb\u00f3l sz\u00e1rmaz\u00f3 hullad\u00e9k elt\u00e1vol\u00edt\u00e1sa \u00e9s \u00e1rtalmatlan\u00edt\u00e1sa<\/li>\n<\/ul>\n<h3>A Kom\u00e1rom, Kava, Izsa, Dunaradv\u00e1ny, Gyulamajor, Dunamocs, Marcelh\u00e1za, Mudro\u0148ovo, Madar, Megyercs, Viol\u00edn, Csall\u00f3k\u00f6zaranyos, \u00d6rs\u00fajfalu, Nemes\u00f3csa, Ekel, Tany, Csics\u00f3 \u00e9s F\u00fcss v\u00edzell\u00e1t\u00e1sa eset\u00e9n:<\/h3>\n<p>Marian Havran<br>Mobil: 00421 905 413 648<br>E-mail: <a>marian.havran@komvak.sk<\/a><\/p>\n<h3>Az al\u00e1bbi kanaliz\u00e1ci\u00f3k: Kom\u00e1rno, Izsa, Pat, Marcelh\u00e1za, Csall\u00f3k\u00f6zaranyos<\/h3>\n<p>Tibor Burgel<br>Mobil: 00421 905 413 825<br>E-mail: <a>tibor.burgel@komvak.sk<\/a><\/p>\n<h3>V\u00edz\u00f3r\u00e1k szerel\u00e9se, cser\u00e9je, leolvas\u00e1sa Kom\u00e1rom \u00e9s k\u00fclter\u00fcletei &#8211; \u0150rs\u00fajfalu, Kava, Gyulamajor, Cserh\u00e1t, Szent P\u00e1l:<\/h3>\n<p>Jozef Vincze<br>Mobil: 00421 907 674 133<br>E-mail: <a>jozef.vincze@komvak.sk<\/a><\/p>\n\t\t\n<style>\n#text-274559303 {\n  text-align: left;\n}\n<\/style>\n\t<\/div>\n\t\n\n\t\t<\/div>\n\t\t\t\t\n<style>\n#col-739927404 > .col-inner {\n  padding: 30px 30px 30px 30px;\n}\n<\/style>\n\t<\/div>\n\n\t\n\n<\/div>\n\t<div id=\"gap-1851063973\" class=\"gap-element clearfix\" style=\"display:block; height:auto;\">\n\t\t\n<style>\n#gap-1851063973 {\n  padding-top: 60px;\n}\n<\/style>\n\t<\/div>\n\t\n\n\n","protected":false},"excerpt":{"rendered":"","protected":false},"author":1,"featured_media":0,"parent":3823,"menu_order":0,"comment_status":"closed","ping_status":"closed","template":"","meta":{"footnotes":""},"class_list":["post-3767","page","type-page","status-publish","hentry"],"yoast_head":"<!-- This site is optimized with the Yoast SEO plugin v27.5 - https:\/\/yoast.com\/product\/yoast-seo-wordpress\/ -->\n<title>Szerel\u00e9si tev\u00e9kenys\u00e9g &#8226; KOMVak<\/title>\n<meta name=\"robots\" content=\"index, follow, max-snippet:-1, max-image-preview:large, max-video-preview:-1\" \/>\n<link rel=\"canonical\" href=\"https:\/\/komvak.sk\/hu\/szolgaltatasok\/szerelesi-tevekenyseg\/\" \/>\n<meta property=\"og:locale\" content=\"hu_HU\" \/>\n<meta property=\"og:type\" content=\"article\" \/>\n<meta property=\"og:title\" content=\"Szerel\u00e9si tev\u00e9kenys\u00e9g &#8226; KOMVak\" \/>\n<meta property=\"og:url\" content=\"https:\/\/komvak.sk\/hu\/szolgaltatasok\/szerelesi-tevekenyseg\/\" \/>\n<meta property=\"og:site_name\" content=\"KOMVak\" \/>\n<meta property=\"article:publisher\" content=\"https:\/\/www.facebook.com\/KOMVaKKomarno\" \/>\n<meta property=\"article:modified_time\" content=\"2022-07-11T11:04:59+00:00\" \/>\n<meta name=\"twitter:card\" content=\"summary_large_image\" \/>\n<meta name=\"twitter:label1\" content=\"Becs\u00fclt olvas\u00e1si id\u0151\" \/>\n\t<meta name=\"twitter:data1\" content=\"1 perc\" \/>\n<script type=\"application\/ld+json\" class=\"yoast-schema-graph\">{\"@context\":\"https:\\\/\\\/schema.org\",\"@graph\":[{\"@type\":\"WebPage\",\"@id\":\"https:\\\/\\\/komvak.sk\\\/hu\\\/szolgaltatasok\\\/szerelesi-tevekenyseg\\\/\",\"url\":\"https:\\\/\\\/komvak.sk\\\/hu\\\/szolgaltatasok\\\/szerelesi-tevekenyseg\\\/\",\"name\":\"Szerel\u00e9si tev\u00e9kenys\u00e9g &#8226; KOMVak\",\"isPartOf\":{\"@id\":\"https:\\\/\\\/komvak.sk\\\/hu\\\/#website\"},\"datePublished\":\"2022-03-25T07:24:52+00:00\",\"dateModified\":\"2022-07-11T11:04:59+00:00\",\"breadcrumb\":{\"@id\":\"https:\\\/\\\/komvak.sk\\\/hu\\\/szolgaltatasok\\\/szerelesi-tevekenyseg\\\/#breadcrumb\"},\"inLanguage\":\"hu\",\"potentialAction\":[{\"@type\":\"ReadAction\",\"target\":[\"https:\\\/\\\/komvak.sk\\\/hu\\\/szolgaltatasok\\\/szerelesi-tevekenyseg\\\/\"]}]},{\"@type\":\"BreadcrumbList\",\"@id\":\"https:\\\/\\\/komvak.sk\\\/hu\\\/szolgaltatasok\\\/szerelesi-tevekenyseg\\\/#breadcrumb\",\"itemListElement\":[{\"@type\":\"ListItem\",\"position\":1,\"name\":\"Home\",\"item\":\"https:\\\/\\\/komvak.sk\\\/hu\\\/\"},{\"@type\":\"ListItem\",\"position\":2,\"name\":\"Szolg\u00e1ltat\u00e1sok\",\"item\":\"https:\\\/\\\/komvak.sk\\\/hu\\\/sluzby\\\/\"},{\"@type\":\"ListItem\",\"position\":3,\"name\":\"Szerel\u00e9si tev\u00e9kenys\u00e9g\"}]},{\"@type\":\"WebSite\",\"@id\":\"https:\\\/\\\/komvak.sk\\\/hu\\\/#website\",\"url\":\"https:\\\/\\\/komvak.sk\\\/hu\\\/\",\"name\":\"KOMVak\",\"description\":\"Vod\u00e1rne a kanaliz\u00e1cie mesta Kom\u00e1rna, a.s.\",\"publisher\":{\"@id\":\"https:\\\/\\\/komvak.sk\\\/hu\\\/#organization\"},\"potentialAction\":[{\"@type\":\"SearchAction\",\"target\":{\"@type\":\"EntryPoint\",\"urlTemplate\":\"https:\\\/\\\/komvak.sk\\\/hu\\\/?s={search_term_string}\"},\"query-input\":{\"@type\":\"PropertyValueSpecification\",\"valueRequired\":true,\"valueName\":\"search_term_string\"}}],\"inLanguage\":\"hu\"},{\"@type\":\"Organization\",\"@id\":\"https:\\\/\\\/komvak.sk\\\/hu\\\/#organization\",\"name\":\"KOMVaK - Vod\u00e1rne a kanaliz\u00e1cie mesta Kom\u00e1rna, a.s.\",\"url\":\"https:\\\/\\\/komvak.sk\\\/hu\\\/\",\"logo\":{\"@type\":\"ImageObject\",\"inLanguage\":\"hu\",\"@id\":\"https:\\\/\\\/komvak.sk\\\/hu\\\/#\\\/schema\\\/logo\\\/image\\\/\",\"url\":\"https:\\\/\\\/komvak.sk\\\/wp-content\\\/uploads\\\/KOMVak_logo.png\",\"contentUrl\":\"https:\\\/\\\/komvak.sk\\\/wp-content\\\/uploads\\\/KOMVak_logo.png\",\"width\":948,\"height\":619,\"caption\":\"KOMVaK - Vod\u00e1rne a kanaliz\u00e1cie mesta Kom\u00e1rna, a.s.\"},\"image\":{\"@id\":\"https:\\\/\\\/komvak.sk\\\/hu\\\/#\\\/schema\\\/logo\\\/image\\\/\"},\"sameAs\":[\"https:\\\/\\\/www.facebook.com\\\/KOMVaKKomarno\"]}]}<\/script>\n<!-- \/ Yoast SEO plugin. -->","yoast_head_json":{"title":"Szerel\u00e9si tev\u00e9kenys\u00e9g &#8226; KOMVak","robots":{"index":"index","follow":"follow","max-snippet":"max-snippet:-1","max-image-preview":"max-image-preview:large","max-video-preview":"max-video-preview:-1"},"canonical":"https:\/\/komvak.sk\/hu\/szolgaltatasok\/szerelesi-tevekenyseg\/","og_locale":"hu_HU","og_type":"article","og_title":"Szerel\u00e9si tev\u00e9kenys\u00e9g &#8226; KOMVak","og_url":"https:\/\/komvak.sk\/hu\/szolgaltatasok\/szerelesi-tevekenyseg\/","og_site_name":"KOMVak","article_publisher":"https:\/\/www.facebook.com\/KOMVaKKomarno","article_modified_time":"2022-07-11T11:04:59+00:00","twitter_card":"summary_large_image","twitter_misc":{"Becs\u00fclt olvas\u00e1si id\u0151":"1 perc"},"schema":{"@context":"https:\/\/schema.org","@graph":[{"@type":"WebPage","@id":"https:\/\/komvak.sk\/hu\/szolgaltatasok\/szerelesi-tevekenyseg\/","url":"https:\/\/komvak.sk\/hu\/szolgaltatasok\/szerelesi-tevekenyseg\/","name":"Szerel\u00e9si tev\u00e9kenys\u00e9g &#8226; KOMVak","isPartOf":{"@id":"https:\/\/komvak.sk\/hu\/#website"},"datePublished":"2022-03-25T07:24:52+00:00","dateModified":"2022-07-11T11:04:59+00:00","breadcrumb":{"@id":"https:\/\/komvak.sk\/hu\/szolgaltatasok\/szerelesi-tevekenyseg\/#breadcrumb"},"inLanguage":"hu","potentialAction":[{"@type":"ReadAction","target":["https:\/\/komvak.sk\/hu\/szolgaltatasok\/szerelesi-tevekenyseg\/"]}]},{"@type":"BreadcrumbList","@id":"https:\/\/komvak.sk\/hu\/szolgaltatasok\/szerelesi-tevekenyseg\/#breadcrumb","itemListElement":[{"@type":"ListItem","position":1,"name":"Home","item":"https:\/\/komvak.sk\/hu\/"},{"@type":"ListItem","position":2,"name":"Szolg\u00e1ltat\u00e1sok","item":"https:\/\/komvak.sk\/hu\/sluzby\/"},{"@type":"ListItem","position":3,"name":"Szerel\u00e9si tev\u00e9kenys\u00e9g"}]},{"@type":"WebSite","@id":"https:\/\/komvak.sk\/hu\/#website","url":"https:\/\/komvak.sk\/hu\/","name":"KOMVak","description":"Vod\u00e1rne a kanaliz\u00e1cie mesta Kom\u00e1rna, a.s.","publisher":{"@id":"https:\/\/komvak.sk\/hu\/#organization"},"potentialAction":[{"@type":"SearchAction","target":{"@type":"EntryPoint","urlTemplate":"https:\/\/komvak.sk\/hu\/?s={search_term_string}"},"query-input":{"@type":"PropertyValueSpecification","valueRequired":true,"valueName":"search_term_string"}}],"inLanguage":"hu"},{"@type":"Organization","@id":"https:\/\/komvak.sk\/hu\/#organization","name":"KOMVaK - Vod\u00e1rne a kanaliz\u00e1cie mesta Kom\u00e1rna, a.s.","url":"https:\/\/komvak.sk\/hu\/","logo":{"@type":"ImageObject","inLanguage":"hu","@id":"https:\/\/komvak.sk\/hu\/#\/schema\/logo\/image\/","url":"https:\/\/komvak.sk\/wp-content\/uploads\/KOMVak_logo.png","contentUrl":"https:\/\/komvak.sk\/wp-content\/uploads\/KOMVak_logo.png","width":948,"height":619,"caption":"KOMVaK - Vod\u00e1rne a kanaliz\u00e1cie mesta Kom\u00e1rna, a.s."},"image":{"@id":"https:\/\/komvak.sk\/hu\/#\/schema\/logo\/image\/"},"sameAs":["https:\/\/www.facebook.com\/KOMVaKKomarno"]}]}},"_links":{"self":[{"href":"https:\/\/komvak.sk\/hu\/wp-json\/wp\/v2\/pages\/3767","targetHints":{"allow":["GET"]}}],"collection":[{"href":"https:\/\/komvak.sk\/hu\/wp-json\/wp\/v2\/pages"}],"about":[{"href":"https:\/\/komvak.sk\/hu\/wp-json\/wp\/v2\/types\/page"}],"author":[{"embeddable":true,"href":"https:\/\/komvak.sk\/hu\/wp-json\/wp\/v2\/users\/1"}],"replies":[{"embeddable":true,"href":"https:\/\/komvak.sk\/hu\/wp-json\/wp\/v2\/comments?post=3767"}],"version-history":[{"count":0,"href":"https:\/\/komvak.sk\/hu\/wp-json\/wp\/v2\/pages\/3767\/revisions"}],"up":[{"embeddable":true,"href":"https:\/\/komvak.sk\/hu\/wp-json\/wp\/v2\/pages\/3823"}],"wp:attachment":[{"href":"https:\/\/komvak.sk\/hu\/wp-json\/wp\/v2\/media?parent=3767"}],"curies":[{"name":"wp","href":"https:\/\/api.w.org\/{rel}","templated":true}]}}