{"id":3771,"date":"2022-03-25T09:56:54","date_gmt":"2022-03-25T08:56:54","guid":{"rendered":"https:\/\/komvak.buges.sk\/tavleolvasas\/"},"modified":"2023-10-25T09:39:29","modified_gmt":"2023-10-25T07:39:29","slug":"tavleolvasas","status":"publish","type":"page","link":"https:\/\/komvak.sk\/hu\/szolgaltatasok\/tavleolvasas\/","title":{"rendered":"T\u00e1vleolvas\u00e1s"},"content":{"rendered":"\n<div class=\"row row-collapse\"  id=\"row-2085377508\">\n\n\n\t<div id=\"col-1848157582\" class=\"col show-for-medium medium-12 small-12 large-12\"  >\n\t\t\t\t<div class=\"col-inner\"  >\n\t\t\t\n\t\t\t\n\n<div class=\"container section-title-container\" ><h3 class=\"section-title section-title-bold-center\"><b aria-hidden=\"true\"><\/b><span class=\"section-title-main\" style=\"color:rgb(18, 109, 177);\">T\u00e1vleolvas\u00e1s<\/span><b aria-hidden=\"true\"><\/b><\/h3><\/div>\n\n\n\t\t<\/div>\n\t\t\t\t\t<\/div>\n\n\t\n\n\t<div id=\"col-754176059\" class=\"col is-sticky-column medium-12 small-12 large-3\"  >\n\t\t\t\t<div class=\"col-inner\"  >\n\t\t\t\n\t\t\t\n\n<div class=\"container section-title-container hide-for-medium\" ><h3 class=\"section-title section-title-bold\"><b aria-hidden=\"true\"><\/b><span class=\"section-title-main\" style=\"color:rgb(18, 109, 177);\">T\u00e1vleolvas\u00e1s<\/span><b aria-hidden=\"true\"><\/b><\/h3><\/div>\n\n\n\t\t<\/div>\n\t\t\t\t\t<\/div>\n\n\t\n\n\t<div id=\"col-25974556\" class=\"col bw--drop_shadow medium-12 small-12 large-9\"  >\n\t\t\t\t<div class=\"col-inner text-left\"  >\n\t\t\t\n\t<div class=\"is-border\"\n\t\tstyle=\"border-width:2.5px 2.5px 2.5px 2.5px;\">\n\t<\/div>\n\t\t\t\n\n<div class=\"row row-collapse\"  id=\"row-977885525\">\n\n\n\t<div id=\"col-1772654544\" class=\"col small-12 large-12\"  >\n\t\t\t\t<div class=\"col-inner text-left\"  >\n\t\t\t\n\t<div class=\"is-border\"\n\t\tstyle=\"border-color:rgb(18, 109, 177);border-width:2.5px 2.5px 2.5px 2.5px;\">\n\t<\/div>\n\t\t\t\n\n\t<div id=\"text-3473563522\" class=\"text\">\n\t\t\n\n<h3>R\u00e1di\u00f3s t\u00e1vvez\u00e9rl\u00e9s\u0171 v\u00edz\u00f3ra-leolvas\u00e1si rendszer &#8211; HYDRORADIO<\/h3>\n<p>A r\u00e1di\u00f3s t\u00e1vvez\u00e9rl\u00e9s\u0171 v\u00edz\u00f3ra-leolvas\u00e1si rendszer \u00faj m\u00f3dszer a v\u00edzm\u0171vek munk\u00e1j\u00e1nak korszer\u0171s\u00edt\u00e9s\u00e9re. Ez a m\u00f3dszer nagyban hozz\u00e1j\u00e1rul a v\u00edz\u00f3ra &#8211; leolvas\u00e1s k\u00f6lts\u00e9geinek cs\u00f6kkent\u00e9s\u00e9hez, lehet\u0151s\u00e9g ny\u00edlik a felhaszn\u00e1lt v\u00edzmennyis\u00e9g pontos \u00e9s gyors leolvas\u00e1s\u00e1ra, a m\u00e9r\u0151 egy meghat\u00e1rozott id\u0151pontban t\u00f6rt\u00e9n\u0151 leolvas\u00e1s\u00e1ra, az emberi t\u00e9nyez\u0151 kiiktat\u00e1s\u00e1ra, ill. a sz\u00e1ml\u00e1z\u00e1s gyorsabb\u00e1 t\u00e9tel\u00e9re. A leolvas\u00e1s ezen modern ir\u00e1nyzat\u00e1t v\u00edzell\u00e1t\u00e1s ter\u00fclet\u00e9n Nyugat -Eur\u00f3pa sz\u00e1mtalan \u00e1llam\u00e1ban bevezett\u00e9k, s bizonyos felt\u00e9telek mellett m\u00e1r n\u00e1lunk, a KOMVak &#8211; Vod\u00e1rne a kanaliz\u00e1cie mesta Kom\u00e1rno, a.s. \/Kom\u00e1rom v\u00e1ros\u00e1nak v\u00edz- \u00e9s csatorn\u00e1z\u00e1si m\u0171ve r.t.\/ t\u00e1rsas\u00e1gn\u00e1l is. Az eg\u00e9sz rendszer l\u00e9nyege abban rejlik, hogy a m\u00e9r\u0151eszk\u00f6zt impulzus\u00e9rz\u00e9kel\u0151vel, ill. m\u00e9r\u0151\u00e1talak\u00edt\u00f3val \u00e9s miniat\u0171r ad\u00f3val, ill. a leolvas\u00e1si oldalon r\u00e1di\u00f3vev\u0151h\u00f6z csatlakoztatott hordozhat\u00f3 k\u00e9zi sz\u00e1ml\u00e1l\u00f3val l\u00e1tj\u00e1k el.<\/p>\n<h3>A hagyom\u00e1nyos leolvas\u00e1s rendelkezik n\u00e9h\u00e1ny gyenge ponttal:<\/h3>\n<ul style=\"list-style-type: square;\">\n<li>A v\u00edzm\u0171vek mindegyike tal\u00e1lkozik a v\u00edz\u00f3r\u00e1k hozz\u00e1f\u00e9rhezt\u0151s\u00e9g\u00e9nek probl\u00e9m\u00e1j\u00e1val. Ez\u00e9rt a leolvas\u00e1s eg\u00e9sz folyamata hosszadalmas, \u00e9s n\u00e9ha bizony kivitelezhetetlen. Ilyen esetben a v\u00edzm\u0171vek &#8211; a sz\u00e1ml\u00e1z\u00e1st megel\u0151z\u0151en &#8211; a fogyaszt\u00e1st egyr\u00e9szt becsl\u00e9ssel \u00e1llap\u00edtj\u00e1k meg (az el\u0151z\u0151 id\u0151szakok \u00e1tlagfogyaszt\u00e1s\u00e1t v\u00e9ve alapul), m\u00e1sr\u00e9szt a fogyaszt\u00f3k \u00e1ltal megadott adatokat vehetik alapul. Az els\u0151 esetben fenn\u00e1ll a pontatlans\u00e1g es\u00e9lye. Az ut\u00f3bbi id\u0151szakban hasonl\u00f3 probl\u00e9m\u00e1kkal kellett megk\u00fczdeni a luxus lak\u00f3negyedekben, ahol jellemz\u0151 mag\u00e1nszf\u00e9ra fokozott v\u00e9delme, ill. azon int\u00e9zm\u00e9nyekben, ahol a szem\u00e9lyek behat\u00e1rolt mozg\u00e1st\u00e9rrel rendelkeznek &#8211; pld. a p\u00e9nzint\u00e9zm\u00e9nyekben.<\/li>\n<li>A k\u00e9zi \/hagyom\u00e1nyos m\u00f3don t\u00f6rt\u00e9n\u0151\/ leolvas\u00e1s eset\u00e9ben fenn\u00e1ll az emberi t\u00e9ved\u00e9s es\u00e9lye, legyen az sz\u00e1nd\u00e9kos, vagy ak\u00e1r v\u00e9letlen. Ez azt\u00e1n gondot okozhat a v\u00edz-, ill. csatornad\u00edjak megt\u00e9r\u00edt\u00e9se sor\u00e1n, gyakran ak\u00e1r b\u00edr\u00f3s\u00e1gi perhez is vezethet.<\/li>\n<li>F\u0151leg az \u00e1rv\u00e1ltoz\u00e1s eset\u00e9n okoz gondot a v\u00edz\u00f3r\u00e1k meghat\u00e1rozott id\u0151pontban v\u00e9ghezvitt leolvas\u00e1sa. Ilyen esetekben a leolvas\u00e1s lebonyol\u00edt\u00e1s\u00e1ra a v\u00edzm\u0171vek t\u00f6bb munkav\u00e1llal\u00f3t alkalmaznak, ami a munkaer\u0151 &#8211; k\u00f6lts\u00e9gek emelked\u00e9s\u00e9t vonja maga ut\u00e1n. A v\u00edz\u00f3r\u00e1k m\u00e9r\u0151m\u0171szeres leolvas\u00e1sa eset\u00e9n lehet\u0151s\u00e9g ny\u00edlik a v\u00edz\u00f3r\u00e1k meghat\u00e1rozott id\u0151pontban t\u00f6rt\u00e9n\u0151 leolvas\u00e1s\u00e1ra, \u00e9s a munkav\u00e1llal\u00f3k sz\u00e1ma az eredeti sz\u00e1mukhoz k\u00e9pest ak\u00e1r a negyed\u00e9re, ill. \u00f6t\u00f6d\u00e9re cs\u00f6kkenthet\u0151.<\/li>\n<li>Mivel az eg\u00e9sz folyamat az adatokba t\u00f6rt\u00e9n\u0151 emberi beavatkoz\u00e1s n\u00e9lk\u00fcl megy v\u00e9gbe, \u00edgy val\u00f3j\u00e1ban lehet\u0151s\u00e9g ny\u00edlik a v\u00edz-, ill csatornad\u00edjak azonnali kisz\u00e1ml\u00e1z\u00e1s\u00e1ra.<\/li>\n<\/ul>\n<p>Az eg\u00e9sz rendszer egy hardv\u00e9r, ill. egy szoftv\u00e9r r\u00e9szb\u0151l \u00e1ll.<\/p>\n\t\t\n<style>\n#text-3473563522 {\n  text-align: left;\n}\n<\/style>\n\t<\/div>\n\t\n\t<div id=\"text-1332992653\" class=\"text\">\n\t\t\n\n<h3>Hardver<\/h3>\n<p>Az eg\u00e9sz rendsze alapja a v\u00edz\u00f3ra, melyet el kell l\u00e1tni az adatok leolvas\u00e1s\u00e1nak lehet\u0151s\u00e9g\u00e9vel. Gyakorlatilag ez azt jelenti, hogy a v\u00edz\u00f3r\u00e1t felszerelt\u00e9k egy \u00fan. reed jelfog\u00f3val &#8211; ez az elj\u00e1r\u00e1s l\u00e9nyeg\u00e9ben a napjainkban haszn\u00e1latos v\u00edz\u00f3r\u00e1k minden t\u00edpus\u00e1n\u00e1l megoldhat\u00f3, legyen sz\u00f3 ak\u00e1r a lak\u00e1sokban, h\u00e1zakban felszerelt, ill. ak\u00e1r ipari v\u00edz\u00f3r\u00e1kr\u00f3l. A v\u00edz\u00f3r\u00e1r\u00f3l beolvasott jel a reed jelfog\u00f3 seg\u00edts\u00e9g\u00e9vel ker\u00fcl \u00e1tvezet\u00e9sre az ad\u00f3ba, ahol az adatok feldolgoz\u00e1sra, majd rendszeres id\u0151k\u00f6z\u00f6kben tov\u00e1bb\u00edtj\u00e1sra ker\u00fclnek. Az ad\u00e1s hat\u00f3t\u00e1vols\u00e1ga term\u00e9szetesen az adott k\u00f6rny\u00e9kt\u0151l f\u00fcgg, vagyis az ad\u00f3 elhelyez\u00e9s\u00e9t\u0151l, ami megk\u00f6zel\u00edt\u0151leg 400 m k\u00f6r\u00fcli hat\u00f3t\u00e1vols\u00e1got jelent. Az ad\u00f3 \u00e1ltal sug\u00e1rzott jelet egy r\u00e1di\u00f3vev\u0151 fogadja, melyhez egy PDA k\u00e9zi sz\u00e1ml\u00e1l\u00f3 kapcsol\u00f3dik. Itt t\u00e1rolj\u00e1k az \u00f6sszegy\u0171jt\u00f6tt adatokat. A PDA a v\u00edz\u00f3r\u00e1kon tal\u00e1lhat\u00f3 ad\u00f3k programoz\u00e1s\u00e1ra is szolg\u00e1l, ahol megt\u00f6rt\u00e9nik a sz\u00fcks\u00e9ges leolvasott \u00e9rt\u00e9kek, valamint a v\u00e9telez\u00e9si hely param\u00e9tereinek programoz\u00e1sa. A fenti folyamat csatlakoztathat\u00f3 optikai fej seg\u00edts\u00e9g\u00e9vel megy v\u00e9gbe.<\/p>\n\n\t\t\n<style>\n#text-1332992653 {\n  text-align: left;\n}\n<\/style>\n\t<\/div>\n\t\n\n  \n    <div class=\"row  lightbox-multi-gallery large-columns-2 medium-columns-2 small-columns-2\" >\n  <div class=\"gallery-col col\" >\n          <div class=\"col-inner\">\n            <a class=\"\" href=\"https:\/\/komvak.sk\/wp-content\/uploads\/rd01-1.png\" title=\"\">            <div class=\"box has-hover gallery-box box-overlay dark\">\n              <div class=\"box-image image-zoom image-cover\" style=\"width:70%;padding-top:200px;\">\n                <img loading=\"lazy\" decoding=\"async\" width=\"300\" height=\"300\" src=\"https:\/\/komvak.sk\/wp-content\/uploads\/rd01-1.png\" class=\"attachment-original size-original\" alt=\"\" ids=\"712,710\" lightbox_image_size=\"original\" columns=\"2\" columns__sm=\"2\" columns__md=\"2\" image_height=\"200px\" image_width=\"70\" image_size=\"original\" image_hover=\"zoom\" srcset=\"https:\/\/komvak.sk\/wp-content\/uploads\/rd01-1.png 300w, https:\/\/komvak.sk\/wp-content\/uploads\/rd01-1-150x150.png 150w\" sizes=\"auto, (max-width: 300px) 100vw, 300px\" \/>                                  <div class=\"overlay fill\"\n                      style=\"background-color: rgba(0,0,0,.15)\">\n                  <\/div>\n                                                              <\/div>\n              <div class=\"box-text text-left\" >\n                 <p><\/p>\n              <\/div>\n            <\/div>\n            <\/a>          <\/div>\n         <\/div><div class=\"gallery-col col\" >\n          <div class=\"col-inner\">\n            <a class=\"\" href=\"https:\/\/komvak.sk\/wp-content\/uploads\/HRI_2-1.jpeg\" title=\"\">            <div class=\"box has-hover gallery-box box-overlay dark\">\n              <div class=\"box-image image-zoom image-cover\" style=\"width:70%;padding-top:200px;\">\n                <img loading=\"lazy\" decoding=\"async\" width=\"567\" height=\"425\" src=\"https:\/\/komvak.sk\/wp-content\/uploads\/HRI_2-1.jpeg\" class=\"attachment-original size-original\" alt=\"\" ids=\"712,710\" lightbox_image_size=\"original\" columns=\"2\" columns__sm=\"2\" columns__md=\"2\" image_height=\"200px\" image_width=\"70\" image_size=\"original\" image_hover=\"zoom\" srcset=\"https:\/\/komvak.sk\/wp-content\/uploads\/HRI_2-1.jpeg 567w, https:\/\/komvak.sk\/wp-content\/uploads\/HRI_2-1-300x225.jpeg 300w\" sizes=\"auto, (max-width: 567px) 100vw, 567px\" \/>                                  <div class=\"overlay fill\"\n                      style=\"background-color: rgba(0,0,0,.15)\">\n                  <\/div>\n                                                              <\/div>\n              <div class=\"box-text text-left\" >\n                 <p><\/p>\n              <\/div>\n            <\/div>\n            <\/a>          <\/div>\n         <\/div><\/div>\n\n\t<div id=\"text-1130375208\" class=\"text\">\n\t\t\n\n<h3>Szoftver<\/h3>\n<p>A PDA-ban tal\u00e1lhat\u00f3 aplik\u00e1ci\u00f3s sw a vev\u0151k\u00e9sz\u00fcl\u00e9k kommunik\u00e1ci\u00f3j\u00e1t\/t\u00e1vk\u00f6zl\u00e9s\u00e9t ir\u00e1ny\u00edtja, a leolvas\u00e1st v\u00e9gz\u0151 szem\u00e9lyt egy megadott \u00fatvonalon vezeti, \u00e1ttekint\u00e9st ny\u00fajt az elv\u00e9gzett leolvas\u00e1sr\u00f3l, valamint lehet\u0151s\u00e9get ny\u00fajt akt\u00edv \u00e9szrev\u00e9telek bejegyz\u00e9s\u00e9re. A rendszer el\u0151nye, hogy a k\u00e9zi leolvas\u00e1sr\u00f3l tetsz\u00e9s szerint \u00e1t lehet v\u00e1ltani az automatikus (r\u00e1di\u00f3s) leolvas\u00e1sra. Az aplik\u00e1ci\u00f3s sw \u00e1tveszi, majd k\u00f6zvetlen\u00fcl tov\u00e1bb\u00edtja az adatokat a sz\u00e1ml\u00e1z\u00f3 programba.<\/p>\n\n\t\t\n<style>\n#text-1130375208 {\n  text-align: left;\n}\n<\/style>\n\t<\/div>\n\t\n\n  \n    <div class=\"row  lightbox-multi-gallery large-columns-2 medium-columns-2 small-columns-2\" >\n  <div class=\"gallery-col col\" >\n          <div class=\"col-inner\">\n            <a class=\"\" href=\"https:\/\/komvak.sk\/wp-content\/uploads\/psion.jpeg\" title=\"\">            <div class=\"box has-hover gallery-box box-none\">\n              <div class=\"box-image image-zoom image-cover\" style=\"width:70%;padding-top:200px;\">\n                <img loading=\"lazy\" decoding=\"async\" width=\"289\" height=\"500\" src=\"https:\/\/komvak.sk\/wp-content\/uploads\/psion.jpeg\" class=\"attachment-original size-original\" alt=\"\" ids=\"703,697\" style=\"none\" lightbox_image_size=\"original\" columns=\"2\" columns__sm=\"2\" columns__md=\"2\" image_height=\"200px\" image_width=\"70\" image_size=\"original\" image_hover=\"zoom\" srcset=\"https:\/\/komvak.sk\/wp-content\/uploads\/psion.jpeg 289w, https:\/\/komvak.sk\/wp-content\/uploads\/psion-173x300.jpeg 173w\" sizes=\"auto, (max-width: 289px) 100vw, 289px\" \/>                                                              <\/div>\n              <div class=\"box-text text-left\" >\n                 <p><\/p>\n              <\/div>\n            <\/div>\n            <\/a>          <\/div>\n         <\/div><div class=\"gallery-col col\" >\n          <div class=\"col-inner\">\n            <a class=\"\" href=\"https:\/\/komvak.sk\/wp-content\/uploads\/vodomer_radio_b.jpeg\" title=\"\">            <div class=\"box has-hover gallery-box box-none\">\n              <div class=\"box-image image-zoom image-cover\" style=\"width:70%;padding-top:200px;\">\n                <img loading=\"lazy\" decoding=\"async\" width=\"450\" height=\"338\" src=\"https:\/\/komvak.sk\/wp-content\/uploads\/vodomer_radio_b.jpeg\" class=\"attachment-original size-original\" alt=\"\" ids=\"703,697\" style=\"none\" lightbox_image_size=\"original\" columns=\"2\" columns__sm=\"2\" columns__md=\"2\" image_height=\"200px\" image_width=\"70\" image_size=\"original\" image_hover=\"zoom\" srcset=\"https:\/\/komvak.sk\/wp-content\/uploads\/vodomer_radio_b.jpeg 450w, https:\/\/komvak.sk\/wp-content\/uploads\/vodomer_radio_b-300x225.jpeg 300w\" sizes=\"auto, (max-width: 450px) 100vw, 450px\" \/>                                                              <\/div>\n              <div class=\"box-text text-left\" >\n                 <p><\/p>\n              <\/div>\n            <\/div>\n            <\/a>          <\/div>\n         <\/div><\/div>\n\n\n\t\t<\/div>\n\t\t\t\t\n<style>\n#col-1772654544 > .col-inner {\n  padding: 30px 30px 30px 30px;\n}\n<\/style>\n\t<\/div>\n\n\t\n\n<\/div>\n\n\t\t<\/div>\n\t\t\t\t\t<\/div>\n\n\t\n\n\n<style>\n#row-2085377508 > .col > .col-inner {\n  padding: 0px 0px 0px 0px;\n}\n<\/style>\n<\/div>\n\t<div id=\"gap-212637109\" class=\"gap-element clearfix\" style=\"display:block; height:auto;\">\n\t\t\n<style>\n#gap-212637109 {\n  padding-top: 60px;\n}\n<\/style>\n\t<\/div>\n\t\n\n\n","protected":false},"excerpt":{"rendered":"","protected":false},"author":1,"featured_media":0,"parent":3823,"menu_order":0,"comment_status":"closed","ping_status":"closed","template":"","meta":{"footnotes":""},"class_list":["post-3771","page","type-page","status-publish","hentry"],"yoast_head":"<!-- This site is optimized with the Yoast SEO plugin v27.3 - https:\/\/yoast.com\/product\/yoast-seo-wordpress\/ -->\n<title>T\u00e1vleolvas\u00e1s &#8226; KOMVak<\/title>\n<meta name=\"robots\" content=\"index, follow, max-snippet:-1, max-image-preview:large, max-video-preview:-1\" \/>\n<link rel=\"canonical\" href=\"https:\/\/komvak.sk\/hu\/szolgaltatasok\/tavleolvasas\/\" \/>\n<meta property=\"og:locale\" content=\"hu_HU\" \/>\n<meta property=\"og:type\" content=\"article\" \/>\n<meta property=\"og:title\" content=\"T\u00e1vleolvas\u00e1s &#8226; KOMVak\" \/>\n<meta property=\"og:url\" content=\"https:\/\/komvak.sk\/hu\/szolgaltatasok\/tavleolvasas\/\" \/>\n<meta property=\"og:site_name\" content=\"KOMVak\" \/>\n<meta property=\"article:publisher\" content=\"https:\/\/www.facebook.com\/KOMVaKKomarno\" \/>\n<meta property=\"article:modified_time\" content=\"2023-10-25T07:39:29+00:00\" \/>\n<meta name=\"twitter:card\" content=\"summary_large_image\" \/>\n<meta name=\"twitter:label1\" content=\"Becs\u00fclt olvas\u00e1si id\u0151\" \/>\n\t<meta name=\"twitter:data1\" content=\"6 perc\" \/>\n<script type=\"application\/ld+json\" class=\"yoast-schema-graph\">{\"@context\":\"https:\\\/\\\/schema.org\",\"@graph\":[{\"@type\":\"WebPage\",\"@id\":\"https:\\\/\\\/komvak.sk\\\/hu\\\/szolgaltatasok\\\/tavleolvasas\\\/\",\"url\":\"https:\\\/\\\/komvak.sk\\\/hu\\\/szolgaltatasok\\\/tavleolvasas\\\/\",\"name\":\"T\u00e1vleolvas\u00e1s &#8226; KOMVak\",\"isPartOf\":{\"@id\":\"https:\\\/\\\/komvak.sk\\\/hu\\\/#website\"},\"datePublished\":\"2022-03-25T08:56:54+00:00\",\"dateModified\":\"2023-10-25T07:39:29+00:00\",\"breadcrumb\":{\"@id\":\"https:\\\/\\\/komvak.sk\\\/hu\\\/szolgaltatasok\\\/tavleolvasas\\\/#breadcrumb\"},\"inLanguage\":\"hu\",\"potentialAction\":[{\"@type\":\"ReadAction\",\"target\":[\"https:\\\/\\\/komvak.sk\\\/hu\\\/szolgaltatasok\\\/tavleolvasas\\\/\"]}]},{\"@type\":\"BreadcrumbList\",\"@id\":\"https:\\\/\\\/komvak.sk\\\/hu\\\/szolgaltatasok\\\/tavleolvasas\\\/#breadcrumb\",\"itemListElement\":[{\"@type\":\"ListItem\",\"position\":1,\"name\":\"Home\",\"item\":\"https:\\\/\\\/komvak.sk\\\/hu\\\/\"},{\"@type\":\"ListItem\",\"position\":2,\"name\":\"Szolg\u00e1ltat\u00e1sok\",\"item\":\"https:\\\/\\\/komvak.sk\\\/hu\\\/sluzby\\\/\"},{\"@type\":\"ListItem\",\"position\":3,\"name\":\"T\u00e1vleolvas\u00e1s\"}]},{\"@type\":\"WebSite\",\"@id\":\"https:\\\/\\\/komvak.sk\\\/hu\\\/#website\",\"url\":\"https:\\\/\\\/komvak.sk\\\/hu\\\/\",\"name\":\"KOMVak\",\"description\":\"Vod\u00e1rne a kanaliz\u00e1cie mesta Kom\u00e1rna, a.s.\",\"publisher\":{\"@id\":\"https:\\\/\\\/komvak.sk\\\/hu\\\/#organization\"},\"potentialAction\":[{\"@type\":\"SearchAction\",\"target\":{\"@type\":\"EntryPoint\",\"urlTemplate\":\"https:\\\/\\\/komvak.sk\\\/hu\\\/?s={search_term_string}\"},\"query-input\":{\"@type\":\"PropertyValueSpecification\",\"valueRequired\":true,\"valueName\":\"search_term_string\"}}],\"inLanguage\":\"hu\"},{\"@type\":\"Organization\",\"@id\":\"https:\\\/\\\/komvak.sk\\\/hu\\\/#organization\",\"name\":\"KOMVaK - Vod\u00e1rne a kanaliz\u00e1cie mesta Kom\u00e1rna, a.s.\",\"url\":\"https:\\\/\\\/komvak.sk\\\/hu\\\/\",\"logo\":{\"@type\":\"ImageObject\",\"inLanguage\":\"hu\",\"@id\":\"https:\\\/\\\/komvak.sk\\\/hu\\\/#\\\/schema\\\/logo\\\/image\\\/\",\"url\":\"https:\\\/\\\/komvak.sk\\\/wp-content\\\/uploads\\\/KOMVak_logo.png\",\"contentUrl\":\"https:\\\/\\\/komvak.sk\\\/wp-content\\\/uploads\\\/KOMVak_logo.png\",\"width\":948,\"height\":619,\"caption\":\"KOMVaK - Vod\u00e1rne a kanaliz\u00e1cie mesta Kom\u00e1rna, a.s.\"},\"image\":{\"@id\":\"https:\\\/\\\/komvak.sk\\\/hu\\\/#\\\/schema\\\/logo\\\/image\\\/\"},\"sameAs\":[\"https:\\\/\\\/www.facebook.com\\\/KOMVaKKomarno\"]}]}<\/script>\n<!-- \/ Yoast SEO plugin. -->","yoast_head_json":{"title":"T\u00e1vleolvas\u00e1s &#8226; KOMVak","robots":{"index":"index","follow":"follow","max-snippet":"max-snippet:-1","max-image-preview":"max-image-preview:large","max-video-preview":"max-video-preview:-1"},"canonical":"https:\/\/komvak.sk\/hu\/szolgaltatasok\/tavleolvasas\/","og_locale":"hu_HU","og_type":"article","og_title":"T\u00e1vleolvas\u00e1s &#8226; KOMVak","og_url":"https:\/\/komvak.sk\/hu\/szolgaltatasok\/tavleolvasas\/","og_site_name":"KOMVak","article_publisher":"https:\/\/www.facebook.com\/KOMVaKKomarno","article_modified_time":"2023-10-25T07:39:29+00:00","twitter_card":"summary_large_image","twitter_misc":{"Becs\u00fclt olvas\u00e1si id\u0151":"6 perc"},"schema":{"@context":"https:\/\/schema.org","@graph":[{"@type":"WebPage","@id":"https:\/\/komvak.sk\/hu\/szolgaltatasok\/tavleolvasas\/","url":"https:\/\/komvak.sk\/hu\/szolgaltatasok\/tavleolvasas\/","name":"T\u00e1vleolvas\u00e1s &#8226; KOMVak","isPartOf":{"@id":"https:\/\/komvak.sk\/hu\/#website"},"datePublished":"2022-03-25T08:56:54+00:00","dateModified":"2023-10-25T07:39:29+00:00","breadcrumb":{"@id":"https:\/\/komvak.sk\/hu\/szolgaltatasok\/tavleolvasas\/#breadcrumb"},"inLanguage":"hu","potentialAction":[{"@type":"ReadAction","target":["https:\/\/komvak.sk\/hu\/szolgaltatasok\/tavleolvasas\/"]}]},{"@type":"BreadcrumbList","@id":"https:\/\/komvak.sk\/hu\/szolgaltatasok\/tavleolvasas\/#breadcrumb","itemListElement":[{"@type":"ListItem","position":1,"name":"Home","item":"https:\/\/komvak.sk\/hu\/"},{"@type":"ListItem","position":2,"name":"Szolg\u00e1ltat\u00e1sok","item":"https:\/\/komvak.sk\/hu\/sluzby\/"},{"@type":"ListItem","position":3,"name":"T\u00e1vleolvas\u00e1s"}]},{"@type":"WebSite","@id":"https:\/\/komvak.sk\/hu\/#website","url":"https:\/\/komvak.sk\/hu\/","name":"KOMVak","description":"Vod\u00e1rne a kanaliz\u00e1cie mesta Kom\u00e1rna, a.s.","publisher":{"@id":"https:\/\/komvak.sk\/hu\/#organization"},"potentialAction":[{"@type":"SearchAction","target":{"@type":"EntryPoint","urlTemplate":"https:\/\/komvak.sk\/hu\/?s={search_term_string}"},"query-input":{"@type":"PropertyValueSpecification","valueRequired":true,"valueName":"search_term_string"}}],"inLanguage":"hu"},{"@type":"Organization","@id":"https:\/\/komvak.sk\/hu\/#organization","name":"KOMVaK - Vod\u00e1rne a kanaliz\u00e1cie mesta Kom\u00e1rna, a.s.","url":"https:\/\/komvak.sk\/hu\/","logo":{"@type":"ImageObject","inLanguage":"hu","@id":"https:\/\/komvak.sk\/hu\/#\/schema\/logo\/image\/","url":"https:\/\/komvak.sk\/wp-content\/uploads\/KOMVak_logo.png","contentUrl":"https:\/\/komvak.sk\/wp-content\/uploads\/KOMVak_logo.png","width":948,"height":619,"caption":"KOMVaK - Vod\u00e1rne a kanaliz\u00e1cie mesta Kom\u00e1rna, a.s."},"image":{"@id":"https:\/\/komvak.sk\/hu\/#\/schema\/logo\/image\/"},"sameAs":["https:\/\/www.facebook.com\/KOMVaKKomarno"]}]}},"_links":{"self":[{"href":"https:\/\/komvak.sk\/hu\/wp-json\/wp\/v2\/pages\/3771","targetHints":{"allow":["GET"]}}],"collection":[{"href":"https:\/\/komvak.sk\/hu\/wp-json\/wp\/v2\/pages"}],"about":[{"href":"https:\/\/komvak.sk\/hu\/wp-json\/wp\/v2\/types\/page"}],"author":[{"embeddable":true,"href":"https:\/\/komvak.sk\/hu\/wp-json\/wp\/v2\/users\/1"}],"replies":[{"embeddable":true,"href":"https:\/\/komvak.sk\/hu\/wp-json\/wp\/v2\/comments?post=3771"}],"version-history":[{"count":0,"href":"https:\/\/komvak.sk\/hu\/wp-json\/wp\/v2\/pages\/3771\/revisions"}],"up":[{"embeddable":true,"href":"https:\/\/komvak.sk\/hu\/wp-json\/wp\/v2\/pages\/3823"}],"wp:attachment":[{"href":"https:\/\/komvak.sk\/hu\/wp-json\/wp\/v2\/media?parent=3771"}],"curies":[{"name":"wp","href":"https:\/\/api.w.org\/{rel}","templated":true}]}}