{"id":3785,"date":"2022-03-25T10:40:52","date_gmt":"2022-03-25T09:40:52","guid":{"rendered":"https:\/\/komvak.buges.sk\/etikai-kodex\/"},"modified":"2022-03-30T09:03:51","modified_gmt":"2022-03-30T07:03:51","slug":"etikai-kodex","status":"publish","type":"page","link":"https:\/\/komvak.sk\/hu\/rolunk\/etikai-kodex\/","title":{"rendered":"Etikai k\u00f3dex"},"content":{"rendered":"\n<div class=\"row row-collapse\"  id=\"row-482383288\">\n\n\n\t<div id=\"col-1753918463\" class=\"col show-for-medium medium-12 small-12 large-3\"  >\n\t\t\t\t<div class=\"col-inner\"  >\n\t\t\t\n\t\t\t\n\n<div class=\"container section-title-container\" ><h3 class=\"section-title section-title-bold-center\"><b aria-hidden=\"true\"><\/b><span class=\"section-title-main\" style=\"color:rgb(18, 109, 177);\">Etikai k\u00f3dex<\/span><b aria-hidden=\"true\"><\/b><\/h3><\/div>\n\n\n\t\t<\/div>\n\t\t\t\t\t<\/div>\n\n\t\n\n\t<div id=\"col-1123220134\" class=\"col is-sticky-column hide-for-medium medium-12 small-12 large-3\"  >\n\t\t\t\t<div class=\"col-inner\"  >\n\t\t\t\n\t\t\t\n\n<div class=\"container section-title-container\" ><h3 class=\"section-title section-title-bold\"><b aria-hidden=\"true\"><\/b><span class=\"section-title-main\" style=\"color:rgb(18, 109, 177);\">Etikai k\u00f3dex<\/span><b aria-hidden=\"true\"><\/b><\/h3><\/div>\n\n\n\t\t<\/div>\n\t\t\t\t\t<\/div>\n\n\t\n\n\t<div id=\"col-564395109\" class=\"col bw--drop_shadow medium-12 small-12 large-9\"  >\n\t\t\t\t<div class=\"col-inner text-left\"  >\n\t\t\t\n\t<div class=\"is-border\"\n\t\tstyle=\"border-color:rgb(18, 109, 177);border-width:2.5px 2.5px 2.5px 2.5px;\">\n\t<\/div>\n\t\t\t\n\n\n\n<div class=\"bw--list_of_docs\">\r\n\t<div class=\"col medium-1 small-12 large-1 hide-for-small\">\r\n\t\t<div class=\"col-inner\">\r\n\t\t\t<img decoding=\"async\" src=\"\/wp-content\/uploads\/pdf.svg\" width=\"35px\">\r\n\t\t<\/div>\r\n\t<\/div>\r\n\t<div class=\"col medium-8 small-12 large-8\">\r\n\t\t<div class=\"col-inner\">\r\n\t\t\t<b class=\"bw--doc_name\">Oznamovanie protispolo\u010denskej \u010dinnosti<\/b>\r\n\t\t<\/div>\r\n\t<\/div>\r\n\t<div class=\"col medium-3 small-12 large-3\">\r\n\t\t<div class=\"col-inner\">\r\n\t\t\t<a href=\"https:\/\/komvak.sk\/wp-content\/uploads\/ozn_protispolocenskej_cinnosti.pdf\" class=\"SK button expand primary bw--no_margin\" target=\"_blank\" rel=\"noopener\">Stiahnu\u0165 dokument<\/a>\r\n\t\t\t<a href=\"https:\/\/komvak.sk\/wp-content\/uploads\/ozn_protispolocenskej_cinnosti.pdf\" class=\"HU button expand primary bw--no_margin\" target=\"_blank\" rel=\"noopener\">F\u00e1jl let\u00f6lt\u00e9se<\/a>\r\n\t\t<\/div>\r\n\t<\/div>\r\n<\/div><div class=\"bw--list_of_docs\">\r\n\t<div class=\"col medium-1 small-12 large-1 hide-for-small\">\r\n\t\t<div class=\"col-inner\">\r\n\t\t\t<img decoding=\"async\" src=\"\/wp-content\/uploads\/pdf.svg\" width=\"35px\">\r\n\t\t<\/div>\r\n\t<\/div>\r\n\t<div class=\"col medium-8 small-12 large-8\">\r\n\t\t<div class=\"col-inner\">\r\n\t\t\t<b class=\"bw--doc_name\">Etick\u00fd k\u00f3dex<\/b>\r\n\t\t<\/div>\r\n\t<\/div>\r\n\t<div class=\"col medium-3 small-12 large-3\">\r\n\t\t<div class=\"col-inner\">\r\n\t\t\t<a href=\"https:\/\/komvak.sk\/wp-content\/uploads\/eticky_kodex.pdf\" class=\"SK button expand primary bw--no_margin\" target=\"_blank\" rel=\"noopener\">Stiahnu\u0165 dokument<\/a>\r\n\t\t\t<a href=\"https:\/\/komvak.sk\/wp-content\/uploads\/eticky_kodex.pdf\" class=\"HU button expand primary bw--no_margin\" target=\"_blank\" rel=\"noopener\">F\u00e1jl let\u00f6lt\u00e9se<\/a>\r\n\t\t<\/div>\r\n\t<\/div>\r\n<\/div>\n\n\n\t\t<\/div>\n\t\t\t\t\n<style>\n#col-564395109 > .col-inner {\n  padding: 30px 30px 30px 30px;\n}\n<\/style>\n\t<\/div>\n\n\t\n\n<\/div>\n\t<div id=\"gap-1643175070\" class=\"gap-element clearfix\" style=\"display:block; height:auto;\">\n\t\t\n<style>\n#gap-1643175070 {\n  padding-top: 60px;\n}\n<\/style>\n\t<\/div>\n\t\n\n\n","protected":false},"excerpt":{"rendered":"","protected":false},"author":1,"featured_media":0,"parent":3809,"menu_order":0,"comment_status":"closed","ping_status":"closed","template":"","meta":{"footnotes":""},"class_list":["post-3785","page","type-page","status-publish","hentry"],"yoast_head":"<!-- This site is optimized with the Yoast SEO plugin v27.3 - https:\/\/yoast.com\/product\/yoast-seo-wordpress\/ -->\n<title>Etikai k\u00f3dex &#8226; KOMVak<\/title>\n<meta name=\"robots\" content=\"index, follow, max-snippet:-1, max-image-preview:large, max-video-preview:-1\" \/>\n<link rel=\"canonical\" href=\"https:\/\/komvak.sk\/hu\/rolunk\/etikai-kodex\/\" \/>\n<meta property=\"og:locale\" content=\"hu_HU\" \/>\n<meta property=\"og:type\" content=\"article\" \/>\n<meta property=\"og:title\" content=\"Etikai k\u00f3dex &#8226; KOMVak\" \/>\n<meta property=\"og:url\" content=\"https:\/\/komvak.sk\/hu\/rolunk\/etikai-kodex\/\" \/>\n<meta property=\"og:site_name\" content=\"KOMVak\" \/>\n<meta property=\"article:publisher\" content=\"https:\/\/www.facebook.com\/KOMVaKKomarno\" \/>\n<meta property=\"article:modified_time\" content=\"2022-03-30T07:03:51+00:00\" \/>\n<meta name=\"twitter:card\" content=\"summary_large_image\" \/>\n<script type=\"application\/ld+json\" class=\"yoast-schema-graph\">{\"@context\":\"https:\\\/\\\/schema.org\",\"@graph\":[{\"@type\":\"WebPage\",\"@id\":\"https:\\\/\\\/komvak.sk\\\/hu\\\/rolunk\\\/etikai-kodex\\\/\",\"url\":\"https:\\\/\\\/komvak.sk\\\/hu\\\/rolunk\\\/etikai-kodex\\\/\",\"name\":\"Etikai k\u00f3dex &#8226; KOMVak\",\"isPartOf\":{\"@id\":\"https:\\\/\\\/komvak.sk\\\/hu\\\/#website\"},\"datePublished\":\"2022-03-25T09:40:52+00:00\",\"dateModified\":\"2022-03-30T07:03:51+00:00\",\"breadcrumb\":{\"@id\":\"https:\\\/\\\/komvak.sk\\\/hu\\\/rolunk\\\/etikai-kodex\\\/#breadcrumb\"},\"inLanguage\":\"hu\",\"potentialAction\":[{\"@type\":\"ReadAction\",\"target\":[\"https:\\\/\\\/komvak.sk\\\/hu\\\/rolunk\\\/etikai-kodex\\\/\"]}]},{\"@type\":\"BreadcrumbList\",\"@id\":\"https:\\\/\\\/komvak.sk\\\/hu\\\/rolunk\\\/etikai-kodex\\\/#breadcrumb\",\"itemListElement\":[{\"@type\":\"ListItem\",\"position\":1,\"name\":\"Home\",\"item\":\"https:\\\/\\\/komvak.sk\\\/hu\\\/\"},{\"@type\":\"ListItem\",\"position\":2,\"name\":\"R\u00f3lunk\",\"item\":\"https:\\\/\\\/komvak.sk\\\/hu\\\/rolunk\\\/\"},{\"@type\":\"ListItem\",\"position\":3,\"name\":\"Etikai k\u00f3dex\"}]},{\"@type\":\"WebSite\",\"@id\":\"https:\\\/\\\/komvak.sk\\\/hu\\\/#website\",\"url\":\"https:\\\/\\\/komvak.sk\\\/hu\\\/\",\"name\":\"KOMVak\",\"description\":\"Vod\u00e1rne a kanaliz\u00e1cie mesta Kom\u00e1rna, a.s.\",\"publisher\":{\"@id\":\"https:\\\/\\\/komvak.sk\\\/hu\\\/#organization\"},\"potentialAction\":[{\"@type\":\"SearchAction\",\"target\":{\"@type\":\"EntryPoint\",\"urlTemplate\":\"https:\\\/\\\/komvak.sk\\\/hu\\\/?s={search_term_string}\"},\"query-input\":{\"@type\":\"PropertyValueSpecification\",\"valueRequired\":true,\"valueName\":\"search_term_string\"}}],\"inLanguage\":\"hu\"},{\"@type\":\"Organization\",\"@id\":\"https:\\\/\\\/komvak.sk\\\/hu\\\/#organization\",\"name\":\"KOMVaK - Vod\u00e1rne a kanaliz\u00e1cie mesta Kom\u00e1rna, a.s.\",\"url\":\"https:\\\/\\\/komvak.sk\\\/hu\\\/\",\"logo\":{\"@type\":\"ImageObject\",\"inLanguage\":\"hu\",\"@id\":\"https:\\\/\\\/komvak.sk\\\/hu\\\/#\\\/schema\\\/logo\\\/image\\\/\",\"url\":\"https:\\\/\\\/komvak.sk\\\/wp-content\\\/uploads\\\/KOMVak_logo.png\",\"contentUrl\":\"https:\\\/\\\/komvak.sk\\\/wp-content\\\/uploads\\\/KOMVak_logo.png\",\"width\":948,\"height\":619,\"caption\":\"KOMVaK - Vod\u00e1rne a kanaliz\u00e1cie mesta Kom\u00e1rna, a.s.\"},\"image\":{\"@id\":\"https:\\\/\\\/komvak.sk\\\/hu\\\/#\\\/schema\\\/logo\\\/image\\\/\"},\"sameAs\":[\"https:\\\/\\\/www.facebook.com\\\/KOMVaKKomarno\"]}]}<\/script>\n<!-- \/ Yoast SEO plugin. -->","yoast_head_json":{"title":"Etikai k\u00f3dex &#8226; KOMVak","robots":{"index":"index","follow":"follow","max-snippet":"max-snippet:-1","max-image-preview":"max-image-preview:large","max-video-preview":"max-video-preview:-1"},"canonical":"https:\/\/komvak.sk\/hu\/rolunk\/etikai-kodex\/","og_locale":"hu_HU","og_type":"article","og_title":"Etikai k\u00f3dex &#8226; KOMVak","og_url":"https:\/\/komvak.sk\/hu\/rolunk\/etikai-kodex\/","og_site_name":"KOMVak","article_publisher":"https:\/\/www.facebook.com\/KOMVaKKomarno","article_modified_time":"2022-03-30T07:03:51+00:00","twitter_card":"summary_large_image","schema":{"@context":"https:\/\/schema.org","@graph":[{"@type":"WebPage","@id":"https:\/\/komvak.sk\/hu\/rolunk\/etikai-kodex\/","url":"https:\/\/komvak.sk\/hu\/rolunk\/etikai-kodex\/","name":"Etikai k\u00f3dex &#8226; KOMVak","isPartOf":{"@id":"https:\/\/komvak.sk\/hu\/#website"},"datePublished":"2022-03-25T09:40:52+00:00","dateModified":"2022-03-30T07:03:51+00:00","breadcrumb":{"@id":"https:\/\/komvak.sk\/hu\/rolunk\/etikai-kodex\/#breadcrumb"},"inLanguage":"hu","potentialAction":[{"@type":"ReadAction","target":["https:\/\/komvak.sk\/hu\/rolunk\/etikai-kodex\/"]}]},{"@type":"BreadcrumbList","@id":"https:\/\/komvak.sk\/hu\/rolunk\/etikai-kodex\/#breadcrumb","itemListElement":[{"@type":"ListItem","position":1,"name":"Home","item":"https:\/\/komvak.sk\/hu\/"},{"@type":"ListItem","position":2,"name":"R\u00f3lunk","item":"https:\/\/komvak.sk\/hu\/rolunk\/"},{"@type":"ListItem","position":3,"name":"Etikai k\u00f3dex"}]},{"@type":"WebSite","@id":"https:\/\/komvak.sk\/hu\/#website","url":"https:\/\/komvak.sk\/hu\/","name":"KOMVak","description":"Vod\u00e1rne a kanaliz\u00e1cie mesta Kom\u00e1rna, a.s.","publisher":{"@id":"https:\/\/komvak.sk\/hu\/#organization"},"potentialAction":[{"@type":"SearchAction","target":{"@type":"EntryPoint","urlTemplate":"https:\/\/komvak.sk\/hu\/?s={search_term_string}"},"query-input":{"@type":"PropertyValueSpecification","valueRequired":true,"valueName":"search_term_string"}}],"inLanguage":"hu"},{"@type":"Organization","@id":"https:\/\/komvak.sk\/hu\/#organization","name":"KOMVaK - Vod\u00e1rne a kanaliz\u00e1cie mesta Kom\u00e1rna, a.s.","url":"https:\/\/komvak.sk\/hu\/","logo":{"@type":"ImageObject","inLanguage":"hu","@id":"https:\/\/komvak.sk\/hu\/#\/schema\/logo\/image\/","url":"https:\/\/komvak.sk\/wp-content\/uploads\/KOMVak_logo.png","contentUrl":"https:\/\/komvak.sk\/wp-content\/uploads\/KOMVak_logo.png","width":948,"height":619,"caption":"KOMVaK - Vod\u00e1rne a kanaliz\u00e1cie mesta Kom\u00e1rna, a.s."},"image":{"@id":"https:\/\/komvak.sk\/hu\/#\/schema\/logo\/image\/"},"sameAs":["https:\/\/www.facebook.com\/KOMVaKKomarno"]}]}},"_links":{"self":[{"href":"https:\/\/komvak.sk\/hu\/wp-json\/wp\/v2\/pages\/3785","targetHints":{"allow":["GET"]}}],"collection":[{"href":"https:\/\/komvak.sk\/hu\/wp-json\/wp\/v2\/pages"}],"about":[{"href":"https:\/\/komvak.sk\/hu\/wp-json\/wp\/v2\/types\/page"}],"author":[{"embeddable":true,"href":"https:\/\/komvak.sk\/hu\/wp-json\/wp\/v2\/users\/1"}],"replies":[{"embeddable":true,"href":"https:\/\/komvak.sk\/hu\/wp-json\/wp\/v2\/comments?post=3785"}],"version-history":[{"count":0,"href":"https:\/\/komvak.sk\/hu\/wp-json\/wp\/v2\/pages\/3785\/revisions"}],"up":[{"embeddable":true,"href":"https:\/\/komvak.sk\/hu\/wp-json\/wp\/v2\/pages\/3809"}],"wp:attachment":[{"href":"https:\/\/komvak.sk\/hu\/wp-json\/wp\/v2\/media?parent=3785"}],"curies":[{"name":"wp","href":"https:\/\/api.w.org\/{rel}","templated":true}]}}