{"id":3794,"date":"2022-03-25T13:11:17","date_gmt":"2022-03-25T12:11:17","guid":{"rendered":"https:\/\/komvak.buges.sk\/a-tarsasag-tevekenysegi-kore\/"},"modified":"2022-03-25T13:11:18","modified_gmt":"2022-03-25T12:11:18","slug":"a-tarsasag-tevekenysegi-kore","status":"publish","type":"page","link":"https:\/\/komvak.sk\/hu\/rolunk\/a-tarsasag-tevekenysegi-kore\/","title":{"rendered":"A t\u00e1rsas\u00e1g tev\u00e9kenys\u00e9gi k\u00f6re"},"content":{"rendered":"\n<div class=\"row row-collapse\"  id=\"row-512933418\">\n\n\n\t<div id=\"col-1708180866\" class=\"col show-for-medium medium-12 small-12 large-12\"  >\n\t\t\t\t<div class=\"col-inner\"  >\n\t\t\t\n\t\t\t\n\n<div class=\"container section-title-container\" ><h3 class=\"section-title section-title-bold-center\"><b aria-hidden=\"true\"><\/b><span class=\"section-title-main\" style=\"color:rgb(18, 109, 177);\">A t\u00e1rsas\u00e1g tev\u00e9kenys\u00e9gi k\u00f6re<\/span><b aria-hidden=\"true\"><\/b><\/h3><\/div>\n\n\n\t\t<\/div>\n\t\t\t\t\t<\/div>\n\n\t\n\n\t<div id=\"col-2078780783\" class=\"col is-sticky-column hide-for-medium medium-12 small-12 large-3\"  >\n\t\t\t\t<div class=\"col-inner\"  >\n\t\t\t\n\t\t\t\n\n<div class=\"container section-title-container\" ><h3 class=\"section-title section-title-bold\"><b aria-hidden=\"true\"><\/b><span class=\"section-title-main\" style=\"color:rgb(18, 109, 177);\">A t\u00e1rsas\u00e1g tev\u00e9kenys\u00e9gi k\u00f6re<\/span><b aria-hidden=\"true\"><\/b><\/h3><\/div>\n\n\n\t\t<\/div>\n\t\t\t\t\t<\/div>\n\n\t\n\n\t<div id=\"col-1717181662\" class=\"col bw--drop_shadow medium-12 small-12 large-9\"  >\n\t\t\t\t<div class=\"col-inner text-left\"  >\n\t\t\t\n\t<div class=\"is-border\"\n\t\tstyle=\"border-color:rgb(18, 109, 177);border-width:2.5px 2.5px 2.5px 2.5px;\">\n\t<\/div>\n\t\t\t\n\n<div class=\"row row-collapse\"  id=\"row-1750254331\">\n\n\n\t<div id=\"col-1497287054\" class=\"col medium-6 small-12 large-6\"  >\n\t\t\t\t<div class=\"col-inner\"  >\n\t\t\t\n\t\t\t\n\n\t<div id=\"text-2703657911\" class=\"text\">\n\t\t\n\n<p>A t\u00e1rsas\u00e1g 1999-ben alakult. Tulajdonosa 100 %-ban Kom\u00e1rom v\u00e1rosa.<br>A t\u00e1rsas\u00e1g Kom\u00e1rom j\u00e1r\u00e1s k\u00f6zs\u00e9geinek, ill. falvainak tulajdon\u00e1ban l\u00e9v\u0151 v\u00edzgazd\u00e1lkod\u00e1si berendez\u00e9sek kezel\u00e9s\u00e9vel \u00e9s m\u0171k\u00f6dtet\u00e9s\u00e9vel, ill. a kapcsol\u00f3d\u00f3 tev\u00e9kenys\u00e9gekkel foglalkozik.<\/p>\n\t\t\n<style>\n#text-2703657911 {\n  text-align: left;\n}\n<\/style>\n\t<\/div>\n\t\n\n\t\t<\/div>\n\t\t\t\t\n<style>\n#col-1497287054 > .col-inner {\n  padding: 0px 0px 0px 0px;\n}\n<\/style>\n\t<\/div>\n\n\t\n\n\t<div id=\"col-314617325\" class=\"col medium-6 small-12 large-6\"  >\n\t\t\t\t<div class=\"col-inner\"  >\n\t\t\t\n\t\t\t\n\n\t<div class=\"box has-hover   has-hover box-text-bottom\" >\n\n\t\t<div class=\"box-image\" style=\"width:50%;\">\n\t\t\t\t\t\t<div class=\"\" >\n\t\t\t\t<img loading=\"lazy\" decoding=\"async\" width=\"284\" height=\"200\" src=\"https:\/\/komvak.sk\/wp-content\/uploads\/avs_logo.jpeg\" class=\"attachment-original size-original\" alt=\"\" \/>\t\t\t\t\t\t\t\t\t\t\t<\/div>\n\t\t\t\t\t<\/div>\n\n\t\t<div class=\"box-text text-center is-small\" >\n\t\t\t<div class=\"box-text-inner\">\n\t\t\t\t\n\n<h4>KOMVaK Rt.<br>tagja az &#8222;Asoci\u00e1cie vod\u00e1rensk\u00fdch spolo\u010dnost\u00ed&#8221; csoportnak.<\/h4>\n\n\t\t\t<\/div>\n\t\t<\/div>\n\t<\/div>\n\t\n\n\t\t<\/div>\n\t\t\t\t\n<style>\n#col-314617325 > .col-inner {\n  padding: 0px 30px 0px 30px;\n}\n<\/style>\n\t<\/div>\n\n\t\n\n\t<div id=\"col-1344555463\" class=\"col medium-6 small-12 large-6\"  >\n\t\t\t\t<div class=\"col-inner\"  >\n\t\t\t\n\t\t\t\n\n\t<div id=\"text-1948672176\" class=\"text\">\n\t\t\n\n<p>T\u00e1rsas\u00e1gunk els\u0151dleges tev\u00e9kenys\u00e9gi k\u00f6re az iv\u00f3v\u00edz el\u0151\u00e1ll\u00edt\u00e1sa, ill. az iv\u00f3v\u00edz ell\u00e1t\u00e1s, valamint a szennyv\u00edz elvezet\u00e9se \u00e9s tiszt\u00edt\u00e1sa.<\/p>\n<p>Jelenleg a KOMVaK Rt. a j\u00e1r\u00e1son bel\u00fcli k\u00f6zs\u00e9gek, ill. falvak tulajdon\u00e1ban l\u00e9v\u0151 v\u00edzvezet\u00e9keket \u00e9s csatornah\u00e1l\u00f3zatot m\u0171k\u00f6dteti.<\/p>\n\t\t\n<style>\n#text-1948672176 {\n  text-align: left;\n}\n<\/style>\n\t<\/div>\n\t\n\n\t\t<\/div>\n\t\t\t\t\n<style>\n#col-1344555463 > .col-inner {\n  padding: 0px 0px 0px 0px;\n}\n<\/style>\n\t<\/div>\n\n\t\n\n\t<div id=\"col-767759932\" class=\"col medium-6 small-12 large-6\"  >\n\t\t\t\t<div class=\"col-inner\"  >\n\t\t\t\n\t\t\t\n\n\t<div class=\"img has-hover x md-x lg-x y md-y lg-y\" id=\"image_2052902100\">\n\t\t<a class=\"image-lightbox lightbox-gallery\" title=\"\" href=\"https:\/\/komvak.sk\/wp-content\/uploads\/mapa_b1.jpeg\">\t\t\t\t\t\t<div class=\"img-inner image-zoom image-cover dark\" style=\"padding-top:50%;margin:0px 0px 0px 49px;\">\n\t\t\t<img loading=\"lazy\" decoding=\"async\" width=\"786\" height=\"291\" src=\"https:\/\/komvak.sk\/wp-content\/uploads\/mapa_b1.jpeg\" class=\"attachment-original size-original\" alt=\"\" srcset=\"https:\/\/komvak.sk\/wp-content\/uploads\/mapa_b1.jpeg 786w, https:\/\/komvak.sk\/wp-content\/uploads\/mapa_b1-300x111.jpeg 300w, https:\/\/komvak.sk\/wp-content\/uploads\/mapa_b1-768x284.jpeg 768w\" sizes=\"auto, (max-width: 786px) 100vw, 786px\" \/>\t\t\t\t\t\t\n\t\t\t\t\t<\/div>\n\t\t\t\t\t\t<\/a>\t\t\n<style>\n#image_2052902100 {\n  width: 95%;\n}\n<\/style>\n\t<\/div>\n\t\n\n\n\t\t<\/div>\n\t\t\t\t\n<style>\n#col-767759932 > .col-inner {\n  margin: 0px 0px 0px 0px;\n}\n<\/style>\n\t<\/div>\n\n\t\n\n<\/div>\n\n\t\t<\/div>\n\t\t\t\t\n<style>\n#col-1717181662 > .col-inner {\n  padding: 30px 30px 30px 30px;\n}\n<\/style>\n\t<\/div>\n\n\t\n\n<\/div>\n\t<div id=\"gap-2071288479\" class=\"gap-element clearfix\" style=\"display:block; height:auto;\">\n\t\t\n<style>\n#gap-2071288479 {\n  padding-top: 60px;\n}\n<\/style>\n\t<\/div>\n\t\n\n\n","protected":false},"excerpt":{"rendered":"","protected":false},"author":1,"featured_media":0,"parent":3809,"menu_order":0,"comment_status":"closed","ping_status":"closed","template":"","meta":{"footnotes":""},"class_list":["post-3794","page","type-page","status-publish","hentry"],"yoast_head":"<!-- This site is optimized with the Yoast SEO plugin v27.3 - https:\/\/yoast.com\/product\/yoast-seo-wordpress\/ -->\n<title>A t\u00e1rsas\u00e1g tev\u00e9kenys\u00e9gi k\u00f6re &#8226; KOMVak<\/title>\n<meta name=\"robots\" content=\"index, follow, max-snippet:-1, max-image-preview:large, max-video-preview:-1\" \/>\n<link rel=\"canonical\" href=\"https:\/\/komvak.sk\/hu\/rolunk\/a-tarsasag-tevekenysegi-kore\/\" \/>\n<meta property=\"og:locale\" content=\"hu_HU\" \/>\n<meta property=\"og:type\" content=\"article\" \/>\n<meta property=\"og:title\" content=\"A t\u00e1rsas\u00e1g tev\u00e9kenys\u00e9gi k\u00f6re &#8226; KOMVak\" \/>\n<meta property=\"og:url\" content=\"https:\/\/komvak.sk\/hu\/rolunk\/a-tarsasag-tevekenysegi-kore\/\" \/>\n<meta property=\"og:site_name\" content=\"KOMVak\" \/>\n<meta property=\"article:publisher\" content=\"https:\/\/www.facebook.com\/KOMVaKKomarno\" \/>\n<meta property=\"article:modified_time\" content=\"2022-03-25T12:11:18+00:00\" \/>\n<meta name=\"twitter:card\" content=\"summary_large_image\" \/>\n<meta name=\"twitter:label1\" content=\"Becs\u00fclt olvas\u00e1si id\u0151\" \/>\n\t<meta name=\"twitter:data1\" content=\"2 perc\" \/>\n<script type=\"application\/ld+json\" class=\"yoast-schema-graph\">{\"@context\":\"https:\\\/\\\/schema.org\",\"@graph\":[{\"@type\":\"WebPage\",\"@id\":\"https:\\\/\\\/komvak.sk\\\/hu\\\/rolunk\\\/a-tarsasag-tevekenysegi-kore\\\/\",\"url\":\"https:\\\/\\\/komvak.sk\\\/hu\\\/rolunk\\\/a-tarsasag-tevekenysegi-kore\\\/\",\"name\":\"A t\u00e1rsas\u00e1g tev\u00e9kenys\u00e9gi k\u00f6re &#8226; KOMVak\",\"isPartOf\":{\"@id\":\"https:\\\/\\\/komvak.sk\\\/hu\\\/#website\"},\"datePublished\":\"2022-03-25T12:11:17+00:00\",\"dateModified\":\"2022-03-25T12:11:18+00:00\",\"breadcrumb\":{\"@id\":\"https:\\\/\\\/komvak.sk\\\/hu\\\/rolunk\\\/a-tarsasag-tevekenysegi-kore\\\/#breadcrumb\"},\"inLanguage\":\"hu\",\"potentialAction\":[{\"@type\":\"ReadAction\",\"target\":[\"https:\\\/\\\/komvak.sk\\\/hu\\\/rolunk\\\/a-tarsasag-tevekenysegi-kore\\\/\"]}]},{\"@type\":\"BreadcrumbList\",\"@id\":\"https:\\\/\\\/komvak.sk\\\/hu\\\/rolunk\\\/a-tarsasag-tevekenysegi-kore\\\/#breadcrumb\",\"itemListElement\":[{\"@type\":\"ListItem\",\"position\":1,\"name\":\"Home\",\"item\":\"https:\\\/\\\/komvak.sk\\\/hu\\\/\"},{\"@type\":\"ListItem\",\"position\":2,\"name\":\"R\u00f3lunk\",\"item\":\"https:\\\/\\\/komvak.sk\\\/hu\\\/rolunk\\\/\"},{\"@type\":\"ListItem\",\"position\":3,\"name\":\"A t\u00e1rsas\u00e1g tev\u00e9kenys\u00e9gi k\u00f6re\"}]},{\"@type\":\"WebSite\",\"@id\":\"https:\\\/\\\/komvak.sk\\\/hu\\\/#website\",\"url\":\"https:\\\/\\\/komvak.sk\\\/hu\\\/\",\"name\":\"KOMVak\",\"description\":\"Vod\u00e1rne a kanaliz\u00e1cie mesta Kom\u00e1rna, a.s.\",\"publisher\":{\"@id\":\"https:\\\/\\\/komvak.sk\\\/hu\\\/#organization\"},\"potentialAction\":[{\"@type\":\"SearchAction\",\"target\":{\"@type\":\"EntryPoint\",\"urlTemplate\":\"https:\\\/\\\/komvak.sk\\\/hu\\\/?s={search_term_string}\"},\"query-input\":{\"@type\":\"PropertyValueSpecification\",\"valueRequired\":true,\"valueName\":\"search_term_string\"}}],\"inLanguage\":\"hu\"},{\"@type\":\"Organization\",\"@id\":\"https:\\\/\\\/komvak.sk\\\/hu\\\/#organization\",\"name\":\"KOMVaK - Vod\u00e1rne a kanaliz\u00e1cie mesta Kom\u00e1rna, a.s.\",\"url\":\"https:\\\/\\\/komvak.sk\\\/hu\\\/\",\"logo\":{\"@type\":\"ImageObject\",\"inLanguage\":\"hu\",\"@id\":\"https:\\\/\\\/komvak.sk\\\/hu\\\/#\\\/schema\\\/logo\\\/image\\\/\",\"url\":\"https:\\\/\\\/komvak.sk\\\/wp-content\\\/uploads\\\/KOMVak_logo.png\",\"contentUrl\":\"https:\\\/\\\/komvak.sk\\\/wp-content\\\/uploads\\\/KOMVak_logo.png\",\"width\":948,\"height\":619,\"caption\":\"KOMVaK - Vod\u00e1rne a kanaliz\u00e1cie mesta Kom\u00e1rna, a.s.\"},\"image\":{\"@id\":\"https:\\\/\\\/komvak.sk\\\/hu\\\/#\\\/schema\\\/logo\\\/image\\\/\"},\"sameAs\":[\"https:\\\/\\\/www.facebook.com\\\/KOMVaKKomarno\"]}]}<\/script>\n<!-- \/ Yoast SEO plugin. -->","yoast_head_json":{"title":"A t\u00e1rsas\u00e1g tev\u00e9kenys\u00e9gi k\u00f6re &#8226; KOMVak","robots":{"index":"index","follow":"follow","max-snippet":"max-snippet:-1","max-image-preview":"max-image-preview:large","max-video-preview":"max-video-preview:-1"},"canonical":"https:\/\/komvak.sk\/hu\/rolunk\/a-tarsasag-tevekenysegi-kore\/","og_locale":"hu_HU","og_type":"article","og_title":"A t\u00e1rsas\u00e1g tev\u00e9kenys\u00e9gi k\u00f6re &#8226; KOMVak","og_url":"https:\/\/komvak.sk\/hu\/rolunk\/a-tarsasag-tevekenysegi-kore\/","og_site_name":"KOMVak","article_publisher":"https:\/\/www.facebook.com\/KOMVaKKomarno","article_modified_time":"2022-03-25T12:11:18+00:00","twitter_card":"summary_large_image","twitter_misc":{"Becs\u00fclt olvas\u00e1si id\u0151":"2 perc"},"schema":{"@context":"https:\/\/schema.org","@graph":[{"@type":"WebPage","@id":"https:\/\/komvak.sk\/hu\/rolunk\/a-tarsasag-tevekenysegi-kore\/","url":"https:\/\/komvak.sk\/hu\/rolunk\/a-tarsasag-tevekenysegi-kore\/","name":"A t\u00e1rsas\u00e1g tev\u00e9kenys\u00e9gi k\u00f6re &#8226; KOMVak","isPartOf":{"@id":"https:\/\/komvak.sk\/hu\/#website"},"datePublished":"2022-03-25T12:11:17+00:00","dateModified":"2022-03-25T12:11:18+00:00","breadcrumb":{"@id":"https:\/\/komvak.sk\/hu\/rolunk\/a-tarsasag-tevekenysegi-kore\/#breadcrumb"},"inLanguage":"hu","potentialAction":[{"@type":"ReadAction","target":["https:\/\/komvak.sk\/hu\/rolunk\/a-tarsasag-tevekenysegi-kore\/"]}]},{"@type":"BreadcrumbList","@id":"https:\/\/komvak.sk\/hu\/rolunk\/a-tarsasag-tevekenysegi-kore\/#breadcrumb","itemListElement":[{"@type":"ListItem","position":1,"name":"Home","item":"https:\/\/komvak.sk\/hu\/"},{"@type":"ListItem","position":2,"name":"R\u00f3lunk","item":"https:\/\/komvak.sk\/hu\/rolunk\/"},{"@type":"ListItem","position":3,"name":"A t\u00e1rsas\u00e1g tev\u00e9kenys\u00e9gi k\u00f6re"}]},{"@type":"WebSite","@id":"https:\/\/komvak.sk\/hu\/#website","url":"https:\/\/komvak.sk\/hu\/","name":"KOMVak","description":"Vod\u00e1rne a kanaliz\u00e1cie mesta Kom\u00e1rna, a.s.","publisher":{"@id":"https:\/\/komvak.sk\/hu\/#organization"},"potentialAction":[{"@type":"SearchAction","target":{"@type":"EntryPoint","urlTemplate":"https:\/\/komvak.sk\/hu\/?s={search_term_string}"},"query-input":{"@type":"PropertyValueSpecification","valueRequired":true,"valueName":"search_term_string"}}],"inLanguage":"hu"},{"@type":"Organization","@id":"https:\/\/komvak.sk\/hu\/#organization","name":"KOMVaK - Vod\u00e1rne a kanaliz\u00e1cie mesta Kom\u00e1rna, a.s.","url":"https:\/\/komvak.sk\/hu\/","logo":{"@type":"ImageObject","inLanguage":"hu","@id":"https:\/\/komvak.sk\/hu\/#\/schema\/logo\/image\/","url":"https:\/\/komvak.sk\/wp-content\/uploads\/KOMVak_logo.png","contentUrl":"https:\/\/komvak.sk\/wp-content\/uploads\/KOMVak_logo.png","width":948,"height":619,"caption":"KOMVaK - Vod\u00e1rne a kanaliz\u00e1cie mesta Kom\u00e1rna, a.s."},"image":{"@id":"https:\/\/komvak.sk\/hu\/#\/schema\/logo\/image\/"},"sameAs":["https:\/\/www.facebook.com\/KOMVaKKomarno"]}]}},"_links":{"self":[{"href":"https:\/\/komvak.sk\/hu\/wp-json\/wp\/v2\/pages\/3794","targetHints":{"allow":["GET"]}}],"collection":[{"href":"https:\/\/komvak.sk\/hu\/wp-json\/wp\/v2\/pages"}],"about":[{"href":"https:\/\/komvak.sk\/hu\/wp-json\/wp\/v2\/types\/page"}],"author":[{"embeddable":true,"href":"https:\/\/komvak.sk\/hu\/wp-json\/wp\/v2\/users\/1"}],"replies":[{"embeddable":true,"href":"https:\/\/komvak.sk\/hu\/wp-json\/wp\/v2\/comments?post=3794"}],"version-history":[{"count":0,"href":"https:\/\/komvak.sk\/hu\/wp-json\/wp\/v2\/pages\/3794\/revisions"}],"up":[{"embeddable":true,"href":"https:\/\/komvak.sk\/hu\/wp-json\/wp\/v2\/pages\/3809"}],"wp:attachment":[{"href":"https:\/\/komvak.sk\/hu\/wp-json\/wp\/v2\/media?parent=3794"}],"curies":[{"name":"wp","href":"https:\/\/api.w.org\/{rel}","templated":true}]}}