{"id":3797,"date":"2022-03-25T13:13:03","date_gmt":"2022-03-25T12:13:03","guid":{"rendered":"https:\/\/komvak.buges.sk\/szolgaltatasok-arjegyzeke\/"},"modified":"2023-10-24T16:26:12","modified_gmt":"2023-10-24T14:26:12","slug":"szolgaltatasok-arjegyzeke","status":"publish","type":"page","link":"https:\/\/komvak.sk\/hu\/szolgaltatasok-arjegyzeke\/","title":{"rendered":"Szolg\u00e1ltat\u00e1sok \u00e1rjegyz\u00e9ke"},"content":{"rendered":"\n<div class=\"row row-collapse\"  id=\"row-28463344\">\n\n\n\t<div id=\"col-1518257407\" class=\"col show-for-medium medium-12 small-12 large-3\"  >\n\t\t\t\t<div class=\"col-inner\"  >\n\t\t\t\n\t\t\t\n\n<div class=\"container section-title-container\" ><h3 class=\"section-title section-title-bold-center\"><b aria-hidden=\"true\"><\/b><span class=\"section-title-main\" style=\"color:rgb(18, 109, 177);\">V\u00edzm\u0171vek<\/span><b aria-hidden=\"true\"><\/b><\/h3><\/div>\n\n\n\t\t<\/div>\n\t\t\t\t\t<\/div>\n\n\t\n\n\t<div id=\"col-1874400572\" class=\"col is-sticky-column hide-for-medium medium-12 small-12 large-3\"  >\n\t\t\t\t<div class=\"col-inner\"  >\n\t\t\t\n\t\t\t\n\n<div class=\"container section-title-container\" ><h3 class=\"section-title section-title-bold\"><b aria-hidden=\"true\"><\/b><span class=\"section-title-main\" style=\"color:rgb(18, 109, 177);\">V\u00edzm\u0171vek<\/span><b aria-hidden=\"true\"><\/b><\/h3><\/div>\n\n\n\t\t<\/div>\n\t\t\t\t\t<\/div>\n\n\t\n\n\t<div id=\"col-51089280\" class=\"col bw--drop_shadow medium-12 small-12 large-9\"  >\n\t\t\t\t<div class=\"col-inner text-left\"  >\n\t\t\t\n\t<div class=\"is-border\"\n\t\tstyle=\"border-color:rgb(18, 109, 177);border-width:2.5px 2.5px 2.5px 2.5px;\">\n\t<\/div>\n\t\t\t\n\n\n\n<form method=\"get\" class=\"pods-form-filters pods-form-filters-dokument\" action=\"\">\n\t\n\t<input type=\"text\" class=\"pods-form-filters-search\" name=\"search\" value=\"\" \/>\n\n\t<input type=\"submit\" class=\"pods-form-filters-submit\" value=\"keres\u00e9s\" \/>\n<\/form>\n<div class=\"bw--list_of_docs\">\r\n\t<div class=\"col medium-1 small-12 large-1 hide-for-small\">\r\n\t\t<div class=\"col-inner\">\r\n\t\t\t<img decoding=\"async\" src=\"\/wp-content\/uploads\/pdf.svg\" width=\"35px\">\r\n\t\t<\/div>\r\n\t<\/div>\r\n\t<div class=\"col medium-8 small-12 large-8\">\r\n\t\t<div class=\"col-inner\">\r\n\t\t\t<b class=\"bw--doc_name\">Cenni\u0301k 2023 dopravne\u0301 vy\u0301kony<\/b>\r\n\t\t<\/div>\r\n\t<\/div>\r\n\t<div class=\"col medium-3 small-12 large-3\">\r\n\t\t<div class=\"col-inner\">\r\n\t\t\t<a href=\"https:\/\/komvak.sk\/wp-content\/uploads\/Cennik-2023-dopravne-vykony.pdf\" class=\"SK button expand primary bw--no_margin\" target=\"_blank\" rel=\"noopener\">Stiahnu\u0165 dokument<\/a>\r\n\t\t\t<a href=\"https:\/\/komvak.sk\/wp-content\/uploads\/Cennik-2023-dopravne-vykony.pdf\" class=\"HU button expand primary bw--no_margin\" target=\"_blank\" rel=\"noopener\">F\u00e1jl let\u00f6lt\u00e9se<\/a>\r\n\t\t<\/div>\r\n\t<\/div>\r\n<\/div><div class=\"bw--list_of_docs\">\r\n\t<div class=\"col medium-1 small-12 large-1 hide-for-small\">\r\n\t\t<div class=\"col-inner\">\r\n\t\t\t<img decoding=\"async\" src=\"\/wp-content\/uploads\/pdf.svg\" width=\"35px\">\r\n\t\t<\/div>\r\n\t<\/div>\r\n\t<div class=\"col medium-8 small-12 large-8\">\r\n\t\t<div class=\"col-inner\">\r\n\t\t\t<b class=\"bw--doc_name\">Cenni\u0301k 2023 odvoz a likvida\u0301cia odpadov\u00fdch v\u00f4d<\/b>\r\n\t\t<\/div>\r\n\t<\/div>\r\n\t<div class=\"col medium-3 small-12 large-3\">\r\n\t\t<div class=\"col-inner\">\r\n\t\t\t<a href=\"https:\/\/komvak.sk\/wp-content\/uploads\/Cennik-2023-odvoz-a-likvidacia-OV.pdf\" class=\"SK button expand primary bw--no_margin\" target=\"_blank\" rel=\"noopener\">Stiahnu\u0165 dokument<\/a>\r\n\t\t\t<a href=\"https:\/\/komvak.sk\/wp-content\/uploads\/Cennik-2023-odvoz-a-likvidacia-OV.pdf\" class=\"HU button expand primary bw--no_margin\" target=\"_blank\" rel=\"noopener\">F\u00e1jl let\u00f6lt\u00e9se<\/a>\r\n\t\t<\/div>\r\n\t<\/div>\r\n<\/div><div class=\"bw--list_of_docs\">\r\n\t<div class=\"col medium-1 small-12 large-1 hide-for-small\">\r\n\t\t<div class=\"col-inner\">\r\n\t\t\t<img decoding=\"async\" src=\"\/wp-content\/uploads\/pdf.svg\" width=\"35px\">\r\n\t\t<\/div>\r\n\t<\/div>\r\n\t<div class=\"col medium-8 small-12 large-8\">\r\n\t\t<div class=\"col-inner\">\r\n\t\t\t<b class=\"bw--doc_name\">CENN\u00cdK vyjadrenia 2023<\/b>\r\n\t\t<\/div>\r\n\t<\/div>\r\n\t<div class=\"col medium-3 small-12 large-3\">\r\n\t\t<div class=\"col-inner\">\r\n\t\t\t<a href=\"https:\/\/komvak.sk\/wp-content\/uploads\/cennik_stm_2023_vyjadrenia.pdf\" class=\"SK button expand primary bw--no_margin\" target=\"_blank\" rel=\"noopener\">Stiahnu\u0165 dokument<\/a>\r\n\t\t\t<a href=\"https:\/\/komvak.sk\/wp-content\/uploads\/cennik_stm_2023_vyjadrenia.pdf\" class=\"HU button expand primary bw--no_margin\" target=\"_blank\" rel=\"noopener\">F\u00e1jl let\u00f6lt\u00e9se<\/a>\r\n\t\t<\/div>\r\n\t<\/div>\r\n<\/div><div class=\"bw--list_of_docs\">\r\n\t<div class=\"col medium-1 small-12 large-1 hide-for-small\">\r\n\t\t<div class=\"col-inner\">\r\n\t\t\t<img decoding=\"async\" src=\"\/wp-content\/uploads\/pdf.svg\" width=\"35px\">\r\n\t\t<\/div>\r\n\t<\/div>\r\n\t<div class=\"col medium-8 small-12 large-8\">\r\n\t\t<div class=\"col-inner\">\r\n\t\t\t<b class=\"bw--doc_name\">CENN\u00cdK v\u00fdkonov a slu\u017eieb pre rok 2023<\/b>\r\n\t\t<\/div>\r\n\t<\/div>\r\n\t<div class=\"col medium-3 small-12 large-3\">\r\n\t\t<div class=\"col-inner\">\r\n\t\t\t<a href=\"https:\/\/komvak.sk\/wp-content\/uploads\/cennik_stm_2023.pdf\" class=\"SK button expand primary bw--no_margin\" target=\"_blank\" rel=\"noopener\">Stiahnu\u0165 dokument<\/a>\r\n\t\t\t<a href=\"https:\/\/komvak.sk\/wp-content\/uploads\/cennik_stm_2023.pdf\" class=\"HU button expand primary bw--no_margin\" target=\"_blank\" rel=\"noopener\">F\u00e1jl let\u00f6lt\u00e9se<\/a>\r\n\t\t<\/div>\r\n\t<\/div>\r\n<\/div><div class=\"bw--list_of_docs\">\r\n\t<div class=\"col medium-1 small-12 large-1 hide-for-small\">\r\n\t\t<div class=\"col-inner\">\r\n\t\t\t<img decoding=\"async\" src=\"\/wp-content\/uploads\/pdf.svg\" width=\"35px\">\r\n\t\t<\/div>\r\n\t<\/div>\r\n\t<div class=\"col medium-8 small-12 large-8\">\r\n\t\t<div class=\"col-inner\">\r\n\t\t\t<b class=\"bw--doc_name\">Orienta\u010dn\u00e1 cenov\u00e1 ponuka - gravita\u010dn\u00e1 pr\u00edpojka 2025<\/b>\r\n\t\t<\/div>\r\n\t<\/div>\r\n\t<div class=\"col medium-3 small-12 large-3\">\r\n\t\t<div class=\"col-inner\">\r\n\t\t\t<a href=\"https:\/\/komvak.sk\/wp-content\/uploads\/gravitacna-pripojka-2025.pdf\" class=\"SK button expand primary bw--no_margin\" target=\"_blank\" rel=\"noopener\">Stiahnu\u0165 dokument<\/a>\r\n\t\t\t<a href=\"https:\/\/komvak.sk\/wp-content\/uploads\/gravitacna-pripojka-2025.pdf\" class=\"HU button expand primary bw--no_margin\" target=\"_blank\" rel=\"noopener\">F\u00e1jl let\u00f6lt\u00e9se<\/a>\r\n\t\t<\/div>\r\n\t<\/div>\r\n<\/div><div class=\"bw--list_of_docs\">\r\n\t<div class=\"col medium-1 small-12 large-1 hide-for-small\">\r\n\t\t<div class=\"col-inner\">\r\n\t\t\t<img decoding=\"async\" src=\"\/wp-content\/uploads\/pdf.svg\" width=\"35px\">\r\n\t\t<\/div>\r\n\t<\/div>\r\n\t<div class=\"col medium-8 small-12 large-8\">\r\n\t\t<div class=\"col-inner\">\r\n\t\t\t<b class=\"bw--doc_name\">Orienta\u010dn\u00e1 cenov\u00e1 ponuka - Tlakov\u00e1 kanaliz\u00e1cia 2025<\/b>\r\n\t\t<\/div>\r\n\t<\/div>\r\n\t<div class=\"col medium-3 small-12 large-3\">\r\n\t\t<div class=\"col-inner\">\r\n\t\t\t<a href=\"https:\/\/komvak.sk\/wp-content\/uploads\/tlakova-kanalizacia-2025.pdf\" class=\"SK button expand primary bw--no_margin\" target=\"_blank\" rel=\"noopener\">Stiahnu\u0165 dokument<\/a>\r\n\t\t\t<a href=\"https:\/\/komvak.sk\/wp-content\/uploads\/tlakova-kanalizacia-2025.pdf\" class=\"HU button expand primary bw--no_margin\" target=\"_blank\" rel=\"noopener\">F\u00e1jl let\u00f6lt\u00e9se<\/a>\r\n\t\t<\/div>\r\n\t<\/div>\r\n<\/div><div class=\"bw--list_of_docs\">\r\n\t<div class=\"col medium-1 small-12 large-1 hide-for-small\">\r\n\t\t<div class=\"col-inner\">\r\n\t\t\t<img decoding=\"async\" src=\"\/wp-content\/uploads\/pdf.svg\" width=\"35px\">\r\n\t\t<\/div>\r\n\t<\/div>\r\n\t<div class=\"col medium-8 small-12 large-8\">\r\n\t\t<div class=\"col-inner\">\r\n\t\t\t<b class=\"bw--doc_name\">Orienta\u010dn\u00e1 cenov\u00e1 ponuka - Vodovodn\u00e1 pr\u00edpojka 2025<\/b>\r\n\t\t<\/div>\r\n\t<\/div>\r\n\t<div class=\"col medium-3 small-12 large-3\">\r\n\t\t<div class=\"col-inner\">\r\n\t\t\t<a href=\"https:\/\/komvak.sk\/wp-content\/uploads\/vodovodna-pripojka-2025.pdf\" class=\"SK button expand primary bw--no_margin\" target=\"_blank\" rel=\"noopener\">Stiahnu\u0165 dokument<\/a>\r\n\t\t\t<a href=\"https:\/\/komvak.sk\/wp-content\/uploads\/vodovodna-pripojka-2025.pdf\" class=\"HU button expand primary bw--no_margin\" target=\"_blank\" rel=\"noopener\">F\u00e1jl let\u00f6lt\u00e9se<\/a>\r\n\t\t<\/div>\r\n\t<\/div>\r\n<\/div>\n\n\n\t\t<\/div>\n\t\t\t\t\n<style>\n#col-51089280 > .col-inner {\n  padding: 30px 30px 30px 30px;\n}\n<\/style>\n\t<\/div>\n\n\t\n\n<\/div>\n\t<div id=\"gap-1125229969\" class=\"gap-element clearfix\" style=\"display:block; height:auto;\">\n\t\t\n<style>\n#gap-1125229969 {\n  padding-top: 60px;\n}\n<\/style>\n\t<\/div>\n\t\n\n\n","protected":false},"excerpt":{"rendered":"","protected":false},"author":1,"featured_media":0,"parent":0,"menu_order":0,"comment_status":"closed","ping_status":"closed","template":"","meta":{"footnotes":""},"class_list":["post-3797","page","type-page","status-publish","hentry"],"yoast_head":"<!-- This site is optimized with the Yoast SEO plugin v27.5 - https:\/\/yoast.com\/product\/yoast-seo-wordpress\/ -->\n<title>Szolg\u00e1ltat\u00e1sok \u00e1rjegyz\u00e9ke &#8226; KOMVak<\/title>\n<meta name=\"robots\" content=\"index, follow, max-snippet:-1, max-image-preview:large, max-video-preview:-1\" \/>\n<link rel=\"canonical\" href=\"https:\/\/komvak.sk\/hu\/szolgaltatasok-arjegyzeke\/\" \/>\n<meta property=\"og:locale\" content=\"hu_HU\" \/>\n<meta property=\"og:type\" content=\"article\" \/>\n<meta property=\"og:title\" content=\"Szolg\u00e1ltat\u00e1sok \u00e1rjegyz\u00e9ke &#8226; KOMVak\" \/>\n<meta property=\"og:url\" content=\"https:\/\/komvak.sk\/hu\/szolgaltatasok-arjegyzeke\/\" \/>\n<meta property=\"og:site_name\" content=\"KOMVak\" \/>\n<meta property=\"article:publisher\" content=\"https:\/\/www.facebook.com\/KOMVaKKomarno\" \/>\n<meta property=\"article:modified_time\" content=\"2023-10-24T14:26:12+00:00\" \/>\n<meta name=\"twitter:card\" content=\"summary_large_image\" \/>\n<meta name=\"twitter:label1\" content=\"Becs\u00fclt olvas\u00e1si id\u0151\" \/>\n\t<meta name=\"twitter:data1\" content=\"1 perc\" \/>\n<script type=\"application\/ld+json\" class=\"yoast-schema-graph\">{\"@context\":\"https:\\\/\\\/schema.org\",\"@graph\":[{\"@type\":\"WebPage\",\"@id\":\"https:\\\/\\\/komvak.sk\\\/hu\\\/szolgaltatasok-arjegyzeke\\\/\",\"url\":\"https:\\\/\\\/komvak.sk\\\/hu\\\/szolgaltatasok-arjegyzeke\\\/\",\"name\":\"Szolg\u00e1ltat\u00e1sok \u00e1rjegyz\u00e9ke &#8226; KOMVak\",\"isPartOf\":{\"@id\":\"https:\\\/\\\/komvak.sk\\\/hu\\\/#website\"},\"datePublished\":\"2022-03-25T12:13:03+00:00\",\"dateModified\":\"2023-10-24T14:26:12+00:00\",\"breadcrumb\":{\"@id\":\"https:\\\/\\\/komvak.sk\\\/hu\\\/szolgaltatasok-arjegyzeke\\\/#breadcrumb\"},\"inLanguage\":\"hu\",\"potentialAction\":[{\"@type\":\"ReadAction\",\"target\":[\"https:\\\/\\\/komvak.sk\\\/hu\\\/szolgaltatasok-arjegyzeke\\\/\"]}]},{\"@type\":\"BreadcrumbList\",\"@id\":\"https:\\\/\\\/komvak.sk\\\/hu\\\/szolgaltatasok-arjegyzeke\\\/#breadcrumb\",\"itemListElement\":[{\"@type\":\"ListItem\",\"position\":1,\"name\":\"Home\",\"item\":\"https:\\\/\\\/komvak.sk\\\/hu\\\/\"},{\"@type\":\"ListItem\",\"position\":2,\"name\":\"Szolg\u00e1ltat\u00e1sok \u00e1rjegyz\u00e9ke\"}]},{\"@type\":\"WebSite\",\"@id\":\"https:\\\/\\\/komvak.sk\\\/hu\\\/#website\",\"url\":\"https:\\\/\\\/komvak.sk\\\/hu\\\/\",\"name\":\"KOMVak\",\"description\":\"Vod\u00e1rne a kanaliz\u00e1cie mesta Kom\u00e1rna, a.s.\",\"publisher\":{\"@id\":\"https:\\\/\\\/komvak.sk\\\/hu\\\/#organization\"},\"potentialAction\":[{\"@type\":\"SearchAction\",\"target\":{\"@type\":\"EntryPoint\",\"urlTemplate\":\"https:\\\/\\\/komvak.sk\\\/hu\\\/?s={search_term_string}\"},\"query-input\":{\"@type\":\"PropertyValueSpecification\",\"valueRequired\":true,\"valueName\":\"search_term_string\"}}],\"inLanguage\":\"hu\"},{\"@type\":\"Organization\",\"@id\":\"https:\\\/\\\/komvak.sk\\\/hu\\\/#organization\",\"name\":\"KOMVaK - Vod\u00e1rne a kanaliz\u00e1cie mesta Kom\u00e1rna, a.s.\",\"url\":\"https:\\\/\\\/komvak.sk\\\/hu\\\/\",\"logo\":{\"@type\":\"ImageObject\",\"inLanguage\":\"hu\",\"@id\":\"https:\\\/\\\/komvak.sk\\\/hu\\\/#\\\/schema\\\/logo\\\/image\\\/\",\"url\":\"https:\\\/\\\/komvak.sk\\\/wp-content\\\/uploads\\\/KOMVak_logo.png\",\"contentUrl\":\"https:\\\/\\\/komvak.sk\\\/wp-content\\\/uploads\\\/KOMVak_logo.png\",\"width\":948,\"height\":619,\"caption\":\"KOMVaK - Vod\u00e1rne a kanaliz\u00e1cie mesta Kom\u00e1rna, a.s.\"},\"image\":{\"@id\":\"https:\\\/\\\/komvak.sk\\\/hu\\\/#\\\/schema\\\/logo\\\/image\\\/\"},\"sameAs\":[\"https:\\\/\\\/www.facebook.com\\\/KOMVaKKomarno\"]}]}<\/script>\n<!-- \/ Yoast SEO plugin. -->","yoast_head_json":{"title":"Szolg\u00e1ltat\u00e1sok \u00e1rjegyz\u00e9ke &#8226; KOMVak","robots":{"index":"index","follow":"follow","max-snippet":"max-snippet:-1","max-image-preview":"max-image-preview:large","max-video-preview":"max-video-preview:-1"},"canonical":"https:\/\/komvak.sk\/hu\/szolgaltatasok-arjegyzeke\/","og_locale":"hu_HU","og_type":"article","og_title":"Szolg\u00e1ltat\u00e1sok \u00e1rjegyz\u00e9ke &#8226; KOMVak","og_url":"https:\/\/komvak.sk\/hu\/szolgaltatasok-arjegyzeke\/","og_site_name":"KOMVak","article_publisher":"https:\/\/www.facebook.com\/KOMVaKKomarno","article_modified_time":"2023-10-24T14:26:12+00:00","twitter_card":"summary_large_image","twitter_misc":{"Becs\u00fclt olvas\u00e1si id\u0151":"1 perc"},"schema":{"@context":"https:\/\/schema.org","@graph":[{"@type":"WebPage","@id":"https:\/\/komvak.sk\/hu\/szolgaltatasok-arjegyzeke\/","url":"https:\/\/komvak.sk\/hu\/szolgaltatasok-arjegyzeke\/","name":"Szolg\u00e1ltat\u00e1sok \u00e1rjegyz\u00e9ke &#8226; KOMVak","isPartOf":{"@id":"https:\/\/komvak.sk\/hu\/#website"},"datePublished":"2022-03-25T12:13:03+00:00","dateModified":"2023-10-24T14:26:12+00:00","breadcrumb":{"@id":"https:\/\/komvak.sk\/hu\/szolgaltatasok-arjegyzeke\/#breadcrumb"},"inLanguage":"hu","potentialAction":[{"@type":"ReadAction","target":["https:\/\/komvak.sk\/hu\/szolgaltatasok-arjegyzeke\/"]}]},{"@type":"BreadcrumbList","@id":"https:\/\/komvak.sk\/hu\/szolgaltatasok-arjegyzeke\/#breadcrumb","itemListElement":[{"@type":"ListItem","position":1,"name":"Home","item":"https:\/\/komvak.sk\/hu\/"},{"@type":"ListItem","position":2,"name":"Szolg\u00e1ltat\u00e1sok \u00e1rjegyz\u00e9ke"}]},{"@type":"WebSite","@id":"https:\/\/komvak.sk\/hu\/#website","url":"https:\/\/komvak.sk\/hu\/","name":"KOMVak","description":"Vod\u00e1rne a kanaliz\u00e1cie mesta Kom\u00e1rna, a.s.","publisher":{"@id":"https:\/\/komvak.sk\/hu\/#organization"},"potentialAction":[{"@type":"SearchAction","target":{"@type":"EntryPoint","urlTemplate":"https:\/\/komvak.sk\/hu\/?s={search_term_string}"},"query-input":{"@type":"PropertyValueSpecification","valueRequired":true,"valueName":"search_term_string"}}],"inLanguage":"hu"},{"@type":"Organization","@id":"https:\/\/komvak.sk\/hu\/#organization","name":"KOMVaK - Vod\u00e1rne a kanaliz\u00e1cie mesta Kom\u00e1rna, a.s.","url":"https:\/\/komvak.sk\/hu\/","logo":{"@type":"ImageObject","inLanguage":"hu","@id":"https:\/\/komvak.sk\/hu\/#\/schema\/logo\/image\/","url":"https:\/\/komvak.sk\/wp-content\/uploads\/KOMVak_logo.png","contentUrl":"https:\/\/komvak.sk\/wp-content\/uploads\/KOMVak_logo.png","width":948,"height":619,"caption":"KOMVaK - Vod\u00e1rne a kanaliz\u00e1cie mesta Kom\u00e1rna, a.s."},"image":{"@id":"https:\/\/komvak.sk\/hu\/#\/schema\/logo\/image\/"},"sameAs":["https:\/\/www.facebook.com\/KOMVaKKomarno"]}]}},"_links":{"self":[{"href":"https:\/\/komvak.sk\/hu\/wp-json\/wp\/v2\/pages\/3797","targetHints":{"allow":["GET"]}}],"collection":[{"href":"https:\/\/komvak.sk\/hu\/wp-json\/wp\/v2\/pages"}],"about":[{"href":"https:\/\/komvak.sk\/hu\/wp-json\/wp\/v2\/types\/page"}],"author":[{"embeddable":true,"href":"https:\/\/komvak.sk\/hu\/wp-json\/wp\/v2\/users\/1"}],"replies":[{"embeddable":true,"href":"https:\/\/komvak.sk\/hu\/wp-json\/wp\/v2\/comments?post=3797"}],"version-history":[{"count":0,"href":"https:\/\/komvak.sk\/hu\/wp-json\/wp\/v2\/pages\/3797\/revisions"}],"wp:attachment":[{"href":"https:\/\/komvak.sk\/hu\/wp-json\/wp\/v2\/media?parent=3797"}],"curies":[{"name":"wp","href":"https:\/\/api.w.org\/{rel}","templated":true}]}}