{"id":3807,"date":"2022-03-25T13:18:13","date_gmt":"2022-03-25T12:18:13","guid":{"rendered":"https:\/\/komvak.buges.sk\/letoltes\/"},"modified":"2022-07-01T15:07:37","modified_gmt":"2022-07-01T13:07:37","slug":"letoltes","status":"publish","type":"page","link":"https:\/\/komvak.sk\/hu\/letoltes\/","title":{"rendered":"Let\u00f6lt\u00e9s"},"content":{"rendered":"\n<div class=\"row row-collapse\"  id=\"row-1245394592\">\n\n\n\t<div id=\"col-583294516\" class=\"col small-12 large-12\"  >\n\t\t\t\t<div class=\"col-inner\"  >\n\t\t\t\n\t\t\t\n\n<div class=\"container section-title-container\" ><h1 class=\"section-title section-title-bold-center\"><b aria-hidden=\"true\"><\/b><span class=\"section-title-main\" >Let\u00f6lt\u00e9s<\/span><b aria-hidden=\"true\"><\/b><\/h1><\/div>\n\n\n\n<form method=\"get\" class=\"pods-form-filters pods-form-filters-dokument\" action=\"\">\n\t\n\t<input type=\"text\" class=\"pods-form-filters-search\" name=\"search\" value=\"\" \/>\n\n\t<input type=\"submit\" class=\"pods-form-filters-submit\" value=\"keres\u00e9s\" \/>\n<\/form>\n<div class=\"bw--list_of_docs\">\r\n\t<div class=\"col medium-1 small-12 large-1 hide-for-small\">\r\n\t\t<div class=\"col-inner\">\r\n\t\t\t<img decoding=\"async\" src=\"\/wp-content\/uploads\/pdf.svg\" width=\"35px\">\r\n\t\t<\/div>\r\n\t<\/div>\r\n\t<div class=\"col medium-8 small-12 large-8\">\r\n\t\t<div class=\"col-inner\">\r\n\t\t\t<b class=\"bw--doc_name\">Harmonogram odpoc\u030ctov<\/b>\r\n\t\t<\/div>\r\n\t<\/div>\r\n\t<div class=\"col medium-3 small-12 large-3\">\r\n\t\t<div class=\"col-inner\">\r\n\t\t\t<a href=\"https:\/\/komvak.sk\/wp-content\/uploads\/Harmonogram-odpoctov.pdf\" class=\"SK button expand primary bw--no_margin\" target=\"_blank\" rel=\"noopener\">Stiahnu\u0165 dokument<\/a>\r\n\t\t\t<a href=\"https:\/\/komvak.sk\/wp-content\/uploads\/Harmonogram-odpoctov.pdf\" class=\"HU button expand primary bw--no_margin\" target=\"_blank\" rel=\"noopener\">F\u00e1jl let\u00f6lt\u00e9se<\/a>\r\n\t\t<\/div>\r\n\t<\/div>\r\n<\/div><div class=\"bw--list_of_docs\">\r\n\t<div class=\"col medium-1 small-12 large-1 hide-for-small\">\r\n\t\t<div class=\"col-inner\">\r\n\t\t\t<img decoding=\"async\" src=\"\/wp-content\/uploads\/pdf.svg\" width=\"35px\">\r\n\t\t<\/div>\r\n\t<\/div>\r\n\t<div class=\"col medium-8 small-12 large-8\">\r\n\t\t<div class=\"col-inner\">\r\n\t\t\t<b class=\"bw--doc_name\">PD k pripojeniu na verejn\u00fd vodovod<\/b>\r\n\t\t<\/div>\r\n\t<\/div>\r\n\t<div class=\"col medium-3 small-12 large-3\">\r\n\t\t<div class=\"col-inner\">\r\n\t\t\t<a href=\"https:\/\/komvak.sk\/wp-content\/uploads\/pd_k_pripojeniu_na_verejny_vodovod.pdf\" class=\"SK button expand primary bw--no_margin\" target=\"_blank\" rel=\"noopener\">Stiahnu\u0165 dokument<\/a>\r\n\t\t\t<a href=\"https:\/\/komvak.sk\/wp-content\/uploads\/pd_k_pripojeniu_na_verejny_vodovod.pdf\" class=\"HU button expand primary bw--no_margin\" target=\"_blank\" rel=\"noopener\">F\u00e1jl let\u00f6lt\u00e9se<\/a>\r\n\t\t<\/div>\r\n\t<\/div>\r\n<\/div><div class=\"bw--list_of_docs\">\r\n\t<div class=\"col medium-1 small-12 large-1 hide-for-small\">\r\n\t\t<div class=\"col-inner\">\r\n\t\t\t<img decoding=\"async\" src=\"\/wp-content\/uploads\/pdf.svg\" width=\"35px\">\r\n\t\t<\/div>\r\n\t<\/div>\r\n\t<div class=\"col medium-8 small-12 large-8\">\r\n\t\t<div class=\"col-inner\">\r\n\t\t\t<b class=\"bw--doc_name\">PD na pripojeniu na verejn\u00fa kanaliz\u00e1ciu<\/b>\r\n\t\t<\/div>\r\n\t<\/div>\r\n\t<div class=\"col medium-3 small-12 large-3\">\r\n\t\t<div class=\"col-inner\">\r\n\t\t\t<a href=\"https:\/\/komvak.sk\/wp-content\/uploads\/pd_k_pripojeniu_na_verejnu_kanalizaciu.pdf\" class=\"SK button expand primary bw--no_margin\" target=\"_blank\" rel=\"noopener\">Stiahnu\u0165 dokument<\/a>\r\n\t\t\t<a href=\"https:\/\/komvak.sk\/wp-content\/uploads\/pd_k_pripojeniu_na_verejnu_kanalizaciu.pdf\" class=\"HU button expand primary bw--no_margin\" target=\"_blank\" rel=\"noopener\">F\u00e1jl let\u00f6lt\u00e9se<\/a>\r\n\t\t<\/div>\r\n\t<\/div>\r\n<\/div><div class=\"bw--list_of_docs\">\r\n\t<div class=\"col medium-1 small-12 large-1 hide-for-small\">\r\n\t\t<div class=\"col-inner\">\r\n\t\t\t<img decoding=\"async\" src=\"\/wp-content\/uploads\/pdf.svg\" width=\"35px\">\r\n\t\t<\/div>\r\n\t<\/div>\r\n\t<div class=\"col medium-8 small-12 large-8\">\r\n\t\t<div class=\"col-inner\">\r\n\t\t\t<b class=\"bw--doc_name\">Reklama\u010dn\u00fd poriadok<\/b>\r\n\t\t<\/div>\r\n\t<\/div>\r\n\t<div class=\"col medium-3 small-12 large-3\">\r\n\t\t<div class=\"col-inner\">\r\n\t\t\t<a href=\"https:\/\/komvak.sk\/wp-content\/uploads\/reklamacny_poriadok.pdf\" class=\"SK button expand primary bw--no_margin\" target=\"_blank\" rel=\"noopener\">Stiahnu\u0165 dokument<\/a>\r\n\t\t\t<a href=\"https:\/\/komvak.sk\/wp-content\/uploads\/reklamacny_poriadok.pdf\" class=\"HU button expand primary bw--no_margin\" target=\"_blank\" rel=\"noopener\">F\u00e1jl let\u00f6lt\u00e9se<\/a>\r\n\t\t<\/div>\r\n\t<\/div>\r\n<\/div><div class=\"bw--list_of_docs\">\r\n\t<div class=\"col medium-1 small-12 large-1 hide-for-small\">\r\n\t\t<div class=\"col-inner\">\r\n\t\t\t<img decoding=\"async\" src=\"\/wp-content\/uploads\/pdf.svg\" width=\"35px\">\r\n\t\t<\/div>\r\n\t<\/div>\r\n\t<div class=\"col medium-8 small-12 large-8\">\r\n\t\t<div class=\"col-inner\">\r\n\t\t\t<b class=\"bw--doc_name\">S\u00fahlas so zasielan\u00edm elektronickej fakt\u00fary<\/b>\r\n\t\t<\/div>\r\n\t<\/div>\r\n\t<div class=\"col medium-3 small-12 large-3\">\r\n\t\t<div class=\"col-inner\">\r\n\t\t\t<a href=\"https:\/\/komvak.sk\/wp-content\/uploads\/Suhlas-elektronicka-fakturacia.pdf\" class=\"SK button expand primary bw--no_margin\" target=\"_blank\" rel=\"noopener\">Stiahnu\u0165 dokument<\/a>\r\n\t\t\t<a href=\"https:\/\/komvak.sk\/wp-content\/uploads\/Suhlas-elektronicka-fakturacia.pdf\" class=\"HU button expand primary bw--no_margin\" target=\"_blank\" rel=\"noopener\">F\u00e1jl let\u00f6lt\u00e9se<\/a>\r\n\t\t<\/div>\r\n\t<\/div>\r\n<\/div><div class=\"bw--list_of_docs\">\r\n\t<div class=\"col medium-1 small-12 large-1 hide-for-small\">\r\n\t\t<div class=\"col-inner\">\r\n\t\t\t<img decoding=\"async\" src=\"\/wp-content\/uploads\/pdf.svg\" width=\"35px\">\r\n\t\t<\/div>\r\n\t<\/div>\r\n\t<div class=\"col medium-8 small-12 large-8\">\r\n\t\t<div class=\"col-inner\">\r\n\t\t\t<b class=\"bw--doc_name\">Tla\u010divo na da\u017e\u010fov\u00e9 vody<\/b>\r\n\t\t<\/div>\r\n\t<\/div>\r\n\t<div class=\"col medium-3 small-12 large-3\">\r\n\t\t<div class=\"col-inner\">\r\n\t\t\t<a href=\"https:\/\/komvak.sk\/wp-content\/uploads\/tlacivo_na_dazdove_vody.pdf\" class=\"SK button expand primary bw--no_margin\" target=\"_blank\" rel=\"noopener\">Stiahnu\u0165 dokument<\/a>\r\n\t\t\t<a href=\"https:\/\/komvak.sk\/wp-content\/uploads\/tlacivo_na_dazdove_vody.pdf\" class=\"HU button expand primary bw--no_margin\" target=\"_blank\" rel=\"noopener\">F\u00e1jl let\u00f6lt\u00e9se<\/a>\r\n\t\t<\/div>\r\n\t<\/div>\r\n<\/div><div class=\"bw--list_of_docs\">\r\n\t<div class=\"col medium-1 small-12 large-1 hide-for-small\">\r\n\t\t<div class=\"col-inner\">\r\n\t\t\t<img decoding=\"async\" src=\"\/wp-content\/uploads\/pdf.svg\" width=\"35px\">\r\n\t\t<\/div>\r\n\t<\/div>\r\n\t<div class=\"col medium-8 small-12 large-8\">\r\n\t\t<div class=\"col-inner\">\r\n\t\t\t<b class=\"bw--doc_name\">V\u0161eobecn\u00e9 obchodn\u00e9 podmienky<\/b>\r\n\t\t<\/div>\r\n\t<\/div>\r\n\t<div class=\"col medium-3 small-12 large-3\">\r\n\t\t<div class=\"col-inner\">\r\n\t\t\t<a href=\"https:\/\/komvak.sk\/wp-content\/uploads\/vop.pdf\" class=\"SK button expand primary bw--no_margin\" target=\"_blank\" rel=\"noopener\">Stiahnu\u0165 dokument<\/a>\r\n\t\t\t<a href=\"https:\/\/komvak.sk\/wp-content\/uploads\/vop.pdf\" class=\"HU button expand primary bw--no_margin\" target=\"_blank\" rel=\"noopener\">F\u00e1jl let\u00f6lt\u00e9se<\/a>\r\n\t\t<\/div>\r\n\t<\/div>\r\n<\/div><div class=\"bw--list_of_docs\">\r\n\t<div class=\"col medium-1 small-12 large-1 hide-for-small\">\r\n\t\t<div class=\"col-inner\">\r\n\t\t\t<img decoding=\"async\" src=\"\/wp-content\/uploads\/pdf.svg\" width=\"35px\">\r\n\t\t<\/div>\r\n\t<\/div>\r\n\t<div class=\"col medium-8 small-12 large-8\">\r\n\t\t<div class=\"col-inner\">\r\n\t\t\t<b class=\"bw--doc_name\">V\u0161eobecn\u00e9 z\u00e1sady ochrany osobn\u00fdch \u00fadajov<\/b>\r\n\t\t<\/div>\r\n\t<\/div>\r\n\t<div class=\"col medium-3 small-12 large-3\">\r\n\t\t<div class=\"col-inner\">\r\n\t\t\t<a href=\"https:\/\/komvak.sk\/wp-content\/uploads\/vseobecne_zasady_ochrany_osobnych_udajov_02.pdf\" class=\"SK button expand primary bw--no_margin\" target=\"_blank\" rel=\"noopener\">Stiahnu\u0165 dokument<\/a>\r\n\t\t\t<a href=\"https:\/\/komvak.sk\/wp-content\/uploads\/vseobecne_zasady_ochrany_osobnych_udajov_02.pdf\" class=\"HU button expand primary bw--no_margin\" target=\"_blank\" rel=\"noopener\">F\u00e1jl let\u00f6lt\u00e9se<\/a>\r\n\t\t<\/div>\r\n\t<\/div>\r\n<\/div>\n<p class=\"pods-pagination\">\n\n<span class=\"pods-pagination-advanced \">\n\t\n\t<span\n\t\tclass=\"pods-pagination-number pods-pagination-current \">1<\/span>\n\n\t\t\t<a href=\"\/hu\/wp-json\/wp\/v2\/pages\/3807?pg=2\"\n\t\t   class=\"pods-pagination-number pods-pagination-last pods-pagination-2 \">2<\/a>\n\t\t\t\t\t<a href=\"\/hu\/wp-json\/wp\/v2\/pages\/3807?pg=2\"\n\t\t\t   class=\"pods-pagination-label pods-pagination-next \">K\u00f6vetkez\u0151 &rsaquo;<\/a>\n\t\t\t\t\t\t\t<a href=\"\/hu\/wp-json\/wp\/v2\/pages\/3807?pg=2\"\n\t\t\t   class=\"pods-pagination-label pods-pagination-last \">Utols\u00f3 &raquo;<\/a>\n\t\t\t\t\n<\/span>\n\n<\/p>\n\n\n\n\t\t<\/div>\n\t\t\t\t\t<\/div>\n\n\t\n\n\n<style>\n#row-1245394592 > .col > .col-inner {\n  padding: 30px 0px 30px 0px;\n}\n<\/style>\n<\/div>\n\n","protected":false},"excerpt":{"rendered":"","protected":false},"author":1,"featured_media":0,"parent":0,"menu_order":0,"comment_status":"closed","ping_status":"closed","template":"","meta":{"footnotes":""},"class_list":["post-3807","page","type-page","status-publish","hentry"],"yoast_head":"<!-- This site is optimized with the Yoast SEO plugin v27.3 - https:\/\/yoast.com\/product\/yoast-seo-wordpress\/ -->\n<title>Let\u00f6lt\u00e9s &#8226; KOMVak<\/title>\n<meta name=\"robots\" content=\"index, follow, max-snippet:-1, max-image-preview:large, max-video-preview:-1\" \/>\n<link rel=\"canonical\" href=\"https:\/\/komvak.sk\/hu\/letoltes\/\" \/>\n<meta property=\"og:locale\" content=\"hu_HU\" \/>\n<meta property=\"og:type\" content=\"article\" \/>\n<meta property=\"og:title\" content=\"Let\u00f6lt\u00e9s &#8226; KOMVak\" \/>\n<meta property=\"og:url\" content=\"https:\/\/komvak.sk\/hu\/letoltes\/\" \/>\n<meta property=\"og:site_name\" content=\"KOMVak\" \/>\n<meta property=\"article:publisher\" content=\"https:\/\/www.facebook.com\/KOMVaKKomarno\" \/>\n<meta property=\"article:modified_time\" content=\"2022-07-01T13:07:37+00:00\" \/>\n<meta name=\"twitter:card\" content=\"summary_large_image\" \/>\n<script type=\"application\/ld+json\" class=\"yoast-schema-graph\">{\"@context\":\"https:\\\/\\\/schema.org\",\"@graph\":[{\"@type\":\"WebPage\",\"@id\":\"https:\\\/\\\/komvak.sk\\\/hu\\\/letoltes\\\/\",\"url\":\"https:\\\/\\\/komvak.sk\\\/hu\\\/letoltes\\\/\",\"name\":\"Let\u00f6lt\u00e9s &#8226; KOMVak\",\"isPartOf\":{\"@id\":\"https:\\\/\\\/komvak.sk\\\/hu\\\/#website\"},\"datePublished\":\"2022-03-25T12:18:13+00:00\",\"dateModified\":\"2022-07-01T13:07:37+00:00\",\"breadcrumb\":{\"@id\":\"https:\\\/\\\/komvak.sk\\\/hu\\\/letoltes\\\/#breadcrumb\"},\"inLanguage\":\"hu\",\"potentialAction\":[{\"@type\":\"ReadAction\",\"target\":[\"https:\\\/\\\/komvak.sk\\\/hu\\\/letoltes\\\/\"]}]},{\"@type\":\"BreadcrumbList\",\"@id\":\"https:\\\/\\\/komvak.sk\\\/hu\\\/letoltes\\\/#breadcrumb\",\"itemListElement\":[{\"@type\":\"ListItem\",\"position\":1,\"name\":\"Home\",\"item\":\"https:\\\/\\\/komvak.sk\\\/hu\\\/\"},{\"@type\":\"ListItem\",\"position\":2,\"name\":\"Let\u00f6lt\u00e9s\"}]},{\"@type\":\"WebSite\",\"@id\":\"https:\\\/\\\/komvak.sk\\\/hu\\\/#website\",\"url\":\"https:\\\/\\\/komvak.sk\\\/hu\\\/\",\"name\":\"KOMVak\",\"description\":\"Vod\u00e1rne a kanaliz\u00e1cie mesta Kom\u00e1rna, a.s.\",\"publisher\":{\"@id\":\"https:\\\/\\\/komvak.sk\\\/hu\\\/#organization\"},\"potentialAction\":[{\"@type\":\"SearchAction\",\"target\":{\"@type\":\"EntryPoint\",\"urlTemplate\":\"https:\\\/\\\/komvak.sk\\\/hu\\\/?s={search_term_string}\"},\"query-input\":{\"@type\":\"PropertyValueSpecification\",\"valueRequired\":true,\"valueName\":\"search_term_string\"}}],\"inLanguage\":\"hu\"},{\"@type\":\"Organization\",\"@id\":\"https:\\\/\\\/komvak.sk\\\/hu\\\/#organization\",\"name\":\"KOMVaK - Vod\u00e1rne a kanaliz\u00e1cie mesta Kom\u00e1rna, a.s.\",\"url\":\"https:\\\/\\\/komvak.sk\\\/hu\\\/\",\"logo\":{\"@type\":\"ImageObject\",\"inLanguage\":\"hu\",\"@id\":\"https:\\\/\\\/komvak.sk\\\/hu\\\/#\\\/schema\\\/logo\\\/image\\\/\",\"url\":\"https:\\\/\\\/komvak.sk\\\/wp-content\\\/uploads\\\/KOMVak_logo.png\",\"contentUrl\":\"https:\\\/\\\/komvak.sk\\\/wp-content\\\/uploads\\\/KOMVak_logo.png\",\"width\":948,\"height\":619,\"caption\":\"KOMVaK - Vod\u00e1rne a kanaliz\u00e1cie mesta Kom\u00e1rna, a.s.\"},\"image\":{\"@id\":\"https:\\\/\\\/komvak.sk\\\/hu\\\/#\\\/schema\\\/logo\\\/image\\\/\"},\"sameAs\":[\"https:\\\/\\\/www.facebook.com\\\/KOMVaKKomarno\"]}]}<\/script>\n<!-- \/ Yoast SEO plugin. -->","yoast_head_json":{"title":"Let\u00f6lt\u00e9s &#8226; KOMVak","robots":{"index":"index","follow":"follow","max-snippet":"max-snippet:-1","max-image-preview":"max-image-preview:large","max-video-preview":"max-video-preview:-1"},"canonical":"https:\/\/komvak.sk\/hu\/letoltes\/","og_locale":"hu_HU","og_type":"article","og_title":"Let\u00f6lt\u00e9s &#8226; KOMVak","og_url":"https:\/\/komvak.sk\/hu\/letoltes\/","og_site_name":"KOMVak","article_publisher":"https:\/\/www.facebook.com\/KOMVaKKomarno","article_modified_time":"2022-07-01T13:07:37+00:00","twitter_card":"summary_large_image","schema":{"@context":"https:\/\/schema.org","@graph":[{"@type":"WebPage","@id":"https:\/\/komvak.sk\/hu\/letoltes\/","url":"https:\/\/komvak.sk\/hu\/letoltes\/","name":"Let\u00f6lt\u00e9s &#8226; KOMVak","isPartOf":{"@id":"https:\/\/komvak.sk\/hu\/#website"},"datePublished":"2022-03-25T12:18:13+00:00","dateModified":"2022-07-01T13:07:37+00:00","breadcrumb":{"@id":"https:\/\/komvak.sk\/hu\/letoltes\/#breadcrumb"},"inLanguage":"hu","potentialAction":[{"@type":"ReadAction","target":["https:\/\/komvak.sk\/hu\/letoltes\/"]}]},{"@type":"BreadcrumbList","@id":"https:\/\/komvak.sk\/hu\/letoltes\/#breadcrumb","itemListElement":[{"@type":"ListItem","position":1,"name":"Home","item":"https:\/\/komvak.sk\/hu\/"},{"@type":"ListItem","position":2,"name":"Let\u00f6lt\u00e9s"}]},{"@type":"WebSite","@id":"https:\/\/komvak.sk\/hu\/#website","url":"https:\/\/komvak.sk\/hu\/","name":"KOMVak","description":"Vod\u00e1rne a kanaliz\u00e1cie mesta Kom\u00e1rna, a.s.","publisher":{"@id":"https:\/\/komvak.sk\/hu\/#organization"},"potentialAction":[{"@type":"SearchAction","target":{"@type":"EntryPoint","urlTemplate":"https:\/\/komvak.sk\/hu\/?s={search_term_string}"},"query-input":{"@type":"PropertyValueSpecification","valueRequired":true,"valueName":"search_term_string"}}],"inLanguage":"hu"},{"@type":"Organization","@id":"https:\/\/komvak.sk\/hu\/#organization","name":"KOMVaK - Vod\u00e1rne a kanaliz\u00e1cie mesta Kom\u00e1rna, a.s.","url":"https:\/\/komvak.sk\/hu\/","logo":{"@type":"ImageObject","inLanguage":"hu","@id":"https:\/\/komvak.sk\/hu\/#\/schema\/logo\/image\/","url":"https:\/\/komvak.sk\/wp-content\/uploads\/KOMVak_logo.png","contentUrl":"https:\/\/komvak.sk\/wp-content\/uploads\/KOMVak_logo.png","width":948,"height":619,"caption":"KOMVaK - Vod\u00e1rne a kanaliz\u00e1cie mesta Kom\u00e1rna, a.s."},"image":{"@id":"https:\/\/komvak.sk\/hu\/#\/schema\/logo\/image\/"},"sameAs":["https:\/\/www.facebook.com\/KOMVaKKomarno"]}]}},"_links":{"self":[{"href":"https:\/\/komvak.sk\/hu\/wp-json\/wp\/v2\/pages\/3807","targetHints":{"allow":["GET"]}}],"collection":[{"href":"https:\/\/komvak.sk\/hu\/wp-json\/wp\/v2\/pages"}],"about":[{"href":"https:\/\/komvak.sk\/hu\/wp-json\/wp\/v2\/types\/page"}],"author":[{"embeddable":true,"href":"https:\/\/komvak.sk\/hu\/wp-json\/wp\/v2\/users\/1"}],"replies":[{"embeddable":true,"href":"https:\/\/komvak.sk\/hu\/wp-json\/wp\/v2\/comments?post=3807"}],"version-history":[{"count":0,"href":"https:\/\/komvak.sk\/hu\/wp-json\/wp\/v2\/pages\/3807\/revisions"}],"wp:attachment":[{"href":"https:\/\/komvak.sk\/hu\/wp-json\/wp\/v2\/media?parent=3807"}],"curies":[{"name":"wp","href":"https:\/\/api.w.org\/{rel}","templated":true}]}}