{"id":3811,"date":"2022-03-25T13:20:16","date_gmt":"2022-03-25T12:20:16","guid":{"rendered":"https:\/\/komvak.buges.sk\/tortenelmi-attekintes\/kanalizacio\/"},"modified":"2022-03-28T14:23:01","modified_gmt":"2022-03-28T12:23:01","slug":"kanalizacio","status":"publish","type":"page","link":"https:\/\/komvak.sk\/hu\/rolunk\/tortenelmi-attekintes\/kanalizacio\/","title":{"rendered":"Csatornarendszer"},"content":{"rendered":"\n<div class=\"row row-collapse\"  id=\"row-1864624982\">\n\n\n\t<div id=\"col-51706601\" class=\"col show-for-medium medium-12 small-12 large-3\"  >\n\t\t\t\t<div class=\"col-inner\"  >\n\t\t\t\n\t\t\t\n\n<div class=\"container section-title-container\" ><h3 class=\"section-title section-title-bold-center\"><b aria-hidden=\"true\"><\/b><span class=\"section-title-main\" style=\"color:rgb(18, 109, 177);\">Csatornarendszer t\u00f6rt\u00e9nete<\/span><b aria-hidden=\"true\"><\/b><\/h3><\/div>\n\n\n\t\t<\/div>\n\t\t\t\t\t<\/div>\n\n\t\n\n\t<div id=\"col-849802925\" class=\"col is-sticky-column hide-for-medium medium-12 small-12 large-3\"  >\n\t\t\t\t<div class=\"col-inner\"  >\n\t\t\t\n\t\t\t\n\n<div class=\"container section-title-container\" ><h3 class=\"section-title section-title-bold\"><b aria-hidden=\"true\"><\/b><span class=\"section-title-main\" style=\"color:rgb(18, 109, 177);\">Csatornarendszer t\u00f6rt\u00e9nete<\/span><b aria-hidden=\"true\"><\/b><\/h3><\/div>\n\n\n\t\t<\/div>\n\t\t\t\t\t<\/div>\n\n\t\n\n\t<div id=\"col-1393261677\" class=\"col bw--drop_shadow medium-12 small-12 large-9\"  >\n\t\t\t\t<div class=\"col-inner text-left\"  >\n\t\t\t\n\t<div class=\"is-border\"\n\t\tstyle=\"border-color:rgb(18, 109, 177);border-width:2.5px 2.5px 2.5px 2.5px;\">\n\t<\/div>\n\t\t\t\n\n<p>Legfontosabb, s egyben a legnehezebben megoldhat\u00f3 feladatnak bizonyult a szennyv\u00edz elvezet\u00e9se a lak\u00e1sok k\u00f6zel\u00e9b\u0151l. Kom\u00e1rom v\u00e1rosa eset\u00e9ben a csatornarendszer kialak\u00edt\u00e1sa &#8211; hasonl\u00f3an a k\u00f6rnyez\u0151 foly\u00f3menti telep\u00fcl\u00e9sekhez &#8211; egys\u00e9ges volt, teh\u00e1t az es\u0151v\u00edz, ill. a szennyv\u00edz elvezet\u00e9se egyszere t\u00f6rt\u00e9nt. A v\u00e1ros szennyv\u00edzelvezet\u00e9s\u00e9nek megold\u00e1sa 1894-ben vett gyors fordulatot, amikoris k\u00e9t utc\u00e1ban kialak\u00edtottak egy imm\u00e1r megfelel\u0151 param\u00e9terekkel &#8211; keresztmetszettel, ill.es\u00e9ssel &#8211; rendelkez\u0151 csatornarendszert. Az els\u0151, betonb\u00f3l k\u00e9sz\u00fclt szennycsatorna 1894-ben k\u00e9sz\u00fclt. Ezid\u00e1ig a szennycsatorn\u00e1kat t\u00e9glalap keresztmetszettel k\u0151lapokb\u00f3l k\u00e9sz\u00edtett\u00e9k. Az egyes utc\u00e1kb\u00f3l torkoll\u00f3 szennyv\u00edz \u00e9s es\u0151v\u00edz felfog\u00e1s\u00e1ra, ill. begy\u0171jt\u00e9s\u00e9re az 1897-es esztend\u0151ben kialak\u00edtottak egy f\u0151 gy\u0171jt\u0151csatorn\u00e1t, mely a Duna ment\u00e9n h\u00faz\u00f3dott. A Megyercsi, F\u00fcrd\u0151, \u00daj, \u00e9s a Hal\u00e1sz utc\u00e1k szennyv\u00edzmentes\u00edt\u00e9s\u00e9t 1902-ben oldott\u00e1k meg, a szennycsatorn\u00e1kat a f\u0151 szennyv\u00edzgy\u0171jt\u0151be csatlakoztatt\u00e1k. Az ezt k\u00f6vet\u0151 utc\u00e1k &#8211; a szennyv\u00edzelvezet\u00e9s szempontj\u00e1b\u00f3l &#8211; az al\u00e1bbiak voltak: Citrom, V\u00e1r, N\u00e1dor, H\u00edd, valamint a Kossuth-t\u00e9r. A f\u0151 gy\u0171jt\u0151csatorna a k\u00f6vetkez\u0151 param\u00e9terekkel rendelkezett: hossza 1.338,3 m, \u00e1tm\u00e9r\u0151je 130\/195 cm a kil\u00e9p\u0151ny\u00edl\u00e1sn\u00e1l, az anyaga beton, megfelel\u0151 es\u00e9ssel. A v\u00e1ros k\u00e9relm\u00e9re a k\u00f3rm\u00e1ny d\u00f6nt\u00f6tt a gy\u0171jt\u0151csatorna meghosszabb\u00edt\u00e1s\u00e1r\u00f3l eg\u00e9szen a v\u00e1roson k\u00edv\u00fcl t\u00f6rt\u00e9n\u0151 kivezet\u00e9ssel. Az 1911-es \u00e9vben R\u00d6CK tipus\u00fa g\u00e1zmotorok gy\u00e1rt\u00e1s\u00e1ra ker\u00fclt sor, melyek seg\u00edts\u00e9g\u00e9vel a 60 Hp teljes\u00edtm\u00e9ny\u0171 Ganz tipus\u00fa szivatty\u00fak a Duna magasabb v\u00edzszintje eset\u00e9n \u00e1tszivatty\u00fazt\u00e1k a vizet, m\u00e9gpedig eg\u00e9szen addig, m\u00edg 1974-ben be nem fejezt\u00e9k az \u00faj szivatty\u00fa\u00e1llom\u00e1s fel\u00e9p\u00edt\u00e9s\u00e9t. A v\u00edzvezet\u00e9k ki\u00e9p\u00edt\u00e9s\u00e9nek befejez\u00e9se ut\u00e1n a csatornarendszer jelent\u0151s\u00e9ge \/\u00e9rt\u00e9ke emelkedett, mert \u00edgy a hossz\u00fa es\u0151mentes id\u0151szakok, ill. sz\u00e1razs\u00e1g idej\u00e9n lehet\u0151s\u00e9g ny\u00edlt a csatorna \u00f6bl\u00edt\u00e9s\u00e9re.<\/p>\n<div class=\"row\"  id=\"row-1070228067\">\n\n\n\t<div id=\"col-1069299577\" class=\"col medium-6 small-12 large-6\"  >\n\t\t\t\t<div class=\"col-inner\"  >\n\t\t\t\n\t\t\t\n\n<p>A v\u00e1ros jobb oldali r\u00e9sze 160 hekt\u00e1r alapter\u00fcleten elter\u00fcl\u0151 27 kisebb k\u00f6rzetre volt felosztva. A k\u00f6zpont szennyv\u00edzmentes\u00edt\u00e9se eset\u00e9ben az es\u0151v\u00edznek 8 liter m\u00e1sodpercenk\u00e9nt 1 hekt\u00e1rra param\u00e9terekkel t\u00f6rt\u00e9n\u0151 elvezet\u00e9s\u00e9t fontolgatt\u00e1k, a v\u00e1ros t\u00f6bbi r\u00e9sz\u00e9ben az es\u0151v\u00edz jelent\u0151s h\u00e1nyada besziv\u00e1rgott a homokos talajba. A 120\/180 cm keresztmetszet\u0171, toj\u00e1s alak\u00fa f\u0151 gy\u0171jt\u0151tart\u00e1ly 1284 liter m\u00e1sodpercenk\u00e9nti teljes\u00edt\u0151k\u00e9pess\u00e9ggel rendelkezik, a t\u00f6bbi szennycsatorna \u00e1tm\u00e9r\u0151je 30\/45-t\u0151l 90\/135 cm sz\u00e9less\u00e9gig terjedt. A csatornah\u00e1l\u00f3zat jelent\u00f6s r\u00e9sz\u00e9t 2,5 &#8211; 3 m m\u00e9lys\u00e9gben fektett\u00e9k le, kiv\u00e9teles esetben a lefektet\u00e9s 2 m-n\u00e9l sek\u00e9lyebb, ill. 4,0 m-n\u00e9l nagyobb m\u00e9lys\u00e9gben t\u00f6rt\u00e9nt. A szennycsatorna, a rev\u00edzi\u00f3s \u00e9s \u00f6bl\u00edt\u0151 akn\u00e1k, az es\u0151v\u00edznyel\u0151 akn\u00e1k ki\u00e9p\u00edt\u00e9s\u00e9hez\/kialak\u00edt\u00e1s\u00e1hoz Portland-cementet alkalmaztak. Ily m\u00f3don ker\u00fclt kialak\u00edt\u00e1sra a csatornarendszer az 1910-es \u00e9vek elej\u00e9n a Duna jobb oldal\u00e1n elter\u00fcl\u0151 v\u00e1rosr\u00e9szben. A Duna magasabb v\u00edz\u00e1ll\u00e1sa idej\u00e9n a v\u00edz k\u00f6zvetlen kienged\u00e9se nem volt lehets\u00e9ges, ez\u00e9rt szivatty\u00fa\u00e1llom\u00e1sok ki\u00e9p\u00edt\u00e9s\u00e9re ker\u00fclt sor. A csatornah\u00e1l\u00f3zat kivezet\u00e9s\u00e9t 520 m\u00e9terrel a selyemgy\u00e1r alatt jel\u00f6lt\u00e9k ki.     <\/p>\n\n\t\t<\/div>\n\t\t\t\t\t<\/div>\n\n\t\n\n\t<div id=\"col-720147723\" class=\"col medium-6 small-12 large-6\"  >\n\t\t\t\t<div class=\"col-inner\"  >\n\t\t\t\n\t\t\t\n\n\t<div class=\"img has-hover x md-x lg-x y md-y lg-y\" id=\"image_1445205425\">\n\t\t<a class=\"image-lightbox lightbox-gallery\" title=\"\" href=\"https:\/\/komvak.sk\/wp-content\/uploads\/komvak_e1490252893540.jpeg\">\t\t\t\t\t\t<div class=\"img-inner image-zoom image-cover dark\" style=\"padding-top:100%;\">\n\t\t\t<img loading=\"lazy\" decoding=\"async\" width=\"900\" height=\"688\" src=\"https:\/\/komvak.sk\/wp-content\/uploads\/komvak_e1490252893540.jpeg\" class=\"attachment-original size-original\" alt=\"\" srcset=\"https:\/\/komvak.sk\/wp-content\/uploads\/komvak_e1490252893540.jpeg 900w, https:\/\/komvak.sk\/wp-content\/uploads\/komvak_e1490252893540-300x229.jpeg 300w, https:\/\/komvak.sk\/wp-content\/uploads\/komvak_e1490252893540-768x587.jpeg 768w\" sizes=\"auto, (max-width: 900px) 100vw, 900px\" \/>\t\t\t\t\t\t\n\t\t\t\t\t<\/div>\n\t\t\t\t\t\t<\/a>\t\t\n<style>\n#image_1445205425 {\n  width: 100%;\n}\n<\/style>\n\t<\/div>\n\t\n\n\n\t\t<\/div>\n\t\t\t\t\t<\/div>\n\n\t\n\n<\/div>\n\n\t\t<\/div>\n\t\t\t\t\n<style>\n#col-1393261677 > .col-inner {\n  padding: 30px 30px 30px 30px;\n}\n<\/style>\n\t<\/div>\n\n\t\n\n<\/div>\n\t<div id=\"gap-1766296458\" class=\"gap-element clearfix\" style=\"display:block; height:auto;\">\n\t\t\n<style>\n#gap-1766296458 {\n  padding-top: 60px;\n}\n<\/style>\n\t<\/div>\n\t\n\n\n","protected":false},"excerpt":{"rendered":"","protected":false},"author":1,"featured_media":0,"parent":3789,"menu_order":0,"comment_status":"closed","ping_status":"closed","template":"","meta":{"footnotes":""},"class_list":["post-3811","page","type-page","status-publish","hentry"],"yoast_head":"<!-- This site is optimized with the Yoast SEO plugin v27.5 - https:\/\/yoast.com\/product\/yoast-seo-wordpress\/ -->\n<title>Csatornarendszer &#8226; KOMVak<\/title>\n<meta name=\"robots\" content=\"index, follow, max-snippet:-1, max-image-preview:large, max-video-preview:-1\" \/>\n<link rel=\"canonical\" href=\"https:\/\/komvak.sk\/hu\/rolunk\/tortenelmi-attekintes\/kanalizacio\/\" \/>\n<meta property=\"og:locale\" content=\"hu_HU\" \/>\n<meta property=\"og:type\" content=\"article\" \/>\n<meta property=\"og:title\" content=\"Csatornarendszer &#8226; KOMVak\" \/>\n<meta property=\"og:url\" content=\"https:\/\/komvak.sk\/hu\/rolunk\/tortenelmi-attekintes\/kanalizacio\/\" \/>\n<meta property=\"og:site_name\" content=\"KOMVak\" \/>\n<meta property=\"article:publisher\" content=\"https:\/\/www.facebook.com\/KOMVaKKomarno\" \/>\n<meta property=\"article:modified_time\" content=\"2022-03-28T12:23:01+00:00\" \/>\n<meta name=\"twitter:card\" content=\"summary_large_image\" \/>\n<meta name=\"twitter:label1\" content=\"Becs\u00fclt olvas\u00e1si id\u0151\" \/>\n\t<meta name=\"twitter:data1\" content=\"4 perc\" \/>\n<script type=\"application\/ld+json\" class=\"yoast-schema-graph\">{\"@context\":\"https:\\\/\\\/schema.org\",\"@graph\":[{\"@type\":\"WebPage\",\"@id\":\"https:\\\/\\\/komvak.sk\\\/hu\\\/rolunk\\\/tortenelmi-attekintes\\\/kanalizacio\\\/\",\"url\":\"https:\\\/\\\/komvak.sk\\\/hu\\\/rolunk\\\/tortenelmi-attekintes\\\/kanalizacio\\\/\",\"name\":\"Csatornarendszer &#8226; KOMVak\",\"isPartOf\":{\"@id\":\"https:\\\/\\\/komvak.sk\\\/hu\\\/#website\"},\"datePublished\":\"2022-03-25T12:20:16+00:00\",\"dateModified\":\"2022-03-28T12:23:01+00:00\",\"breadcrumb\":{\"@id\":\"https:\\\/\\\/komvak.sk\\\/hu\\\/rolunk\\\/tortenelmi-attekintes\\\/kanalizacio\\\/#breadcrumb\"},\"inLanguage\":\"hu\",\"potentialAction\":[{\"@type\":\"ReadAction\",\"target\":[\"https:\\\/\\\/komvak.sk\\\/hu\\\/rolunk\\\/tortenelmi-attekintes\\\/kanalizacio\\\/\"]}]},{\"@type\":\"BreadcrumbList\",\"@id\":\"https:\\\/\\\/komvak.sk\\\/hu\\\/rolunk\\\/tortenelmi-attekintes\\\/kanalizacio\\\/#breadcrumb\",\"itemListElement\":[{\"@type\":\"ListItem\",\"position\":1,\"name\":\"Home\",\"item\":\"https:\\\/\\\/komvak.sk\\\/hu\\\/\"},{\"@type\":\"ListItem\",\"position\":2,\"name\":\"R\u00f3lunk\",\"item\":\"https:\\\/\\\/komvak.sk\\\/hu\\\/rolunk\\\/\"},{\"@type\":\"ListItem\",\"position\":3,\"name\":\"T\u00f6rt\u00e9nelmi \u00e1ttekint\u00e9s\",\"item\":\"https:\\\/\\\/komvak.sk\\\/hu\\\/rolunk\\\/tortenelmi-attekintes\\\/\"},{\"@type\":\"ListItem\",\"position\":4,\"name\":\"Csatornarendszer\"}]},{\"@type\":\"WebSite\",\"@id\":\"https:\\\/\\\/komvak.sk\\\/hu\\\/#website\",\"url\":\"https:\\\/\\\/komvak.sk\\\/hu\\\/\",\"name\":\"KOMVak\",\"description\":\"Vod\u00e1rne a kanaliz\u00e1cie mesta Kom\u00e1rna, a.s.\",\"publisher\":{\"@id\":\"https:\\\/\\\/komvak.sk\\\/hu\\\/#organization\"},\"potentialAction\":[{\"@type\":\"SearchAction\",\"target\":{\"@type\":\"EntryPoint\",\"urlTemplate\":\"https:\\\/\\\/komvak.sk\\\/hu\\\/?s={search_term_string}\"},\"query-input\":{\"@type\":\"PropertyValueSpecification\",\"valueRequired\":true,\"valueName\":\"search_term_string\"}}],\"inLanguage\":\"hu\"},{\"@type\":\"Organization\",\"@id\":\"https:\\\/\\\/komvak.sk\\\/hu\\\/#organization\",\"name\":\"KOMVaK - Vod\u00e1rne a kanaliz\u00e1cie mesta Kom\u00e1rna, a.s.\",\"url\":\"https:\\\/\\\/komvak.sk\\\/hu\\\/\",\"logo\":{\"@type\":\"ImageObject\",\"inLanguage\":\"hu\",\"@id\":\"https:\\\/\\\/komvak.sk\\\/hu\\\/#\\\/schema\\\/logo\\\/image\\\/\",\"url\":\"https:\\\/\\\/komvak.sk\\\/wp-content\\\/uploads\\\/KOMVak_logo.png\",\"contentUrl\":\"https:\\\/\\\/komvak.sk\\\/wp-content\\\/uploads\\\/KOMVak_logo.png\",\"width\":948,\"height\":619,\"caption\":\"KOMVaK - Vod\u00e1rne a kanaliz\u00e1cie mesta Kom\u00e1rna, a.s.\"},\"image\":{\"@id\":\"https:\\\/\\\/komvak.sk\\\/hu\\\/#\\\/schema\\\/logo\\\/image\\\/\"},\"sameAs\":[\"https:\\\/\\\/www.facebook.com\\\/KOMVaKKomarno\"]}]}<\/script>\n<!-- \/ Yoast SEO plugin. -->","yoast_head_json":{"title":"Csatornarendszer &#8226; KOMVak","robots":{"index":"index","follow":"follow","max-snippet":"max-snippet:-1","max-image-preview":"max-image-preview:large","max-video-preview":"max-video-preview:-1"},"canonical":"https:\/\/komvak.sk\/hu\/rolunk\/tortenelmi-attekintes\/kanalizacio\/","og_locale":"hu_HU","og_type":"article","og_title":"Csatornarendszer &#8226; KOMVak","og_url":"https:\/\/komvak.sk\/hu\/rolunk\/tortenelmi-attekintes\/kanalizacio\/","og_site_name":"KOMVak","article_publisher":"https:\/\/www.facebook.com\/KOMVaKKomarno","article_modified_time":"2022-03-28T12:23:01+00:00","twitter_card":"summary_large_image","twitter_misc":{"Becs\u00fclt olvas\u00e1si id\u0151":"4 perc"},"schema":{"@context":"https:\/\/schema.org","@graph":[{"@type":"WebPage","@id":"https:\/\/komvak.sk\/hu\/rolunk\/tortenelmi-attekintes\/kanalizacio\/","url":"https:\/\/komvak.sk\/hu\/rolunk\/tortenelmi-attekintes\/kanalizacio\/","name":"Csatornarendszer &#8226; KOMVak","isPartOf":{"@id":"https:\/\/komvak.sk\/hu\/#website"},"datePublished":"2022-03-25T12:20:16+00:00","dateModified":"2022-03-28T12:23:01+00:00","breadcrumb":{"@id":"https:\/\/komvak.sk\/hu\/rolunk\/tortenelmi-attekintes\/kanalizacio\/#breadcrumb"},"inLanguage":"hu","potentialAction":[{"@type":"ReadAction","target":["https:\/\/komvak.sk\/hu\/rolunk\/tortenelmi-attekintes\/kanalizacio\/"]}]},{"@type":"BreadcrumbList","@id":"https:\/\/komvak.sk\/hu\/rolunk\/tortenelmi-attekintes\/kanalizacio\/#breadcrumb","itemListElement":[{"@type":"ListItem","position":1,"name":"Home","item":"https:\/\/komvak.sk\/hu\/"},{"@type":"ListItem","position":2,"name":"R\u00f3lunk","item":"https:\/\/komvak.sk\/hu\/rolunk\/"},{"@type":"ListItem","position":3,"name":"T\u00f6rt\u00e9nelmi \u00e1ttekint\u00e9s","item":"https:\/\/komvak.sk\/hu\/rolunk\/tortenelmi-attekintes\/"},{"@type":"ListItem","position":4,"name":"Csatornarendszer"}]},{"@type":"WebSite","@id":"https:\/\/komvak.sk\/hu\/#website","url":"https:\/\/komvak.sk\/hu\/","name":"KOMVak","description":"Vod\u00e1rne a kanaliz\u00e1cie mesta Kom\u00e1rna, a.s.","publisher":{"@id":"https:\/\/komvak.sk\/hu\/#organization"},"potentialAction":[{"@type":"SearchAction","target":{"@type":"EntryPoint","urlTemplate":"https:\/\/komvak.sk\/hu\/?s={search_term_string}"},"query-input":{"@type":"PropertyValueSpecification","valueRequired":true,"valueName":"search_term_string"}}],"inLanguage":"hu"},{"@type":"Organization","@id":"https:\/\/komvak.sk\/hu\/#organization","name":"KOMVaK - Vod\u00e1rne a kanaliz\u00e1cie mesta Kom\u00e1rna, a.s.","url":"https:\/\/komvak.sk\/hu\/","logo":{"@type":"ImageObject","inLanguage":"hu","@id":"https:\/\/komvak.sk\/hu\/#\/schema\/logo\/image\/","url":"https:\/\/komvak.sk\/wp-content\/uploads\/KOMVak_logo.png","contentUrl":"https:\/\/komvak.sk\/wp-content\/uploads\/KOMVak_logo.png","width":948,"height":619,"caption":"KOMVaK - Vod\u00e1rne a kanaliz\u00e1cie mesta Kom\u00e1rna, a.s."},"image":{"@id":"https:\/\/komvak.sk\/hu\/#\/schema\/logo\/image\/"},"sameAs":["https:\/\/www.facebook.com\/KOMVaKKomarno"]}]}},"_links":{"self":[{"href":"https:\/\/komvak.sk\/hu\/wp-json\/wp\/v2\/pages\/3811","targetHints":{"allow":["GET"]}}],"collection":[{"href":"https:\/\/komvak.sk\/hu\/wp-json\/wp\/v2\/pages"}],"about":[{"href":"https:\/\/komvak.sk\/hu\/wp-json\/wp\/v2\/types\/page"}],"author":[{"embeddable":true,"href":"https:\/\/komvak.sk\/hu\/wp-json\/wp\/v2\/users\/1"}],"replies":[{"embeddable":true,"href":"https:\/\/komvak.sk\/hu\/wp-json\/wp\/v2\/comments?post=3811"}],"version-history":[{"count":0,"href":"https:\/\/komvak.sk\/hu\/wp-json\/wp\/v2\/pages\/3811\/revisions"}],"up":[{"embeddable":true,"href":"https:\/\/komvak.sk\/hu\/wp-json\/wp\/v2\/pages\/3789"}],"wp:attachment":[{"href":"https:\/\/komvak.sk\/hu\/wp-json\/wp\/v2\/media?parent=3811"}],"curies":[{"name":"wp","href":"https:\/\/api.w.org\/{rel}","templated":true}]}}