{"id":3813,"date":"2022-03-25T13:22:19","date_gmt":"2022-03-25T12:22:19","guid":{"rendered":"https:\/\/komvak.buges.sk\/tortenelmi-attekintes\/komarom\/"},"modified":"2022-03-28T14:31:13","modified_gmt":"2022-03-28T12:31:13","slug":"komarom","status":"publish","type":"page","link":"https:\/\/komvak.sk\/hu\/rolunk\/tortenelmi-attekintes\/komarom\/","title":{"rendered":"Kom\u00e1rom"},"content":{"rendered":"\n<div class=\"row row-collapse\"  id=\"row-2084822523\">\n\n\n\t<div id=\"col-934045514\" class=\"col show-for-medium medium-12 small-12 large-3\"  >\n\t\t\t\t<div class=\"col-inner\"  >\n\t\t\t\n\t\t\t\n\n<div class=\"container section-title-container\" ><h3 class=\"section-title section-title-bold-center\"><b aria-hidden=\"true\"><\/b><span class=\"section-title-main\" style=\"color:rgb(18, 109, 177);\">Kom\u00e1rom<\/span><b aria-hidden=\"true\"><\/b><\/h3><\/div>\n\n\n\t\t<\/div>\n\t\t\t\t\t<\/div>\n\n\t\n\n\t<div id=\"col-982958012\" class=\"col is-sticky-column hide-for-medium medium-12 small-12 large-3\"  >\n\t\t\t\t<div class=\"col-inner\"  >\n\t\t\t\n\t\t\t\n\n<div class=\"container section-title-container\" ><h3 class=\"section-title section-title-bold\"><b aria-hidden=\"true\"><\/b><span class=\"section-title-main\" style=\"color:rgb(18, 109, 177);\">Kom\u00e1rom<\/span><b aria-hidden=\"true\"><\/b><\/h3><\/div>\n\n\n\t\t<\/div>\n\t\t\t\t\t<\/div>\n\n\t\n\n\t<div id=\"col-1583548410\" class=\"col bw--drop_shadow medium-12 small-12 large-9\"  >\n\t\t\t\t<div class=\"col-inner text-left\"  >\n\t\t\t\n\t<div class=\"is-border\"\n\t\tstyle=\"border-color:rgb(18, 109, 177);border-width:2.5px 2.5px 2.5px 2.5px;\">\n\t<\/div>\n\t\t\t\n\n<div class=\"row\"  id=\"row-2027703774\">\n\n\n\t<div id=\"col-583837846\" class=\"col medium-6 small-12 large-6\"  >\n\t\t\t\t<div class=\"col-inner\"  >\n\t\t\t\n\t\t\t\n\n<p>A h\u00e1bor\u00fas k\u00e1rok felsz\u00e1mol\u00e1s\u00e1val, ill. a Szlov\u00e1k haj\u00f3gy\u00e1r meg\u00e9p\u00edt\u00e9s\u00e9vel a v\u00e1ros \u00faj fejl\u0151d\u00e9si szakaszba l\u00e9pett. Az 50-es \u00e9vek elej\u00e9n az I. \u00e9s II. lak\u00f3telep fel\u00e9p\u00edt\u00e9s\u00e9vel ig\u00e9ny t\u00e1madt a v\u00edzvezet\u00e9kh\u00e1l\u00f3zat b\u0151v\u00edt\u00e9s\u00e9re, szint\u00fagy a m\u00e1sodik (&#8222;B&#8221;) f\u0151 szennyv\u00edzgy\u0171jt\u0151 kialak\u00edt\u00e1s\u00e1ra, ideiglenes szivatty\u00fateleppel a g\u00e1zgy\u00e1rn\u00e1l \u00e9s a IX. b\u00e1sty\u00e1n\u00e1l. Az ipari ter\u00fclet, ill. az \u00faj lak\u00f3telepek fel\u00e9p\u00edt\u00e9se megk\u00f6vetelte az \u00fan. &#8222;B&#8221; \u00e9s &#8222;B1&#8221; szennyv\u00edzgy\u0171jt\u0151 meghosszabb\u00edt\u00e1s\u00e1rt ill. az 1965-\u0151s \u00e1rv\u00edz ut\u00e1n a Singell\u0151ben az \u00faj, \u00fan. &#8222;C&#8221; szennyv\u00edzgy\u0171jt\u0151 kialk\u00edt\u00e1s\u00e1t. A sokemeletes \u00e9p\u00fcletek\/toronyh\u00e1zak \u00e9p\u00edt\u00e9s\u00e9vel sz\u00fcks\u00e9gess\u00e9 v\u00e1lt er\u0151s\u00edt\u0151 \u00e1llom\u00e1sok \u00e9p\u00edt\u00e9se is. A v\u00edzk\u00e9szletek tov\u00e1bbi 6 k\u00fattal b\u0151v\u00fcltek, \u00e9s a v\u00edzm\u0171vekn\u00e9l a g\u00e1zhajt\u00e1s\u00fa motorokat villanymotorokra cser\u00e9lt\u00e9k. A 70-es \u00e9vek elej\u00e9n (a szivatty\u00fa\u00e1llom\u00e1s \u00fajj\u00e1\u00e9p\u00edt\u00e9se sor\u00e1n) \u00fczembe helyezt\u00e9k a 2 x 1.000 m3 param\u00e9terrel rendelkez\u0151 t\u00e1roz\u00f3kat. A v\u00edzvezet\u00e9k kiszor\u00edt\u00e1sa is 350 mm \u00e1tlagra emelkedett. A Duna\u00e1g felett \u00e1t\u00edvel\u0151 csap\u00f3h\u00edd meg\u00e9p\u00edt\u00e9se megk\u00f6vetelte a a v\u00edzvezet\u00e9knek a Duna\u00e1g alatti cs\u0151bujtat\u00e1sba t\u00f6rt\u00e9n\u0151 elhelyez\u00e9s\u00e9t.       <\/p>\n\n\t\t<\/div>\n\t\t\t\t\t<\/div>\n\n\t\n\n\t<div id=\"col-2050388984\" class=\"col medium-6 small-12 large-6\"  >\n\t\t\t\t<div class=\"col-inner text-right\"  >\n\t\t\t\n\t\t\t\n\n\t<div class=\"img has-hover x md-x lg-x y md-y lg-y\" id=\"image_738955949\">\n\t\t\t\t\t\t\t\t<div class=\"img-inner dark\" >\n\t\t\t<img loading=\"lazy\" decoding=\"async\" width=\"300\" height=\"348\" src=\"https:\/\/komvak.sk\/wp-content\/uploads\/kn3.jpeg\" class=\"attachment-original size-original\" alt=\"\" srcset=\"https:\/\/komvak.sk\/wp-content\/uploads\/kn3.jpeg 300w, https:\/\/komvak.sk\/wp-content\/uploads\/kn3-259x300.jpeg 259w\" sizes=\"auto, (max-width: 300px) 100vw, 300px\" \/>\t\t\t\t\t\t\n\t\t\t\t\t<\/div>\n\t\t\t\t\t\t\t\t\n<style>\n#image_738955949 {\n  width: 100%;\n}\n@media (min-width:550px) {\n  #image_738955949 {\n    width: 90%;\n  }\n}\n<\/style>\n\t<\/div>\n\t\n\n\n\t\t<\/div>\n\t\t\t\t\t<\/div>\n\n\t\n\n<\/div>\n<div class=\"row\"  id=\"row-1759843326\">\n\n\n\t<div id=\"col-1519282448\" class=\"col medium-6 small-12 large-6\"  >\n\t\t\t\t<div class=\"col-inner\"  >\n\t\t\t\n\t\t\t\n\n\t<div class=\"img has-hover x md-x lg-x y md-y lg-y\" id=\"image_1383372016\">\n\t\t\t\t\t\t\t\t<div class=\"img-inner dark\" >\n\t\t\t<img loading=\"lazy\" decoding=\"async\" width=\"413\" height=\"557\" src=\"https:\/\/komvak.sk\/wp-content\/uploads\/15203762.jpeg\" class=\"attachment-large size-large\" alt=\"\" srcset=\"https:\/\/komvak.sk\/wp-content\/uploads\/15203762.jpeg 413w, https:\/\/komvak.sk\/wp-content\/uploads\/15203762-222x300.jpeg 222w\" sizes=\"auto, (max-width: 413px) 100vw, 413px\" \/>\t\t\t\t\t\t\n\t\t\t\t\t<\/div>\n\t\t\t\t\t\t\t\t\n<style>\n#image_1383372016 {\n  width: 100%;\n}\n@media (min-width:550px) {\n  #image_1383372016 {\n    width: 90%;\n  }\n}\n<\/style>\n\t<\/div>\n\t\n\n\n\t\t<\/div>\n\t\t\t\t\t<\/div>\n\n\t\n\n\t<div id=\"col-548273729\" class=\"col medium-6 small-12 large-6\"  >\n\t\t\t\t<div class=\"col-inner\"  >\n\t\t\t\n\t\t\t\n\n<p>K\u00f6zvetlen\u00fcl az 1965-\u00f6s \u00e1rv\u00edz ut\u00e1n megkezd\u0151d\u00f6tt a &#8211; jelent\u0151sen k\u00e1rosodott \u00e1llapot\u00fa &#8211; csatornarendszer felsz\u00e1mol\u00e1sa a rakpart k\u00f6zel\u00e9ben tal\u00e1lhat\u00f3 &#8222;A&#8221; szennyv\u00edzgy\u0171jt\u0151 menti utc\u00e1kban. Ez egyben a &#8222;B&#8221; szennyv\u00edzgy\u0171jt\u0151 \u00e1thelyez\u00e9s\u00e9nek kezdet\u00e9t jelentette, ami a kik\u00f6t\u0151 ki\u00e9p\u00edt\u00e9se ut\u00e1n a vas\u00fati s\u00ednek alatt v\u00edz al\u00e1 ker\u00fclt. Az 1965-\u00f6s \u00e9vben megkezd\u0151d\u00f6tt a csatornarendszer \u00e1ltal\u00e1nos fel\u00faj\u00edt\u00e1sa. Kezd\u0151l\u00e9p\u00e9sk\u00e9nt felh\u00fazt\u00e1k a V\u00e1g foly\u00f3 menti g\u00e1tat, e munk\u00e1latoknak k\u00f6sz\u00f6nhet\u0151en v\u00e9dett ter\u00fclet jot l\u00e9tre egy mechanikus szennyv\u00edztiszt\u00edt\u00f3 fel\u00e9p\u00edt\u00e9s\u00e9re. Ezen \u00e9p\u00edtkez\u00e9s keret\u00e9n bel\u00fcl a szennyv\u00edztiszt\u00edt\u00f3n k\u00edv\u00fcl k\u00e9t f\u0151 szivatty\u00fa\u00e1llom\u00e1s is meg\u00e9p\u00fclt, m\u00e9gpedig a &#8222;B&#8221; szennyv\u00edzgy\u0171jt\u0151 v\u00e9g\u00e9n a V\u00e1g szivatty\u00fa\u00e1llom\u00e1s, ill. az &#8222;A&#8221; szennyv\u00edzgy\u0171jt\u0151 v\u00e9g\u00e9n a Duna szivatty\u00fa\u00e1llom\u00e1s, ezenk\u00edv\u00fcl az \u00f6sszek\u00f6t\u0151 csatorna a h\u00edg\u00edtott szennyv\u00edz elvezet\u00e9s\u00e9re a Duna szivatty\u00fa\u00e1llom\u00e1sb\u00f3l a szennyv\u00edztiszt\u00edt\u00f3ba, a &#8222;B&#8221; szennyv\u00edzgy\u0171jt\u0151 meghosszabb\u00edt\u00e1sa, ill. a csatornarendszer nem megfelel\u0151 \u00e1llapotban l\u00e9v\u0151 szakaszainak cser\u00e9je. Az ezt k\u00f6vet\u0151 szakaszokban befejezt\u00e9k az eg\u00e9sz &#8222;A&#8221; szennyv\u00edzgy\u0171jt\u0151 meg\u00e9p\u00edt\u00e9s\u00e9t, le\u00e1ll\u00edtott\u00e1k a kik\u00f6t\u0151 alatti \u00f6reg szennyv\u00edzgy\u0171jt\u0151t a Kik\u00f6t\u0151ben l\u00e9v\u0151 szennyv\u00edzelvezet\u0151 szivatty\u00fateleppel egy\u00fctt. A v\u00e1ros jelent\u0151s fejl\u0151d\u00e9se a csatornah\u00e1rendszer tov\u00e1bbi fejleszt\u00e9s\u00e9t is maga ut\u00e1n vonta. Sor ker\u00fclt az \u00faj, 1.020 mm \u00e1tm\u00e9r\u0151j\u0171 &#8222;SK&#8221; \u00e9s &#8222;SVK&#8221; kutak, 2 x 6.000 m3 param\u00e9terrel rendelkez\u0151 D\u00e9l t\u00e1roz\u00f3k l\u00e9trehoz\u00e1s\u00e1ra, melyek 600 mm \u00e1tm\u00e9r\u0151vel csatlakoznak a v\u00edzk\u00e9szletre, valamint DN 600-800 mm-es \u00faj nyom\u00e1scs\u00f6veket is lefektettek.      <\/p>\n\n\t\t<\/div>\n\t\t\t\t\t<\/div>\n\n\t\n\n<\/div>\n<p>A v\u00edzvezet\u00e9k h\u00e1l\u00f3zat megemelkedett nyom\u00e1sa lehet\u0151v\u00e9 tette a v\u00edz sz\u00e1ll\u00edt\u00e1s\u00e1t\/eljuttat\u00e1s\u00e1t a h\u00e1zak legfels\u0151 emelet\u00e9re is, \u00edgy le\u00e1ll\u00edtott\u00e1k az er\u0151s\u00edt\u0151 \u00e1llom\u00e1sokat. Ezzel a v\u00edztorony is kiiktat\u00e1sra ker\u00fclt. Az el\u00e9gs\u00e9ges v\u00edzmennyis\u00e9g azon tov\u00e1bbi falvak v\u00edzell\u00e1t\u00e1s\u00e1t is lehet\u0151v\u00e9 teszi, akik r\u00e1csatlakoztak a Kom\u00e1romi v\u00edzforr\u00e1sra. A k\u00f6vetkez\u0151 k\u00f6zs\u00e9gekr\u0151l van sz\u00f3: Izsa, Path, ill. Csall\u00f3k\u00f6zaranyos. A vezet\u00e9kes v\u00edz \u00e1r\u00e1nak emelked\u00e9se, ill. az ipar jelent\u0151s r\u00e9sz\u00e9nek le\u00e1ll\u00edt\u00e1sa a v\u00edzfogyaszt\u00e1s rohamos cs\u00f6kken\u00e9s\u00e9t vonta maga ut\u00e1n. Az 1988-89 \u00e9vben ny\u00e1ron a napi fogyaszt\u00e1s 22 500 m3 volt, jelenleg pedig &#8211; a falvak fogyaszt\u00e1s\u00e1val egyetemben &#8211; 12 500 m3. Az al\u00e1bbiakban felsorolunk n\u00e9h\u00e1ny m\u0171szaki adatot:     <\/p>\n<div class=\"accordion\">\n\n\t<div id=\"accordion-2032110305\" class=\"accordion-item\">\n\t\t<a id=\"accordion-2032110305-label\" class=\"accordion-title plain\" href=\"#accordion-item-v\u00edzforr\u00e1s\" aria-expanded=\"false\" aria-controls=\"accordion-2032110305-content\">\n\t\t\t<button class=\"toggle\" aria-label=\"Toggle\"><i class=\"icon-angle-down\" aria-hidden=\"true\"><\/i><\/button>\n\t\t\t<span>V\u00edzforr\u00e1s<\/span>\n\t\t<\/a>\n\t\t<div id=\"accordion-2032110305-content\" class=\"accordion-inner\" aria-labelledby=\"accordion-2032110305-label\">\n\t\t\t\n\n<ul style=\"list-style-type: square;\">\n<li>A v\u00edzforr\u00e1s kapacit\u00e1sa &#8211; 393 liter m\u00e1sodpercenk\u00e9nt<\/li>\n<li>T\u00e1roz\u00e1s\/akumul\u00e1ci\u00f3 &#8211; 12 000 + 2 000 m<sup>3<\/sup><\/li>\n<li>A szivatty\u00fa\u00e1llom\u00e1s kapacit\u00e1sa &#8211; 1 825 liter m\u00e1sodpercenk\u00e9nt<\/li>\n<li>Napi kapacit\u00e1s &#8211; 32 000 m<sup>3<\/sup><\/li>\n<\/ul>\n\n\t\t<\/div>\n\t<\/div>\n\t\n\t<div id=\"accordion-3005505318\" class=\"accordion-item\">\n\t\t<a id=\"accordion-3005505318-label\" class=\"accordion-title plain\" href=\"#accordion-item-v\u00edzvezet\u00e9k\" aria-expanded=\"false\" aria-controls=\"accordion-3005505318-content\">\n\t\t\t<button class=\"toggle\" aria-label=\"Toggle\"><i class=\"icon-angle-down\" aria-hidden=\"true\"><\/i><\/button>\n\t\t\t<span>V\u00edzvezet\u00e9k<\/span>\n\t\t<\/a>\n\t\t<div id=\"accordion-3005505318-content\" class=\"accordion-inner\" aria-labelledby=\"accordion-3005505318-label\">\n\t\t\t\n\n<ul style=\"list-style-type: square;\">\n<li>A DN 80 &#8211; DN 800 v\u00edzvezet\u00e9k hossza &#8211; 138,3 km<\/li>\n<li>Csatlakoz\u00f3k sz\u00e1ma &#8211; 3 963 db<\/li>\n<li>A DN 300 &#8211; 2 000 mm csatornarendszer hossza &#8211; 90,2 km<\/li>\n<li>Csatlakoz\u00f3k sz\u00e1ma &#8211; 2 809 db<\/li>\n<li>A szennyv\u00edzszivatty\u00fa teljes\u00edt\u0151k\u00e9pess\u00e9ge &#8211; 10 885 m3 naponta<\/li>\n<li>Az es\u0151vizes szivatty\u00fa teljes\u00edt\u0151k\u00e9pess\u00e9ge &#8211; 8,4 m<sup>3 <\/sup>m\u00e1sodpercenk\u00e9nt<\/li>\n<\/ul>\n\n\t\t<\/div>\n\t<\/div>\n\t\n\n<\/div>\n\n  \n    <div class=\"row  lightbox-multi-gallery large-columns-2 medium-columns-2 small-columns- row-full-width\" >\n  <div class=\"gallery-col col\" >\n          <div class=\"col-inner\">\n                        <div class=\"box has-hover gallery-box box-none\">\n              <div class=\"box-image image-cover\" style=\"padding-top:200px;\">\n                <img loading=\"lazy\" decoding=\"async\" width=\"300\" height=\"225\" src=\"https:\/\/komvak.sk\/wp-content\/uploads\/kn5.jpeg\" class=\"attachment-medium size-medium\" alt=\"\" ids=\"3901,3903\" style=\"none\" lightbox=\"false\" columns=\"2\" columns__md=\"2\" image_height=\"200px\" \/>                                                              <\/div>\n              <div class=\"box-text text-left\" >\n                 <p>OLYMPUS DIGITAL CAMERA<\/p>\n              <\/div>\n            <\/div>\n                      <\/div>\n         <\/div><div class=\"gallery-col col\" >\n          <div class=\"col-inner\">\n                        <div class=\"box has-hover gallery-box box-none\">\n              <div class=\"box-image image-cover\" style=\"padding-top:200px;\">\n                <img loading=\"lazy\" decoding=\"async\" width=\"300\" height=\"225\" src=\"https:\/\/komvak.sk\/wp-content\/uploads\/kn4.jpeg\" class=\"attachment-medium size-medium\" alt=\"\" ids=\"3901,3903\" style=\"none\" lightbox=\"false\" columns=\"2\" columns__md=\"2\" image_height=\"200px\" \/>                                                              <\/div>\n              <div class=\"box-text text-left\" >\n                 <p>OLYMPUS DIGITAL CAMERA<\/p>\n              <\/div>\n            <\/div>\n                      <\/div>\n         <\/div><\/div>\n\n<p>Rozhodnut\u00edm vl\u00e1dy SR sa vod\u00e1rne a kanaliz\u00e1cie op\u00e4\u0165 stali v roku 1997 majetkom mesta a od 1. 1. 1999 ich prev\u00e1dzkuje spolo\u010dnos\u0165 v majetku mesta \u2013 najprv CIVITAS MPSM a od novembra 2000 KOMVaK &#8211; Vod\u00e1rne a kanaliz\u00e1cie mesta Kom\u00e1rna, a.s.. Spoznaj\u00fac stav prevzat\u00e9ho majetku sa mesto rozhodlo rekon\u0161truova\u0165 kanaliza\u010dn\u00fa sie\u0165 a dostava\u0165 \u010cOV na parametre sp\u013a\u0148aj\u00face po\u017eiadavky \u010distoty od 1. 1. 2005, ako i Eur\u00f3pskej \u00fanie. Realizovala sa invest\u00edcia v hodnote 8,2 mil. EURO za pomoci programu ISPA, pri\u010dom pr\u00edspevok z ISPA \u010din\u00ed 50%, vl\u00e1da prispieva 25% a mesto Kom\u00e1rno zabezpe\u010duje zvy\u0161n\u00fdch 25% rozpo\u010dtov\u00fdch n\u00e1kladov. Dobudovala sa kanaliz\u00e1cia v celej Novej Str\u00e1\u017ei, starej Robotn\u00edckej \u0161tvrti, obnovila sa kanaliz\u00e1cia z\u00fa\u017een\u00e9ho profilu na ulici E. B. Luk\u00e1\u010da, utesnil sa kanaliza\u010dn\u00fd zbera\u010d &#8222;B&#8221; na Ul. letnej a vybudovali sa 2 da\u017e\u010fov\u00e9 reten\u010dn\u00e9 n\u00e1dr\u017ee. S\u00fa\u010dastnosti sa realizuje \u010fal\u0161ie roz\u0161\u00edrenie a intenzifik\u00e1cia \u010cOV Kom\u00e1rno s investi\u010dn\u00fdm n\u00e1kladom 5,0 milionov EUR.          <\/p>\n\n\t\t<\/div>\n\t\t\t\t\n<style>\n#col-1583548410 > .col-inner {\n  padding: 30px 30px 30px 30px;\n}\n<\/style>\n\t<\/div>\n\n\t\n\n<\/div>\n\t<div id=\"gap-1393478287\" class=\"gap-element clearfix\" style=\"display:block; height:auto;\">\n\t\t\n<style>\n#gap-1393478287 {\n  padding-top: 60px;\n}\n<\/style>\n\t<\/div>\n\t\n\n\n","protected":false},"excerpt":{"rendered":"","protected":false},"author":1,"featured_media":0,"parent":3789,"menu_order":0,"comment_status":"closed","ping_status":"closed","template":"","meta":{"footnotes":""},"class_list":["post-3813","page","type-page","status-publish","hentry"],"yoast_head":"<!-- This site is optimized with the Yoast SEO plugin v27.3 - https:\/\/yoast.com\/product\/yoast-seo-wordpress\/ -->\n<title>Kom\u00e1rom &#8226; KOMVak<\/title>\n<meta name=\"robots\" content=\"index, follow, max-snippet:-1, max-image-preview:large, max-video-preview:-1\" \/>\n<link rel=\"canonical\" href=\"https:\/\/komvak.sk\/hu\/rolunk\/tortenelmi-attekintes\/komarom\/\" \/>\n<meta property=\"og:locale\" content=\"hu_HU\" \/>\n<meta property=\"og:type\" content=\"article\" \/>\n<meta property=\"og:title\" content=\"Kom\u00e1rom &#8226; KOMVak\" \/>\n<meta property=\"og:url\" content=\"https:\/\/komvak.sk\/hu\/rolunk\/tortenelmi-attekintes\/komarom\/\" \/>\n<meta property=\"og:site_name\" content=\"KOMVak\" \/>\n<meta property=\"article:publisher\" content=\"https:\/\/www.facebook.com\/KOMVaKKomarno\" \/>\n<meta property=\"article:modified_time\" content=\"2022-03-28T12:31:13+00:00\" \/>\n<meta name=\"twitter:card\" content=\"summary_large_image\" \/>\n<meta name=\"twitter:label1\" content=\"Becs\u00fclt olvas\u00e1si id\u0151\" \/>\n\t<meta name=\"twitter:data1\" content=\"6 perc\" \/>\n<script type=\"application\/ld+json\" class=\"yoast-schema-graph\">{\"@context\":\"https:\\\/\\\/schema.org\",\"@graph\":[{\"@type\":\"WebPage\",\"@id\":\"https:\\\/\\\/komvak.sk\\\/hu\\\/rolunk\\\/tortenelmi-attekintes\\\/komarom\\\/\",\"url\":\"https:\\\/\\\/komvak.sk\\\/hu\\\/rolunk\\\/tortenelmi-attekintes\\\/komarom\\\/\",\"name\":\"Kom\u00e1rom &#8226; KOMVak\",\"isPartOf\":{\"@id\":\"https:\\\/\\\/komvak.sk\\\/hu\\\/#website\"},\"datePublished\":\"2022-03-25T12:22:19+00:00\",\"dateModified\":\"2022-03-28T12:31:13+00:00\",\"breadcrumb\":{\"@id\":\"https:\\\/\\\/komvak.sk\\\/hu\\\/rolunk\\\/tortenelmi-attekintes\\\/komarom\\\/#breadcrumb\"},\"inLanguage\":\"hu\",\"potentialAction\":[{\"@type\":\"ReadAction\",\"target\":[\"https:\\\/\\\/komvak.sk\\\/hu\\\/rolunk\\\/tortenelmi-attekintes\\\/komarom\\\/\"]}]},{\"@type\":\"BreadcrumbList\",\"@id\":\"https:\\\/\\\/komvak.sk\\\/hu\\\/rolunk\\\/tortenelmi-attekintes\\\/komarom\\\/#breadcrumb\",\"itemListElement\":[{\"@type\":\"ListItem\",\"position\":1,\"name\":\"Home\",\"item\":\"https:\\\/\\\/komvak.sk\\\/hu\\\/\"},{\"@type\":\"ListItem\",\"position\":2,\"name\":\"R\u00f3lunk\",\"item\":\"https:\\\/\\\/komvak.sk\\\/hu\\\/rolunk\\\/\"},{\"@type\":\"ListItem\",\"position\":3,\"name\":\"T\u00f6rt\u00e9nelmi \u00e1ttekint\u00e9s\",\"item\":\"https:\\\/\\\/komvak.sk\\\/hu\\\/rolunk\\\/tortenelmi-attekintes\\\/\"},{\"@type\":\"ListItem\",\"position\":4,\"name\":\"Kom\u00e1rom\"}]},{\"@type\":\"WebSite\",\"@id\":\"https:\\\/\\\/komvak.sk\\\/hu\\\/#website\",\"url\":\"https:\\\/\\\/komvak.sk\\\/hu\\\/\",\"name\":\"KOMVak\",\"description\":\"Vod\u00e1rne a kanaliz\u00e1cie mesta Kom\u00e1rna, a.s.\",\"publisher\":{\"@id\":\"https:\\\/\\\/komvak.sk\\\/hu\\\/#organization\"},\"potentialAction\":[{\"@type\":\"SearchAction\",\"target\":{\"@type\":\"EntryPoint\",\"urlTemplate\":\"https:\\\/\\\/komvak.sk\\\/hu\\\/?s={search_term_string}\"},\"query-input\":{\"@type\":\"PropertyValueSpecification\",\"valueRequired\":true,\"valueName\":\"search_term_string\"}}],\"inLanguage\":\"hu\"},{\"@type\":\"Organization\",\"@id\":\"https:\\\/\\\/komvak.sk\\\/hu\\\/#organization\",\"name\":\"KOMVaK - Vod\u00e1rne a kanaliz\u00e1cie mesta Kom\u00e1rna, a.s.\",\"url\":\"https:\\\/\\\/komvak.sk\\\/hu\\\/\",\"logo\":{\"@type\":\"ImageObject\",\"inLanguage\":\"hu\",\"@id\":\"https:\\\/\\\/komvak.sk\\\/hu\\\/#\\\/schema\\\/logo\\\/image\\\/\",\"url\":\"https:\\\/\\\/komvak.sk\\\/wp-content\\\/uploads\\\/KOMVak_logo.png\",\"contentUrl\":\"https:\\\/\\\/komvak.sk\\\/wp-content\\\/uploads\\\/KOMVak_logo.png\",\"width\":948,\"height\":619,\"caption\":\"KOMVaK - Vod\u00e1rne a kanaliz\u00e1cie mesta Kom\u00e1rna, a.s.\"},\"image\":{\"@id\":\"https:\\\/\\\/komvak.sk\\\/hu\\\/#\\\/schema\\\/logo\\\/image\\\/\"},\"sameAs\":[\"https:\\\/\\\/www.facebook.com\\\/KOMVaKKomarno\"]}]}<\/script>\n<!-- \/ Yoast SEO plugin. -->","yoast_head_json":{"title":"Kom\u00e1rom &#8226; KOMVak","robots":{"index":"index","follow":"follow","max-snippet":"max-snippet:-1","max-image-preview":"max-image-preview:large","max-video-preview":"max-video-preview:-1"},"canonical":"https:\/\/komvak.sk\/hu\/rolunk\/tortenelmi-attekintes\/komarom\/","og_locale":"hu_HU","og_type":"article","og_title":"Kom\u00e1rom &#8226; KOMVak","og_url":"https:\/\/komvak.sk\/hu\/rolunk\/tortenelmi-attekintes\/komarom\/","og_site_name":"KOMVak","article_publisher":"https:\/\/www.facebook.com\/KOMVaKKomarno","article_modified_time":"2022-03-28T12:31:13+00:00","twitter_card":"summary_large_image","twitter_misc":{"Becs\u00fclt olvas\u00e1si id\u0151":"6 perc"},"schema":{"@context":"https:\/\/schema.org","@graph":[{"@type":"WebPage","@id":"https:\/\/komvak.sk\/hu\/rolunk\/tortenelmi-attekintes\/komarom\/","url":"https:\/\/komvak.sk\/hu\/rolunk\/tortenelmi-attekintes\/komarom\/","name":"Kom\u00e1rom &#8226; KOMVak","isPartOf":{"@id":"https:\/\/komvak.sk\/hu\/#website"},"datePublished":"2022-03-25T12:22:19+00:00","dateModified":"2022-03-28T12:31:13+00:00","breadcrumb":{"@id":"https:\/\/komvak.sk\/hu\/rolunk\/tortenelmi-attekintes\/komarom\/#breadcrumb"},"inLanguage":"hu","potentialAction":[{"@type":"ReadAction","target":["https:\/\/komvak.sk\/hu\/rolunk\/tortenelmi-attekintes\/komarom\/"]}]},{"@type":"BreadcrumbList","@id":"https:\/\/komvak.sk\/hu\/rolunk\/tortenelmi-attekintes\/komarom\/#breadcrumb","itemListElement":[{"@type":"ListItem","position":1,"name":"Home","item":"https:\/\/komvak.sk\/hu\/"},{"@type":"ListItem","position":2,"name":"R\u00f3lunk","item":"https:\/\/komvak.sk\/hu\/rolunk\/"},{"@type":"ListItem","position":3,"name":"T\u00f6rt\u00e9nelmi \u00e1ttekint\u00e9s","item":"https:\/\/komvak.sk\/hu\/rolunk\/tortenelmi-attekintes\/"},{"@type":"ListItem","position":4,"name":"Kom\u00e1rom"}]},{"@type":"WebSite","@id":"https:\/\/komvak.sk\/hu\/#website","url":"https:\/\/komvak.sk\/hu\/","name":"KOMVak","description":"Vod\u00e1rne a kanaliz\u00e1cie mesta Kom\u00e1rna, a.s.","publisher":{"@id":"https:\/\/komvak.sk\/hu\/#organization"},"potentialAction":[{"@type":"SearchAction","target":{"@type":"EntryPoint","urlTemplate":"https:\/\/komvak.sk\/hu\/?s={search_term_string}"},"query-input":{"@type":"PropertyValueSpecification","valueRequired":true,"valueName":"search_term_string"}}],"inLanguage":"hu"},{"@type":"Organization","@id":"https:\/\/komvak.sk\/hu\/#organization","name":"KOMVaK - Vod\u00e1rne a kanaliz\u00e1cie mesta Kom\u00e1rna, a.s.","url":"https:\/\/komvak.sk\/hu\/","logo":{"@type":"ImageObject","inLanguage":"hu","@id":"https:\/\/komvak.sk\/hu\/#\/schema\/logo\/image\/","url":"https:\/\/komvak.sk\/wp-content\/uploads\/KOMVak_logo.png","contentUrl":"https:\/\/komvak.sk\/wp-content\/uploads\/KOMVak_logo.png","width":948,"height":619,"caption":"KOMVaK - Vod\u00e1rne a kanaliz\u00e1cie mesta Kom\u00e1rna, a.s."},"image":{"@id":"https:\/\/komvak.sk\/hu\/#\/schema\/logo\/image\/"},"sameAs":["https:\/\/www.facebook.com\/KOMVaKKomarno"]}]}},"_links":{"self":[{"href":"https:\/\/komvak.sk\/hu\/wp-json\/wp\/v2\/pages\/3813","targetHints":{"allow":["GET"]}}],"collection":[{"href":"https:\/\/komvak.sk\/hu\/wp-json\/wp\/v2\/pages"}],"about":[{"href":"https:\/\/komvak.sk\/hu\/wp-json\/wp\/v2\/types\/page"}],"author":[{"embeddable":true,"href":"https:\/\/komvak.sk\/hu\/wp-json\/wp\/v2\/users\/1"}],"replies":[{"embeddable":true,"href":"https:\/\/komvak.sk\/hu\/wp-json\/wp\/v2\/comments?post=3813"}],"version-history":[{"count":0,"href":"https:\/\/komvak.sk\/hu\/wp-json\/wp\/v2\/pages\/3813\/revisions"}],"up":[{"embeddable":true,"href":"https:\/\/komvak.sk\/hu\/wp-json\/wp\/v2\/pages\/3789"}],"wp:attachment":[{"href":"https:\/\/komvak.sk\/hu\/wp-json\/wp\/v2\/media?parent=3813"}],"curies":[{"name":"wp","href":"https:\/\/api.w.org\/{rel}","templated":true}]}}