{"id":3827,"date":"2022-03-25T13:51:04","date_gmt":"2022-03-25T12:51:04","guid":{"rendered":"https:\/\/komvak.buges.sk\/rolunk\/tortenelmi-attekintes\/fejlodes-1945-ig\/"},"modified":"2022-03-28T14:22:32","modified_gmt":"2022-03-28T12:22:32","slug":"fejlodes-1945-ig","status":"publish","type":"page","link":"https:\/\/komvak.sk\/hu\/rolunk\/tortenelmi-attekintes\/fejlodes-1945-ig\/","title":{"rendered":"Fejl\u0151d\u00e9s 1945-ig"},"content":{"rendered":"\n<div class=\"row row-collapse\"  id=\"row-1028667194\">\n\n\n\t<div id=\"col-303202123\" class=\"col show-for-medium medium-12 small-12 large-3\"  >\n\t\t\t\t<div class=\"col-inner\"  >\n\t\t\t\n\t\t\t\n\n<div class=\"container section-title-container\" ><h3 class=\"section-title section-title-bold-center\"><b aria-hidden=\"true\"><\/b><span class=\"section-title-main\" style=\"color:rgb(18, 109, 177);\">Fejl\u0151d\u00e9s 1945-ig<\/span><b aria-hidden=\"true\"><\/b><\/h3><\/div>\n\n\n\t\t<\/div>\n\t\t\t\t\t<\/div>\n\n\t\n\n\t<div id=\"col-1828707475\" class=\"col is-sticky-column hide-for-medium medium-12 small-12 large-3\"  >\n\t\t\t\t<div class=\"col-inner\"  >\n\t\t\t\n\t\t\t\n\n<div class=\"container section-title-container\" ><h3 class=\"section-title section-title-bold\"><b aria-hidden=\"true\"><\/b><span class=\"section-title-main\" style=\"color:rgb(18, 109, 177);\">Fejl\u0151d\u00e9s 1945-ig<\/span><b aria-hidden=\"true\"><\/b><\/h3><\/div>\n\n\n\t\t<\/div>\n\t\t\t\t\t<\/div>\n\n\t\n\n\t<div id=\"col-1380271301\" class=\"col bw--drop_shadow medium-12 small-12 large-9\"  >\n\t\t\t\t<div class=\"col-inner text-left\"  >\n\t\t\t\n\t<div class=\"is-border\"\n\t\tstyle=\"border-color:rgb(18, 109, 177);border-width:2.5px 2.5px 2.5px 2.5px;\">\n\t<\/div>\n\t\t\t\n\n<p>1915-ben az eredeti g\u00e1zmeghajt\u00e1s\u00fa motorokkal m\u0171k\u00f6d\u0151 szivatty\u00fakat lecser\u00e9lt\u00e9k nagyobb, 55 m nyom\u00e1s mellett 120 HP erej\u0171, 70 liter\/sec. teljes\u00edtm\u00e9ny\u0171, k\u0151olaj meghajt\u00e1s\u00fara. Az 1915 &#8211; 1945-\u00f6s \u00e9vekben folytat\u00f3dott a v\u00edzvezet\u00e9k-, ill. csatornarendszer, valamint a csatlakoz\u00e1sok ki\u00e9p\u00edt\u00e9se, ezenk\u00edv\u00fcl a min\u0151s\u00e9gi v\u00edz forr\u00e1s\u00e1nak felkutat\u00e1sa a Duna d\u00e9li partj\u00e1n tal\u00e1lhat\u00f3 Kom\u00e1rom r\u00e9sz\u00e9re. <br>Csehszlov\u00e1kia megalap\u00edt\u00e1sa ut\u00e1n Kom\u00e1rom v\u00e1ros\u00e1nak egy r\u00e9sz\u00e9nek iv\u00f3v\u00edzzel val\u00f3 ell\u00e1t\u00e1s\u00e1t a Kom\u00e1romban tal\u00e1lhat\u00f3 v\u00edzforr\u00e1sb\u00f3l oldott\u00e1k meg. Az iv\u00f3v\u00edz hi\u00e1ny\u00e1nak gondja &#8211; a megemelkedett fogyaszt\u00e1snak k\u00f6sz\u00f6nhet\u0151en &#8211; m\u00e1r az 1921-es esztend\u0151 k\u00f6rny\u00e9k\u00e9n jelentkezett. A probl\u00e9m\u00e1t fokozatosan orvosolt\u00e1k, m\u00e9gpedig a v\u00edz\u00f3r\u00e1k szigor\u00fa ellen\u0151rz\u00e9s\u00e9nek bevezet\u00e9s\u00e9vel, ill. a v\u00edzvezet\u00e9k karbantart\u00e1s\u00e1val \u00e9s jav\u00edt\u00e1s\u00e1val. Holl\u00f3sy S\u00e1ndor okleveles m\u00e9rn\u00f6k m\u00e9rn\u00f6ki irod\u00e1ja feldolgozta Kom\u00e1rom v\u00e1ros lakosainak demogr\u00e1iai fejl\u0151d\u00e9s\u00e9t az 1935-t\u0151l az 1990-ig terjed\u0151 id\u0151szakra. A lakoss\u00e1g 2010-ben \u00e9ri el az 1990-re felt\u00e9telezett sz\u00e1m\u00e1t. Az 1990-es esztend\u0151re tervezett napi 2.500 m3 v\u00edzfogyaszt\u00e1s a val\u00f3s\u00e1gban 5.700 m3-t tett ki. Az id\u0151leges v\u00edzhi\u00e1nyt az 1935-ben siker\u00fclt megoldani, m\u00e9gpedig a d\u00e9li v\u00e1rosr\u00e9szben meg\u00e9p\u00edtett k\u00fat seg\u00edts\u00e9g\u00e9vel. Az 1944-es bomb\u00e1z\u00e1sok sor\u00e1n a k\u00fatban k\u00e1rok keletkeztek, fel\u00faj\u00edt\u00e1sra az 1946-os esztend\u0151ben ker\u00fclt sor.        <\/p>\n\n  \n    <div class=\"row  lightbox-multi-gallery large-columns-2 medium-columns-2 small-columns-1\" >\n  <div class=\"gallery-col col\" >\n          <div class=\"col-inner\">\n            <a class=\"\" href=\"https:\/\/komvak.sk\/wp-content\/uploads\/kutak.jpeg\" title=\"\">            <div class=\"box has-hover gallery-box box-none\">\n              <div class=\"box-image image-zoom image-cover\" style=\"padding-top:200px;\">\n                <img loading=\"lazy\" decoding=\"async\" width=\"300\" height=\"195\" src=\"https:\/\/komvak.sk\/wp-content\/uploads\/kutak-300x195.jpeg\" class=\"attachment-medium size-medium\" alt=\"\" ids=\"3886,3880\" style=\"none\" lightbox_image_size=\"original\" columns=\"2\" columns__sm=\"1\" columns__md=\"2\" image_height=\"200px\" image_hover=\"zoom\" srcset=\"https:\/\/komvak.sk\/wp-content\/uploads\/kutak-300x195.jpeg 300w, https:\/\/komvak.sk\/wp-content\/uploads\/kutak-768x499.jpeg 768w, https:\/\/komvak.sk\/wp-content\/uploads\/kutak.jpeg 878w\" sizes=\"auto, (max-width: 300px) 100vw, 300px\" \/>                                                              <\/div>\n              <div class=\"box-text text-left\" >\n                 <p><\/p>\n              <\/div>\n            <\/div>\n            <\/a>          <\/div>\n         <\/div><div class=\"gallery-col col\" >\n          <div class=\"col-inner\">\n            <a class=\"\" href=\"https:\/\/komvak.sk\/wp-content\/uploads\/kn_st3.jpeg\" title=\"\">            <div class=\"box has-hover gallery-box box-none\">\n              <div class=\"box-image image-zoom image-cover\" style=\"padding-top:200px;\">\n                <img loading=\"lazy\" decoding=\"async\" width=\"209\" height=\"300\" src=\"https:\/\/komvak.sk\/wp-content\/uploads\/kn_st3-209x300.jpeg\" class=\"attachment-medium size-medium\" alt=\"\" ids=\"3886,3880\" style=\"none\" lightbox_image_size=\"original\" columns=\"2\" columns__sm=\"1\" columns__md=\"2\" image_height=\"200px\" image_hover=\"zoom\" srcset=\"https:\/\/komvak.sk\/wp-content\/uploads\/kn_st3-209x300.jpeg 209w, https:\/\/komvak.sk\/wp-content\/uploads\/kn_st3.jpeg 300w\" sizes=\"auto, (max-width: 209px) 100vw, 209px\" \/>                                                              <\/div>\n              <div class=\"box-text text-left\" >\n                 <p><\/p>\n              <\/div>\n            <\/div>\n            <\/a>          <\/div>\n         <\/div><\/div>\n\n<p>A v\u00edzhi\u00e1ny megold\u00e1s\u00e1ra 1942-ben a m\u00e9rn\u00f6ki iroda 10 db k\u00fat kialak\u00edt\u00e1s\u00e1t javasolta a Kom\u00e1romi Erzs\u00e9bet szigeten sz\u00edv\u00f3cs\u00f6ves rendszerrel t\u00f6rt\u00e9n\u0151 v\u00edzfelv\u00e9tellel, a g\u00e9ph\u00e1zban elhelyezett v\u00e1kumszivatty\u00fak seg\u00edts\u00e9g\u00e9vel. A k\u00e9s\u0151bbiek folyam\u00e1n a fentiek kieg\u00e9sz\u00fcltek az \u00fan. &#8222;S1a&#8221;, &#8222;S3a&#8221; ill. &#8222;S5a&#8221; kutakkal. A rendszer eg\u00e9szen a 70-es \u00e9vek fel\u00e9ig szolg\u00e1lta a lakoss\u00e1got. Az 1945-\u00f6s esztend\u0151ben a v\u00edzgazdas\u00e1g ter\u00fclet\u00e9n is sor ker\u00fclt a feloszt\u00e1sra, mindk\u00e9t v\u00e1ros elindult saj\u00e1t fejl\u0151d\u00e9se \u00fatj\u00e1n.  <\/p>\n\n\t\t<\/div>\n\t\t\t\t\n<style>\n#col-1380271301 > .col-inner {\n  padding: 30px 30px 30px 30px;\n}\n<\/style>\n\t<\/div>\n\n\t\n\n<\/div>\n\t<div id=\"gap-1424669109\" class=\"gap-element clearfix\" style=\"display:block; height:auto;\">\n\t\t\n<style>\n#gap-1424669109 {\n  padding-top: 60px;\n}\n<\/style>\n\t<\/div>\n\t\n\n\n","protected":false},"excerpt":{"rendered":"","protected":false},"author":1,"featured_media":0,"parent":3789,"menu_order":0,"comment_status":"closed","ping_status":"closed","template":"","meta":{"footnotes":""},"class_list":["post-3827","page","type-page","status-publish","hentry"],"yoast_head":"<!-- This site is optimized with the Yoast SEO plugin v27.5 - https:\/\/yoast.com\/product\/yoast-seo-wordpress\/ -->\n<title>Fejl\u0151d\u00e9s 1945-ig &#8226; KOMVak<\/title>\n<meta name=\"robots\" content=\"index, follow, max-snippet:-1, max-image-preview:large, max-video-preview:-1\" \/>\n<link rel=\"canonical\" href=\"https:\/\/komvak.sk\/hu\/rolunk\/tortenelmi-attekintes\/fejlodes-1945-ig\/\" \/>\n<meta property=\"og:locale\" content=\"hu_HU\" \/>\n<meta property=\"og:type\" content=\"article\" \/>\n<meta property=\"og:title\" content=\"Fejl\u0151d\u00e9s 1945-ig &#8226; KOMVak\" \/>\n<meta property=\"og:url\" content=\"https:\/\/komvak.sk\/hu\/rolunk\/tortenelmi-attekintes\/fejlodes-1945-ig\/\" \/>\n<meta property=\"og:site_name\" content=\"KOMVak\" \/>\n<meta property=\"article:publisher\" content=\"https:\/\/www.facebook.com\/KOMVaKKomarno\" \/>\n<meta property=\"article:modified_time\" content=\"2022-03-28T12:22:32+00:00\" \/>\n<meta name=\"twitter:card\" content=\"summary_large_image\" \/>\n<meta name=\"twitter:label1\" content=\"Becs\u00fclt olvas\u00e1si id\u0151\" \/>\n\t<meta name=\"twitter:data1\" content=\"3 perc\" \/>\n<script type=\"application\/ld+json\" class=\"yoast-schema-graph\">{\"@context\":\"https:\\\/\\\/schema.org\",\"@graph\":[{\"@type\":\"WebPage\",\"@id\":\"https:\\\/\\\/komvak.sk\\\/hu\\\/rolunk\\\/tortenelmi-attekintes\\\/fejlodes-1945-ig\\\/\",\"url\":\"https:\\\/\\\/komvak.sk\\\/hu\\\/rolunk\\\/tortenelmi-attekintes\\\/fejlodes-1945-ig\\\/\",\"name\":\"Fejl\u0151d\u00e9s 1945-ig &#8226; KOMVak\",\"isPartOf\":{\"@id\":\"https:\\\/\\\/komvak.sk\\\/hu\\\/#website\"},\"datePublished\":\"2022-03-25T12:51:04+00:00\",\"dateModified\":\"2022-03-28T12:22:32+00:00\",\"breadcrumb\":{\"@id\":\"https:\\\/\\\/komvak.sk\\\/hu\\\/rolunk\\\/tortenelmi-attekintes\\\/fejlodes-1945-ig\\\/#breadcrumb\"},\"inLanguage\":\"hu\",\"potentialAction\":[{\"@type\":\"ReadAction\",\"target\":[\"https:\\\/\\\/komvak.sk\\\/hu\\\/rolunk\\\/tortenelmi-attekintes\\\/fejlodes-1945-ig\\\/\"]}]},{\"@type\":\"BreadcrumbList\",\"@id\":\"https:\\\/\\\/komvak.sk\\\/hu\\\/rolunk\\\/tortenelmi-attekintes\\\/fejlodes-1945-ig\\\/#breadcrumb\",\"itemListElement\":[{\"@type\":\"ListItem\",\"position\":1,\"name\":\"Home\",\"item\":\"https:\\\/\\\/komvak.sk\\\/hu\\\/\"},{\"@type\":\"ListItem\",\"position\":2,\"name\":\"R\u00f3lunk\",\"item\":\"https:\\\/\\\/komvak.sk\\\/hu\\\/rolunk\\\/\"},{\"@type\":\"ListItem\",\"position\":3,\"name\":\"T\u00f6rt\u00e9nelmi \u00e1ttekint\u00e9s\",\"item\":\"https:\\\/\\\/komvak.sk\\\/hu\\\/rolunk\\\/tortenelmi-attekintes\\\/\"},{\"@type\":\"ListItem\",\"position\":4,\"name\":\"Fejl\u0151d\u00e9s 1945-ig\"}]},{\"@type\":\"WebSite\",\"@id\":\"https:\\\/\\\/komvak.sk\\\/hu\\\/#website\",\"url\":\"https:\\\/\\\/komvak.sk\\\/hu\\\/\",\"name\":\"KOMVak\",\"description\":\"Vod\u00e1rne a kanaliz\u00e1cie mesta Kom\u00e1rna, a.s.\",\"publisher\":{\"@id\":\"https:\\\/\\\/komvak.sk\\\/hu\\\/#organization\"},\"potentialAction\":[{\"@type\":\"SearchAction\",\"target\":{\"@type\":\"EntryPoint\",\"urlTemplate\":\"https:\\\/\\\/komvak.sk\\\/hu\\\/?s={search_term_string}\"},\"query-input\":{\"@type\":\"PropertyValueSpecification\",\"valueRequired\":true,\"valueName\":\"search_term_string\"}}],\"inLanguage\":\"hu\"},{\"@type\":\"Organization\",\"@id\":\"https:\\\/\\\/komvak.sk\\\/hu\\\/#organization\",\"name\":\"KOMVaK - Vod\u00e1rne a kanaliz\u00e1cie mesta Kom\u00e1rna, a.s.\",\"url\":\"https:\\\/\\\/komvak.sk\\\/hu\\\/\",\"logo\":{\"@type\":\"ImageObject\",\"inLanguage\":\"hu\",\"@id\":\"https:\\\/\\\/komvak.sk\\\/hu\\\/#\\\/schema\\\/logo\\\/image\\\/\",\"url\":\"https:\\\/\\\/komvak.sk\\\/wp-content\\\/uploads\\\/KOMVak_logo.png\",\"contentUrl\":\"https:\\\/\\\/komvak.sk\\\/wp-content\\\/uploads\\\/KOMVak_logo.png\",\"width\":948,\"height\":619,\"caption\":\"KOMVaK - Vod\u00e1rne a kanaliz\u00e1cie mesta Kom\u00e1rna, a.s.\"},\"image\":{\"@id\":\"https:\\\/\\\/komvak.sk\\\/hu\\\/#\\\/schema\\\/logo\\\/image\\\/\"},\"sameAs\":[\"https:\\\/\\\/www.facebook.com\\\/KOMVaKKomarno\"]}]}<\/script>\n<!-- \/ Yoast SEO plugin. -->","yoast_head_json":{"title":"Fejl\u0151d\u00e9s 1945-ig &#8226; KOMVak","robots":{"index":"index","follow":"follow","max-snippet":"max-snippet:-1","max-image-preview":"max-image-preview:large","max-video-preview":"max-video-preview:-1"},"canonical":"https:\/\/komvak.sk\/hu\/rolunk\/tortenelmi-attekintes\/fejlodes-1945-ig\/","og_locale":"hu_HU","og_type":"article","og_title":"Fejl\u0151d\u00e9s 1945-ig &#8226; KOMVak","og_url":"https:\/\/komvak.sk\/hu\/rolunk\/tortenelmi-attekintes\/fejlodes-1945-ig\/","og_site_name":"KOMVak","article_publisher":"https:\/\/www.facebook.com\/KOMVaKKomarno","article_modified_time":"2022-03-28T12:22:32+00:00","twitter_card":"summary_large_image","twitter_misc":{"Becs\u00fclt olvas\u00e1si id\u0151":"3 perc"},"schema":{"@context":"https:\/\/schema.org","@graph":[{"@type":"WebPage","@id":"https:\/\/komvak.sk\/hu\/rolunk\/tortenelmi-attekintes\/fejlodes-1945-ig\/","url":"https:\/\/komvak.sk\/hu\/rolunk\/tortenelmi-attekintes\/fejlodes-1945-ig\/","name":"Fejl\u0151d\u00e9s 1945-ig &#8226; KOMVak","isPartOf":{"@id":"https:\/\/komvak.sk\/hu\/#website"},"datePublished":"2022-03-25T12:51:04+00:00","dateModified":"2022-03-28T12:22:32+00:00","breadcrumb":{"@id":"https:\/\/komvak.sk\/hu\/rolunk\/tortenelmi-attekintes\/fejlodes-1945-ig\/#breadcrumb"},"inLanguage":"hu","potentialAction":[{"@type":"ReadAction","target":["https:\/\/komvak.sk\/hu\/rolunk\/tortenelmi-attekintes\/fejlodes-1945-ig\/"]}]},{"@type":"BreadcrumbList","@id":"https:\/\/komvak.sk\/hu\/rolunk\/tortenelmi-attekintes\/fejlodes-1945-ig\/#breadcrumb","itemListElement":[{"@type":"ListItem","position":1,"name":"Home","item":"https:\/\/komvak.sk\/hu\/"},{"@type":"ListItem","position":2,"name":"R\u00f3lunk","item":"https:\/\/komvak.sk\/hu\/rolunk\/"},{"@type":"ListItem","position":3,"name":"T\u00f6rt\u00e9nelmi \u00e1ttekint\u00e9s","item":"https:\/\/komvak.sk\/hu\/rolunk\/tortenelmi-attekintes\/"},{"@type":"ListItem","position":4,"name":"Fejl\u0151d\u00e9s 1945-ig"}]},{"@type":"WebSite","@id":"https:\/\/komvak.sk\/hu\/#website","url":"https:\/\/komvak.sk\/hu\/","name":"KOMVak","description":"Vod\u00e1rne a kanaliz\u00e1cie mesta Kom\u00e1rna, a.s.","publisher":{"@id":"https:\/\/komvak.sk\/hu\/#organization"},"potentialAction":[{"@type":"SearchAction","target":{"@type":"EntryPoint","urlTemplate":"https:\/\/komvak.sk\/hu\/?s={search_term_string}"},"query-input":{"@type":"PropertyValueSpecification","valueRequired":true,"valueName":"search_term_string"}}],"inLanguage":"hu"},{"@type":"Organization","@id":"https:\/\/komvak.sk\/hu\/#organization","name":"KOMVaK - Vod\u00e1rne a kanaliz\u00e1cie mesta Kom\u00e1rna, a.s.","url":"https:\/\/komvak.sk\/hu\/","logo":{"@type":"ImageObject","inLanguage":"hu","@id":"https:\/\/komvak.sk\/hu\/#\/schema\/logo\/image\/","url":"https:\/\/komvak.sk\/wp-content\/uploads\/KOMVak_logo.png","contentUrl":"https:\/\/komvak.sk\/wp-content\/uploads\/KOMVak_logo.png","width":948,"height":619,"caption":"KOMVaK - Vod\u00e1rne a kanaliz\u00e1cie mesta Kom\u00e1rna, a.s."},"image":{"@id":"https:\/\/komvak.sk\/hu\/#\/schema\/logo\/image\/"},"sameAs":["https:\/\/www.facebook.com\/KOMVaKKomarno"]}]}},"_links":{"self":[{"href":"https:\/\/komvak.sk\/hu\/wp-json\/wp\/v2\/pages\/3827","targetHints":{"allow":["GET"]}}],"collection":[{"href":"https:\/\/komvak.sk\/hu\/wp-json\/wp\/v2\/pages"}],"about":[{"href":"https:\/\/komvak.sk\/hu\/wp-json\/wp\/v2\/types\/page"}],"author":[{"embeddable":true,"href":"https:\/\/komvak.sk\/hu\/wp-json\/wp\/v2\/users\/1"}],"replies":[{"embeddable":true,"href":"https:\/\/komvak.sk\/hu\/wp-json\/wp\/v2\/comments?post=3827"}],"version-history":[{"count":0,"href":"https:\/\/komvak.sk\/hu\/wp-json\/wp\/v2\/pages\/3827\/revisions"}],"up":[{"embeddable":true,"href":"https:\/\/komvak.sk\/hu\/wp-json\/wp\/v2\/pages\/3789"}],"wp:attachment":[{"href":"https:\/\/komvak.sk\/hu\/wp-json\/wp\/v2\/media?parent=3827"}],"curies":[{"name":"wp","href":"https:\/\/api.w.org\/{rel}","templated":true}]}}