{"id":3911,"date":"2022-03-28T13:57:48","date_gmt":"2022-03-28T11:57:48","guid":{"rendered":"https:\/\/komvak.buges.sk\/rolunk\/tortenelmi-attekintes\/vizmuvek-tortenete\/"},"modified":"2022-03-28T13:57:49","modified_gmt":"2022-03-28T11:57:49","slug":"vizmuvek-tortenete","status":"publish","type":"page","link":"https:\/\/komvak.sk\/hu\/rolunk\/tortenelmi-attekintes\/vizmuvek-tortenete\/","title":{"rendered":"V\u00edzm\u0171vek t\u00f6rt\u00e9nete"},"content":{"rendered":"\n<div class=\"row row-collapse\"  id=\"row-904693428\">\n\n\n\t<div id=\"col-1943975873\" class=\"col show-for-medium medium-12 small-12 large-3\"  >\n\t\t\t\t<div class=\"col-inner\"  >\n\t\t\t\n\t\t\t\n\n<div class=\"container section-title-container\" ><h3 class=\"section-title section-title-bold-center\"><b aria-hidden=\"true\"><\/b><span class=\"section-title-main\" style=\"color:rgb(18, 109, 177);\">V\u00edzm\u0171vek t\u00f6rt\u00e9nete<\/span><b aria-hidden=\"true\"><\/b><\/h3><\/div>\n\n\n\t\t<\/div>\n\t\t\t\t\t<\/div>\n\n\t\n\n\t<div id=\"col-1796929958\" class=\"col is-sticky-column hide-for-medium medium-12 small-12 large-3\"  >\n\t\t\t\t<div class=\"col-inner\"  >\n\t\t\t\n\t\t\t\n\n<div class=\"container section-title-container\" ><h3 class=\"section-title section-title-bold\"><b aria-hidden=\"true\"><\/b><span class=\"section-title-main\" style=\"color:rgb(18, 109, 177);\">V\u00edzm\u0171vek t\u00f6rt\u00e9nete<\/span><b aria-hidden=\"true\"><\/b><\/h3><\/div>\n\n\n\t\t<\/div>\n\t\t\t\t\t<\/div>\n\n\t\n\n\t<div id=\"col-209287463\" class=\"col bw--drop_shadow medium-12 small-12 large-9\"  >\n\t\t\t\t<div class=\"col-inner text-left\"  >\n\t\t\t\n\t<div class=\"is-border\"\n\t\tstyle=\"border-color:rgb(18, 109, 177);border-width:2.5px 2.5px 2.5px 2.5px;\">\n\t<\/div>\n\t\t\t\n\n<p>A XIX. sz\u00e1zad 80-as \u00e9veiben Kom\u00e1rom lakosainak t\u00f6bbs\u00e9g\u00e9t egyenesen a V\u00e1g ill. a Duna l\u00e1tta el v\u00edzzel, a csal\u00e1dokhoz a folyami homokon \u00e1tsz\u0171rve\/ \u00e1tfiltr\u00e1lva jutott el. Ehhez az id\u0151szakhoz k\u00f6thet\u0151 a teljes v\u00e1rost beh\u00e1l\u00f3z\u00f3 v\u00edzvezet\u00e9k-, ill. csatornarendszer tervezet\u00e9nek megsz\u00fclet\u00e9se. A kutak elhelyez\u00e9s\u00e9hez a legmegfelel\u0151bb ter\u00fclet kiv\u00e1laszt\u00e1sa eg\u00e9szen az \u00e9vsz\u00e1zad v\u00e9g\u00e9ig tartott, majd 1902 szeptember\u00e9ben a rendszert &#8211; az eloszt\u00f3 h\u00e1l\u00f3zattal egyetemben &#8211; be\u00fczemelt\u00e9k. Az els\u0151 k\u00fat 3,79 m \u00e1tm\u00e9r\u0151vel rendelkezett, 16,5 m m\u00e9ly volt, az alj\u00e1t v\u00edzhatlan agyagalapba \u00fcltett\u00e9k be, a s\u00f3der hordoz\u00f3r\u00e9teg 10,77 m volt a 10 m \u00e1tlag v\u00edzszinttel b\u00edr\u00f3 kutakn\u00e1l. A Duna \u00e1tlag v\u00edzszintje eset\u00e9n a v\u00edzhozam 26,57 liter volt m\u00e1sodpercenk\u00e9nt.<br>Kom\u00e1rom, a szabad kir\u00e1lyi v\u00e1ros az 1890 esztend\u0151ben 17.209 lelket sz\u00e1ml\u00e1lt, a mai Kom\u00e1romban &#8211; a Duna jobb partj\u00e1n lak\u00f3kkal egyetemben. Ez a v\u00edzk\u00e9szlet az 1 lakosra es\u0151 100 literes fogyaszt\u00e1s mellett elegend\u0151 volt 30 ezer lakos el\u00e1t\u00e1s\u00e1ra naponta. A k\u00fat k\u00f6zvetlen k\u00f6rnyezet\u00e9t megemelt\u00e9k 2 m\u00e9terrel a Duna \u00e1rv\u00edzszintje f\u00f6l\u00e9. Ezzel bev\u00e9gz\u0151d\u00f6tt a 16 esztendeig tart\u00f3 igyekezet, mely a v\u00e1rosi v\u00edzvezet\u00e9k h\u00e1l\u00f3zat ki\u00e9p\u00edt\u00e9s\u00e9re ir\u00e1nyult. Az 1992-ben ki\u00e9p\u00edtett szivatty\u00fa\u00e1llom\u00e1s mell\u00e9 szivatty\u00fakat helyeztek el, m\u00e9gpedig f\u00e9l m\u00e9terrel a Dun\u00e1n tal\u00e1lhat\u00f3 + &#8211; 0 v\u00edzszintm\u00e9r\u0151l\u00e9c szintje al\u00e1. A sz\u00edv\u00f3cs\u00f6veket az \u00e1tj\u00e1r\u00f3akn\u00e1ban vezett\u00e9k \u00e1t a k\u00fatb\u00f3l a g\u00e9ph\u00e1zba. A szivatty\u00fakat 6,5 m\u00e9terrel feljebb elhelyezett, 2 x 12 kW teljes\u00edtm\u00e9ny\u0171 g\u00e1zhajt\u00e1s\u00fa motorok m\u0171k\u00f6dtett\u00e9k sz\u00edjt\u00e1rcs\u00e1s \u00e1tt\u00e9tellel. A szivatty\u00fak 2 x 18 liter m\u00e1sodpercenk\u00e9nti teljes\u00edtm\u00e9nye mellett ez napi 3.000 m3-t tett ki. A v\u00edzm\u0171vek eredeti objektuma t\u00f6bbsz\u00f6ri fel\u00faj\u00edt\u00e1st, ill. jav\u00edt\u00e1st k\u00f6vet\u0151en m\u00e9g mind\u00edg m\u0171k\u00f6d\u0151k\u00e9pes \u00e1llapotban van.<\/p>\n\n  \n    <div class=\"row  lightbox-multi-gallery large-columns-2 medium-columns- small-columns-\" >\n  <div class=\"gallery-col col\" >\n          <div class=\"col-inner\">\n            <a class=\"\" href=\"https:\/\/komvak.sk\/wp-content\/uploads\/kn_st1.jpeg\" title=\"\">            <div class=\"box has-hover gallery-box box-none\">\n              <div class=\"box-image image-zoom image-cover\" style=\"padding-top:200px;\">\n                <img loading=\"lazy\" decoding=\"async\" width=\"300\" height=\"211\" src=\"https:\/\/komvak.sk\/wp-content\/uploads\/kn_st1-300x211.jpeg\" class=\"attachment-medium size-medium\" alt=\"\" ids=\"3868,3866\" style=\"none\" lightbox_image_size=\"original\" columns=\"2\" image_height=\"200px\" image_hover=\"zoom\" srcset=\"https:\/\/komvak.sk\/wp-content\/uploads\/kn_st1-300x211.jpeg 300w, https:\/\/komvak.sk\/wp-content\/uploads\/kn_st1.jpeg 720w\" sizes=\"auto, (max-width: 300px) 100vw, 300px\" \/>                                                              <\/div>\n              <div class=\"box-text text-left\" >\n                 <p><\/p>\n              <\/div>\n            <\/div>\n            <\/a>          <\/div>\n         <\/div><div class=\"gallery-col col\" >\n          <div class=\"col-inner\">\n            <a class=\"\" href=\"https:\/\/komvak.sk\/wp-content\/uploads\/cs_stanica1902.jpeg\" title=\"\">            <div class=\"box has-hover gallery-box box-none\">\n              <div class=\"box-image image-zoom image-cover\" style=\"padding-top:200px;\">\n                <img loading=\"lazy\" decoding=\"async\" width=\"300\" height=\"186\" src=\"https:\/\/komvak.sk\/wp-content\/uploads\/cs_stanica1902-300x186.jpeg\" class=\"attachment-medium size-medium\" alt=\"\" ids=\"3868,3866\" style=\"none\" lightbox_image_size=\"original\" columns=\"2\" image_height=\"200px\" image_hover=\"zoom\" srcset=\"https:\/\/komvak.sk\/wp-content\/uploads\/cs_stanica1902-300x186.jpeg 300w, https:\/\/komvak.sk\/wp-content\/uploads\/cs_stanica1902.jpeg 407w\" sizes=\"auto, (max-width: 300px) 100vw, 300px\" \/>                                                              <\/div>\n              <div class=\"box-text text-left\" >\n                 <p><\/p>\n              <\/div>\n            <\/div>\n            <\/a>          <\/div>\n         <\/div><\/div>\n\n<p>A nyom\u00e1scs\u0151rendszer az eg\u00e9sz Erzs\u00e9bet szigeten kereszt\u00fcl, az \u00fattest k\u00e9t oldal\u00e1n vezett\u00e9k, eg\u00e9szen az 1,5 m m\u00e9lyen elhelyezett v\u00edzt\u00e1roz\u00f3ba, a Dun\u00e1n \u00e1t\u00edvel\u0151 h\u00eddon, ill. a vas\u00fati \u00e1tj\u00e1r\u00f3n \u00e1t Kom\u00e1rom v\u00e1ros\u00e1nak mindk\u00e9t r\u00e9sz\u00e9be, a Duna bal-, ill. jobb partj\u00e1n. 1902.8.15. -\u00e9n &#8211; a be\u00fczemeltet\u00e9s napj\u00e1n 8. &#8211; a v\u00edzvezet\u00e9k hossza29 km-t tett ki. A nyom\u00e1scs\u0151rendszer 225 mm, m\u00edg a h\u00e1l\u00f3zat 80 \u2013 150 mm \u00e1tm\u00e9r\u0151j\u0171 volt. A v\u00e1ros c\u00edmer\u00e9vel, ill. az al\u00e1bbi felirattal: &#8222;Kom\u00e1rom, a szabad kir\u00e1lyi v\u00e1ros 1902&#8221; ell\u00e1tott v\u00edzcsapok 100 m\u00e9terenk\u00e9nt ker\u00fcltek elhelyez\u00e9sre. Az 1902.3.17.-t\u0151l 3. 1910.12.31.-ig terjed\u0151 12. id\u0151szakban Kom\u00e1rom v\u00e1ros v\u00e1llalkoz\u00f3inak 1.507 db. csatlakoz\u00e1s bek\u00f6t\u00f6t\u00e9s\u00e9re ker\u00fclt sor. A v\u00e1ros k\u00f6r\u00fcl vezetett k\u00e9t nyom\u00e1scs\u0151rendszert a v\u00edzt\u00e1roz\u00f3 el\u0151tt csatlakoztatt\u00e1k egybe. A v\u00edztorony maga egy 145,43 m magas, Balt tipus\u00fa magass\u00e1gi rendszer. A tart\u00e1ly 21,10 m\u00e9terre a k\u00f6rnyez\u0151 terep f\u00f6l\u00f6tt helyezkedik el, melynek param\u00e9terei az al\u00e1bbiak: magass\u00e1ga 7,3 m, \u00e1tm\u00e9r\u0151je 10,0 m, \u0171rtartalma 500 m3. A v\u00edzt\u00e1roz\u00f3 a mai napig \u00fczemk\u00e9pes \u00e1llapotban van, viszont a megemelkedett nyom\u00e1si viszonyok v\u00e9gett \u00fczemen k\u00edv\u00fcl helyezt\u00e9k.<br>Kom\u00e1rom v\u00e1rosa az 1903.8.5.-i soron k\u00edv\u00fcli \u00fcl\u00e9s\u00e9n 8. elfogadta a &#8222;Kom\u00e1rom, a szabad kir\u00e1lyi v\u00e1ros v\u00edzm\u0171veinek m\u0171k\u00f6d\u00e9si szab\u00e1lyzata, ill. a vezet\u00e9kes v\u00edz \u00e1r\u00e1nak szab\u00e1lyoz\u00e1sa&#8221; elnevez\u00e9s\u0171 dokumentumot. Ez a dokumentum megel\u0151zte a kor\u00e1t. A dokumentum 7\u00a7- a p\u00e9ld\u00e1ul a t\u00e9li id\u0151szakban t\u00f6rt\u00e9n\u0151 \u00e9p\u00edtkez\u00e9st, ill. \u00fczemeltet\u00e9st t\u00e1rgyalta. A 16 -18 \u00a7 a h\u00e1ztart\u00e1sok csatlakozt\u00e1saival kapcsolatos viszonyokkal \u00e9s k\u00f6telezetts\u00e9gekkel foglalkozott . Pontos kijel\u00f6l\u00e9sre ker\u00fclt a k\u00f6z-\/nyilv\u00e1nos-\/, ill. a h\u00e1ztart\u00e1sok csatlakoz\u00e1sainak hat\u00e1r\u00e1t. Nagy hangs\u00falyt fektettek a csatlakoz\u00e1s 1 : 100 ar\u00e1nyban elk\u00e9sz\u00edtett, megfelel\u0151 le\u00edr\u00e1ssal ell\u00e1tott dokument\u00e1l\u00e1s\u00e1ra.<\/p>\n\n\t\t<\/div>\n\t\t\t\t\n<style>\n#col-209287463 > .col-inner {\n  padding: 30px 30px 30px 30px;\n}\n<\/style>\n\t<\/div>\n\n\t\n\n<\/div>\n\t<div id=\"gap-485713497\" class=\"gap-element clearfix\" style=\"display:block; height:auto;\">\n\t\t\n<style>\n#gap-485713497 {\n  padding-top: 30px;\n}\n<\/style>\n\t<\/div>\n\t\n\n\n","protected":false},"excerpt":{"rendered":"","protected":false},"author":1,"featured_media":0,"parent":3789,"menu_order":0,"comment_status":"closed","ping_status":"closed","template":"","meta":{"footnotes":""},"class_list":["post-3911","page","type-page","status-publish","hentry"],"yoast_head":"<!-- This site is optimized with the Yoast SEO plugin v27.5 - https:\/\/yoast.com\/product\/yoast-seo-wordpress\/ -->\n<title>V\u00edzm\u0171vek t\u00f6rt\u00e9nete &#8226; KOMVak<\/title>\n<meta name=\"robots\" content=\"index, follow, max-snippet:-1, max-image-preview:large, max-video-preview:-1\" \/>\n<link rel=\"canonical\" href=\"https:\/\/komvak.sk\/hu\/rolunk\/tortenelmi-attekintes\/vizmuvek-tortenete\/\" \/>\n<meta property=\"og:locale\" content=\"hu_HU\" \/>\n<meta property=\"og:type\" content=\"article\" \/>\n<meta property=\"og:title\" content=\"V\u00edzm\u0171vek t\u00f6rt\u00e9nete &#8226; KOMVak\" \/>\n<meta property=\"og:url\" content=\"https:\/\/komvak.sk\/hu\/rolunk\/tortenelmi-attekintes\/vizmuvek-tortenete\/\" \/>\n<meta property=\"og:site_name\" content=\"KOMVak\" \/>\n<meta property=\"article:publisher\" content=\"https:\/\/www.facebook.com\/KOMVaKKomarno\" \/>\n<meta property=\"article:modified_time\" content=\"2022-03-28T11:57:49+00:00\" \/>\n<meta name=\"twitter:card\" content=\"summary_large_image\" \/>\n<meta name=\"twitter:label1\" content=\"Becs\u00fclt olvas\u00e1si id\u0151\" \/>\n\t<meta name=\"twitter:data1\" content=\"4 perc\" \/>\n<script type=\"application\/ld+json\" class=\"yoast-schema-graph\">{\"@context\":\"https:\\\/\\\/schema.org\",\"@graph\":[{\"@type\":\"WebPage\",\"@id\":\"https:\\\/\\\/komvak.sk\\\/hu\\\/rolunk\\\/tortenelmi-attekintes\\\/vizmuvek-tortenete\\\/\",\"url\":\"https:\\\/\\\/komvak.sk\\\/hu\\\/rolunk\\\/tortenelmi-attekintes\\\/vizmuvek-tortenete\\\/\",\"name\":\"V\u00edzm\u0171vek t\u00f6rt\u00e9nete &#8226; KOMVak\",\"isPartOf\":{\"@id\":\"https:\\\/\\\/komvak.sk\\\/hu\\\/#website\"},\"datePublished\":\"2022-03-28T11:57:48+00:00\",\"dateModified\":\"2022-03-28T11:57:49+00:00\",\"breadcrumb\":{\"@id\":\"https:\\\/\\\/komvak.sk\\\/hu\\\/rolunk\\\/tortenelmi-attekintes\\\/vizmuvek-tortenete\\\/#breadcrumb\"},\"inLanguage\":\"hu\",\"potentialAction\":[{\"@type\":\"ReadAction\",\"target\":[\"https:\\\/\\\/komvak.sk\\\/hu\\\/rolunk\\\/tortenelmi-attekintes\\\/vizmuvek-tortenete\\\/\"]}]},{\"@type\":\"BreadcrumbList\",\"@id\":\"https:\\\/\\\/komvak.sk\\\/hu\\\/rolunk\\\/tortenelmi-attekintes\\\/vizmuvek-tortenete\\\/#breadcrumb\",\"itemListElement\":[{\"@type\":\"ListItem\",\"position\":1,\"name\":\"Home\",\"item\":\"https:\\\/\\\/komvak.sk\\\/hu\\\/\"},{\"@type\":\"ListItem\",\"position\":2,\"name\":\"R\u00f3lunk\",\"item\":\"https:\\\/\\\/komvak.sk\\\/hu\\\/rolunk\\\/\"},{\"@type\":\"ListItem\",\"position\":3,\"name\":\"T\u00f6rt\u00e9nelmi \u00e1ttekint\u00e9s\",\"item\":\"https:\\\/\\\/komvak.sk\\\/hu\\\/rolunk\\\/tortenelmi-attekintes\\\/\"},{\"@type\":\"ListItem\",\"position\":4,\"name\":\"V\u00edzm\u0171vek t\u00f6rt\u00e9nete\"}]},{\"@type\":\"WebSite\",\"@id\":\"https:\\\/\\\/komvak.sk\\\/hu\\\/#website\",\"url\":\"https:\\\/\\\/komvak.sk\\\/hu\\\/\",\"name\":\"KOMVak\",\"description\":\"Vod\u00e1rne a kanaliz\u00e1cie mesta Kom\u00e1rna, a.s.\",\"publisher\":{\"@id\":\"https:\\\/\\\/komvak.sk\\\/hu\\\/#organization\"},\"potentialAction\":[{\"@type\":\"SearchAction\",\"target\":{\"@type\":\"EntryPoint\",\"urlTemplate\":\"https:\\\/\\\/komvak.sk\\\/hu\\\/?s={search_term_string}\"},\"query-input\":{\"@type\":\"PropertyValueSpecification\",\"valueRequired\":true,\"valueName\":\"search_term_string\"}}],\"inLanguage\":\"hu\"},{\"@type\":\"Organization\",\"@id\":\"https:\\\/\\\/komvak.sk\\\/hu\\\/#organization\",\"name\":\"KOMVaK - Vod\u00e1rne a kanaliz\u00e1cie mesta Kom\u00e1rna, a.s.\",\"url\":\"https:\\\/\\\/komvak.sk\\\/hu\\\/\",\"logo\":{\"@type\":\"ImageObject\",\"inLanguage\":\"hu\",\"@id\":\"https:\\\/\\\/komvak.sk\\\/hu\\\/#\\\/schema\\\/logo\\\/image\\\/\",\"url\":\"https:\\\/\\\/komvak.sk\\\/wp-content\\\/uploads\\\/KOMVak_logo.png\",\"contentUrl\":\"https:\\\/\\\/komvak.sk\\\/wp-content\\\/uploads\\\/KOMVak_logo.png\",\"width\":948,\"height\":619,\"caption\":\"KOMVaK - Vod\u00e1rne a kanaliz\u00e1cie mesta Kom\u00e1rna, a.s.\"},\"image\":{\"@id\":\"https:\\\/\\\/komvak.sk\\\/hu\\\/#\\\/schema\\\/logo\\\/image\\\/\"},\"sameAs\":[\"https:\\\/\\\/www.facebook.com\\\/KOMVaKKomarno\"]}]}<\/script>\n<!-- \/ Yoast SEO plugin. -->","yoast_head_json":{"title":"V\u00edzm\u0171vek t\u00f6rt\u00e9nete &#8226; KOMVak","robots":{"index":"index","follow":"follow","max-snippet":"max-snippet:-1","max-image-preview":"max-image-preview:large","max-video-preview":"max-video-preview:-1"},"canonical":"https:\/\/komvak.sk\/hu\/rolunk\/tortenelmi-attekintes\/vizmuvek-tortenete\/","og_locale":"hu_HU","og_type":"article","og_title":"V\u00edzm\u0171vek t\u00f6rt\u00e9nete &#8226; KOMVak","og_url":"https:\/\/komvak.sk\/hu\/rolunk\/tortenelmi-attekintes\/vizmuvek-tortenete\/","og_site_name":"KOMVak","article_publisher":"https:\/\/www.facebook.com\/KOMVaKKomarno","article_modified_time":"2022-03-28T11:57:49+00:00","twitter_card":"summary_large_image","twitter_misc":{"Becs\u00fclt olvas\u00e1si id\u0151":"4 perc"},"schema":{"@context":"https:\/\/schema.org","@graph":[{"@type":"WebPage","@id":"https:\/\/komvak.sk\/hu\/rolunk\/tortenelmi-attekintes\/vizmuvek-tortenete\/","url":"https:\/\/komvak.sk\/hu\/rolunk\/tortenelmi-attekintes\/vizmuvek-tortenete\/","name":"V\u00edzm\u0171vek t\u00f6rt\u00e9nete &#8226; KOMVak","isPartOf":{"@id":"https:\/\/komvak.sk\/hu\/#website"},"datePublished":"2022-03-28T11:57:48+00:00","dateModified":"2022-03-28T11:57:49+00:00","breadcrumb":{"@id":"https:\/\/komvak.sk\/hu\/rolunk\/tortenelmi-attekintes\/vizmuvek-tortenete\/#breadcrumb"},"inLanguage":"hu","potentialAction":[{"@type":"ReadAction","target":["https:\/\/komvak.sk\/hu\/rolunk\/tortenelmi-attekintes\/vizmuvek-tortenete\/"]}]},{"@type":"BreadcrumbList","@id":"https:\/\/komvak.sk\/hu\/rolunk\/tortenelmi-attekintes\/vizmuvek-tortenete\/#breadcrumb","itemListElement":[{"@type":"ListItem","position":1,"name":"Home","item":"https:\/\/komvak.sk\/hu\/"},{"@type":"ListItem","position":2,"name":"R\u00f3lunk","item":"https:\/\/komvak.sk\/hu\/rolunk\/"},{"@type":"ListItem","position":3,"name":"T\u00f6rt\u00e9nelmi \u00e1ttekint\u00e9s","item":"https:\/\/komvak.sk\/hu\/rolunk\/tortenelmi-attekintes\/"},{"@type":"ListItem","position":4,"name":"V\u00edzm\u0171vek t\u00f6rt\u00e9nete"}]},{"@type":"WebSite","@id":"https:\/\/komvak.sk\/hu\/#website","url":"https:\/\/komvak.sk\/hu\/","name":"KOMVak","description":"Vod\u00e1rne a kanaliz\u00e1cie mesta Kom\u00e1rna, a.s.","publisher":{"@id":"https:\/\/komvak.sk\/hu\/#organization"},"potentialAction":[{"@type":"SearchAction","target":{"@type":"EntryPoint","urlTemplate":"https:\/\/komvak.sk\/hu\/?s={search_term_string}"},"query-input":{"@type":"PropertyValueSpecification","valueRequired":true,"valueName":"search_term_string"}}],"inLanguage":"hu"},{"@type":"Organization","@id":"https:\/\/komvak.sk\/hu\/#organization","name":"KOMVaK - Vod\u00e1rne a kanaliz\u00e1cie mesta Kom\u00e1rna, a.s.","url":"https:\/\/komvak.sk\/hu\/","logo":{"@type":"ImageObject","inLanguage":"hu","@id":"https:\/\/komvak.sk\/hu\/#\/schema\/logo\/image\/","url":"https:\/\/komvak.sk\/wp-content\/uploads\/KOMVak_logo.png","contentUrl":"https:\/\/komvak.sk\/wp-content\/uploads\/KOMVak_logo.png","width":948,"height":619,"caption":"KOMVaK - Vod\u00e1rne a kanaliz\u00e1cie mesta Kom\u00e1rna, a.s."},"image":{"@id":"https:\/\/komvak.sk\/hu\/#\/schema\/logo\/image\/"},"sameAs":["https:\/\/www.facebook.com\/KOMVaKKomarno"]}]}},"_links":{"self":[{"href":"https:\/\/komvak.sk\/hu\/wp-json\/wp\/v2\/pages\/3911","targetHints":{"allow":["GET"]}}],"collection":[{"href":"https:\/\/komvak.sk\/hu\/wp-json\/wp\/v2\/pages"}],"about":[{"href":"https:\/\/komvak.sk\/hu\/wp-json\/wp\/v2\/types\/page"}],"author":[{"embeddable":true,"href":"https:\/\/komvak.sk\/hu\/wp-json\/wp\/v2\/users\/1"}],"replies":[{"embeddable":true,"href":"https:\/\/komvak.sk\/hu\/wp-json\/wp\/v2\/comments?post=3911"}],"version-history":[{"count":0,"href":"https:\/\/komvak.sk\/hu\/wp-json\/wp\/v2\/pages\/3911\/revisions"}],"up":[{"embeddable":true,"href":"https:\/\/komvak.sk\/hu\/wp-json\/wp\/v2\/pages\/3789"}],"wp:attachment":[{"href":"https:\/\/komvak.sk\/hu\/wp-json\/wp\/v2\/media?parent=3911"}],"curies":[{"name":"wp","href":"https:\/\/api.w.org\/{rel}","templated":true}]}}