{"id":4833,"date":"2022-06-30T09:18:14","date_gmt":"2022-06-30T07:18:14","guid":{"rendered":"https:\/\/komvak.buges.sk\/vizvezetek-rolunk\/"},"modified":"2022-07-11T13:11:48","modified_gmt":"2022-07-11T11:11:48","slug":"vizvezetek-rolunk","status":"publish","type":"page","link":"https:\/\/komvak.sk\/hu\/vizvezetek-rolunk\/","title":{"rendered":"V\u00edzvezet\u00e9k \/r\u00f3lunk\/"},"content":{"rendered":"\n<div class=\"row row-collapse\"  id=\"row-1965763019\">\n\n\n\t<div id=\"col-187815710\" class=\"col show-for-medium medium-12 small-12 large-3\"  >\n\t\t\t\t<div class=\"col-inner\"  >\n\t\t\t\n\t\t\t\n\n<div class=\"container section-title-container\" ><h3 class=\"section-title section-title-bold-center\"><b aria-hidden=\"true\"><\/b><span class=\"section-title-main\" style=\"color:rgb(18, 109, 177);\">Szem\u00e9lyes adatok v\u00e9delme<\/span><b aria-hidden=\"true\"><\/b><\/h3><\/div>\n\n\n\t\t<\/div>\n\t\t\t\t\t<\/div>\n\n\t\n\n\t<div id=\"col-619984077\" class=\"col is-sticky-column hide-for-medium medium-12 small-12 large-3\"  >\n\t\t\t\t<div class=\"col-inner\"  >\n\t\t\t\n\t\t\t\n\n<div class=\"container section-title-container\" ><h3 class=\"section-title section-title-bold\"><b aria-hidden=\"true\"><\/b><span class=\"section-title-main\" style=\"color:rgb(18, 109, 177);\">R\u00f3lunk<\/span><b aria-hidden=\"true\"><\/b><\/h3><\/div>\n\n\n\t\t<\/div>\n\t\t\t\t\t<\/div>\n\n\t\n\n\t<div id=\"col-897548403\" class=\"col bw--drop_shadow medium-12 small-12 large-9\"  >\n\t\t\t\t<div class=\"col-inner text-left\"  >\n\t\t\t\n\t<div class=\"is-border\"\n\t\tstyle=\"border-color:rgb(18, 109, 177);border-width:2.5px 2.5px 2.5px 2.5px;\">\n\t<\/div>\n\t\t\t\n\n<div class=\"accordion\">\n\n\t<div id=\"accordion-3991900163\" class=\"accordion-item\">\n\t\t<a id=\"accordion-3991900163-label\" class=\"accordion-title plain active\" href=\"#accordion-item-kom\u00e1romi-csatornah\u00e1l\u00f3zat\" aria-expanded=\"true\" aria-controls=\"accordion-3991900163-content\">\n\t\t\t<button class=\"toggle\" aria-label=\"Toggle\"><i class=\"icon-angle-down\" aria-hidden=\"true\"><\/i><\/button>\n\t\t\t<span>Kom\u00e1romi csatornah\u00e1l\u00f3zat<\/span>\n\t\t<\/a>\n\t\t<div id=\"accordion-3991900163-content\" class=\"accordion-inner\" style=\"display: block;\" aria-labelledby=\"accordion-3991900163-label\">\n\t\t\t\n\n<p>Kom\u00e1rno \u00e9s K\u00f6rny\u00e9ke: Izsa, Pat, Dunaradv\u00e1ny, Dunamocs, Virt, Marcelh\u00e1za, Csall\u00f3k\u00f6zaranyos, Nemes\u00f3csa, Ekel, Tany<\/p>\n<ul>\n<li>A v\u00edzforr\u00e1s kapacit\u00e1sa: 393 liter m\u00e1sodpercenk\u00e9nt<\/li>\n<li>A szivatty\u00fa\u00e1llom\u00e1s kapacit\u00e1sa: 1 825 liter m\u00e1sodpercenk\u00e9nt<\/li>\n<li>A v\u00edzt\u00e1roz\u00f3 kapacit\u00e1sa: 12 000 m3<\/li>\n<\/ul>\n\n\t\t<\/div>\n\t<\/div>\n\t\n\t<div id=\"accordion-777778504\" class=\"accordion-item\">\n\t\t<a id=\"accordion-777778504-label\" class=\"accordion-title plain\" href=\"#accordion-item-kom\u00e1romi-csatornah\u00e1l\u00f3zat\" aria-expanded=\"false\" aria-controls=\"accordion-777778504-content\">\n\t\t\t<button class=\"toggle\" aria-label=\"Toggle\"><i class=\"icon-angle-down\" aria-hidden=\"true\"><\/i><\/button>\n\t\t\t<span>Kom\u00e1romi csatornah\u00e1l\u00f3zat<\/span>\n\t\t<\/a>\n\t\t<div id=\"accordion-777778504-content\" class=\"accordion-inner\" aria-labelledby=\"accordion-777778504-label\">\n\t\t\t\n\n<ul style=\"list-style-type: square;\">\n<li>A szennyv\u00edztiszt\u00edt\u00f3k sz\u00e1ma: 1<\/li>\n<li>Szivatty\u00fa\u00e1llom\u00e1sok sz\u00e1ma: 17<\/li>\n<li>A szennyv\u00edztiszt\u00edt\u00f3k kapacit\u00e1sa: 10 885 m3\/nap<\/li>\n<li>A t\u00e1rsas\u00e1g \u00fczemelteti az \u00f6nkorm\u00e1nyzati MB &#8211; szennyv\u00edztiszt\u00edt\u00f3 telepet Izs\u00e1n, Marcelh\u00e1z\u00e1n,Paton \u00e9s Csall\u00f3k\u00f6zaranyoson<\/li>\n<\/ul>\n\n\t\t<\/div>\n\t<\/div>\n\t\n\t<div id=\"accordion-2806945692\" class=\"accordion-item\">\n\t\t<a id=\"accordion-2806945692-label\" class=\"accordion-title plain\" href=\"#accordion-item-\u00dajpuszta-i-v\u00edzvezet\u00e9k\" aria-expanded=\"false\" aria-controls=\"accordion-2806945692-content\">\n\t\t\t<button class=\"toggle\" aria-label=\"Toggle\"><i class=\"icon-angle-down\" aria-hidden=\"true\"><\/i><\/button>\n\t\t\t<span>\u00dajpuszta-i v\u00edzvezet\u00e9k<\/span>\n\t\t<\/a>\n\t\t<div id=\"accordion-2806945692-content\" class=\"accordion-inner\" aria-labelledby=\"accordion-2806945692-label\">\n\t\t\t\n\n<ul style=\"list-style-type: square;\">\n<li>Vezet\u00e9kes v\u00edz &#8211; saj\u00e1t v\u00edzforr\u00e1s<\/li>\n<li>A v\u00edzforr\u00e1s kapacit\u00e1sa: 2,5 liter m\u00e1sodpercenk\u00e9nt<\/li>\n<li>A v\u00edzt\u00e1roz\u00f3 kapacit\u00e1sa: 2 x 50 m3<\/li>\n<\/ul>\n\n\t\t<\/div>\n\t<\/div>\n\t\n\t<div id=\"accordion-3469130973\" class=\"accordion-item\">\n\t\t<a id=\"accordion-3469130973-label\" class=\"accordion-title plain\" href=\"#accordion-item-madari-v\u00edzvezet\u00e9k\" aria-expanded=\"false\" aria-controls=\"accordion-3469130973-content\">\n\t\t\t<button class=\"toggle\" aria-label=\"Toggle\"><i class=\"icon-angle-down\" aria-hidden=\"true\"><\/i><\/button>\n\t\t\t<span>Madari v\u00edzvezet\u00e9k<\/span>\n\t\t<\/a>\n\t\t<div id=\"accordion-3469130973-content\" class=\"accordion-inner\" aria-labelledby=\"accordion-3469130973-label\">\n\t\t\t\n\n<ul style=\"list-style-type: square;\">\n<li>Vezet\u00e9kes v\u00edz &#8211; saj\u00e1t v\u00edzforr\u00e1s<\/li>\n<li>A v\u00edzforr\u00e1s kapacit\u00e1sa: 5,0 liter m\u00e1sodpercenk\u00e9nt<\/li>\n<li>A szivatty\u00fa\u00e1llom\u00e1s kapacit\u00e1sa: 17,5 liter m\u00e1sodpercenk\u00e9nt<\/li>\n<li>A v\u00edzt\u00e1roz\u00f3 kapacit\u00e1sa: 250 m3<\/li>\n<\/ul>\n\n\t\t<\/div>\n\t<\/div>\n\t\n\t<div id=\"accordion-3822408513\" class=\"accordion-item\">\n\t\t<a id=\"accordion-3822408513-label\" class=\"accordion-title plain\" href=\"#accordion-item-megyercsi---viol\u00edn-v\u00edzvezet\u00e9k\" aria-expanded=\"false\" aria-controls=\"accordion-3822408513-content\">\n\t\t\t<button class=\"toggle\" aria-label=\"Toggle\"><i class=\"icon-angle-down\" aria-hidden=\"true\"><\/i><\/button>\n\t\t\t<span>Megyercsi - Viol\u00edn v\u00edzvezet\u00e9k<\/span>\n\t\t<\/a>\n\t\t<div id=\"accordion-3822408513-content\" class=\"accordion-inner\" aria-labelledby=\"accordion-3822408513-label\">\n\t\t\t\n\n<ul style=\"list-style-type: square;\">\n<li>Vezet\u00e9kes v\u00edz &#8211; saj\u00e1t v\u00edzforr\u00e1s<\/li>\n<li>A v\u00edzforr\u00e1s kapacit\u00e1sa: 5 l\/mp<\/li>\n<li>A szivatty\u00fa\u00e1llom\u00e1s kapacit\u00e1sa: 5 liter m\u00e1sodpercenk\u00e9nt<\/li>\n<\/ul>\n\n\t\t<\/div>\n\t<\/div>\n\t\n\t<div id=\"accordion-2108750889\" class=\"accordion-item\">\n\t\t<a id=\"accordion-2108750889-label\" class=\"accordion-title plain\" href=\"#accordion-item-csics\u00f3i,-f\u00fcssi-v\u00edzvezet\u00e9k\" aria-expanded=\"false\" aria-controls=\"accordion-2108750889-content\">\n\t\t\t<button class=\"toggle\" aria-label=\"Toggle\"><i class=\"icon-angle-down\" aria-hidden=\"true\"><\/i><\/button>\n\t\t\t<span>Csics\u00f3i, F\u00fcssi v\u00edzvezet\u00e9k<\/span>\n\t\t<\/a>\n\t\t<div id=\"accordion-2108750889-content\" class=\"accordion-inner\" aria-labelledby=\"accordion-2108750889-label\">\n\t\t\t\n\n<ul style=\"list-style-type: square;\">\n<li>Vezet\u00e9kes v\u00edz &#8211; saj\u00e1t forr\u00e1s<\/li>\n<li>A v\u00edzforr\u00e1s kapacit\u00e1sa: 30 l\/mp<\/li>\n<li>A szivatty\u00fa\u00e1llom\u00e1s kapacit\u00e1sa: 10 l\/mp<\/li>\n<li>V\u00edzt\u00e1roz\u00f3k kapacit\u00e1sa: 100+200 m3<\/li>\n<\/ul>\n\n\t\t<\/div>\n\t<\/div>\n\t\n\n<\/div>\n\t<div class=\"img has-hover x md-x lg-x y md-y lg-y\" id=\"image_240839593\">\n\t\t\t\t\t\t\t\t<div class=\"img-inner dark\" style=\"margin:0px 0px 0px 0px;\">\n\t\t\t<img loading=\"lazy\" decoding=\"async\" width=\"786\" height=\"291\" src=\"https:\/\/komvak.sk\/wp-content\/uploads\/mapa_b1.jpeg\" class=\"attachment-large size-large\" alt=\"\" srcset=\"https:\/\/komvak.sk\/wp-content\/uploads\/mapa_b1.jpeg 786w, https:\/\/komvak.sk\/wp-content\/uploads\/mapa_b1-300x111.jpeg 300w, https:\/\/komvak.sk\/wp-content\/uploads\/mapa_b1-768x284.jpeg 768w\" sizes=\"auto, (max-width: 786px) 100vw, 786px\" \/>\t\t\t\t\t\t\n\t\t\t\t\t<\/div>\n\t\t\t\t\t\t\t\t\n<style>\n#image_240839593 {\n  width: 100%;\n}\n<\/style>\n\t<\/div>\n\t\n\n\n\t\t<\/div>\n\t\t\t\t\n<style>\n#col-897548403 > .col-inner {\n  padding: 30px 30px 30px 30px;\n}\n<\/style>\n\t<\/div>\n\n\t\n\n<\/div>\n\t<div id=\"gap-26737647\" class=\"gap-element clearfix\" style=\"display:block; height:auto;\">\n\t\t\n<style>\n#gap-26737647 {\n  padding-top: 60px;\n}\n<\/style>\n\t<\/div>\n\t\n\n\n","protected":false},"excerpt":{"rendered":"","protected":false},"author":1,"featured_media":0,"parent":0,"menu_order":0,"comment_status":"closed","ping_status":"closed","template":"","meta":{"footnotes":""},"class_list":["post-4833","page","type-page","status-publish","hentry"],"yoast_head":"<!-- This site is optimized with the Yoast SEO plugin v27.5 - https:\/\/yoast.com\/product\/yoast-seo-wordpress\/ -->\n<title>V\u00edzvezet\u00e9k \/r\u00f3lunk\/ &#8226; KOMVak<\/title>\n<meta name=\"robots\" content=\"index, follow, max-snippet:-1, max-image-preview:large, max-video-preview:-1\" \/>\n<link rel=\"canonical\" href=\"https:\/\/komvak.sk\/hu\/vizvezetek-rolunk\/\" \/>\n<meta property=\"og:locale\" content=\"hu_HU\" \/>\n<meta property=\"og:type\" content=\"article\" \/>\n<meta property=\"og:title\" content=\"V\u00edzvezet\u00e9k \/r\u00f3lunk\/ &#8226; KOMVak\" \/>\n<meta property=\"og:url\" content=\"https:\/\/komvak.sk\/hu\/vizvezetek-rolunk\/\" \/>\n<meta property=\"og:site_name\" content=\"KOMVak\" \/>\n<meta property=\"article:publisher\" content=\"https:\/\/www.facebook.com\/KOMVaKKomarno\" \/>\n<meta property=\"article:modified_time\" content=\"2022-07-11T11:11:48+00:00\" \/>\n<meta name=\"twitter:card\" content=\"summary_large_image\" \/>\n<meta name=\"twitter:label1\" content=\"Becs\u00fclt olvas\u00e1si id\u0151\" \/>\n\t<meta name=\"twitter:data1\" content=\"2 perc\" \/>\n<script type=\"application\/ld+json\" class=\"yoast-schema-graph\">{\"@context\":\"https:\\\/\\\/schema.org\",\"@graph\":[{\"@type\":\"WebPage\",\"@id\":\"https:\\\/\\\/komvak.sk\\\/hu\\\/vizvezetek-rolunk\\\/\",\"url\":\"https:\\\/\\\/komvak.sk\\\/hu\\\/vizvezetek-rolunk\\\/\",\"name\":\"V\u00edzvezet\u00e9k \\\/r\u00f3lunk\\\/ &#8226; KOMVak\",\"isPartOf\":{\"@id\":\"https:\\\/\\\/komvak.sk\\\/hu\\\/#website\"},\"datePublished\":\"2022-06-30T07:18:14+00:00\",\"dateModified\":\"2022-07-11T11:11:48+00:00\",\"breadcrumb\":{\"@id\":\"https:\\\/\\\/komvak.sk\\\/hu\\\/vizvezetek-rolunk\\\/#breadcrumb\"},\"inLanguage\":\"hu\",\"potentialAction\":[{\"@type\":\"ReadAction\",\"target\":[\"https:\\\/\\\/komvak.sk\\\/hu\\\/vizvezetek-rolunk\\\/\"]}]},{\"@type\":\"BreadcrumbList\",\"@id\":\"https:\\\/\\\/komvak.sk\\\/hu\\\/vizvezetek-rolunk\\\/#breadcrumb\",\"itemListElement\":[{\"@type\":\"ListItem\",\"position\":1,\"name\":\"Home\",\"item\":\"https:\\\/\\\/komvak.sk\\\/hu\\\/\"},{\"@type\":\"ListItem\",\"position\":2,\"name\":\"V\u00edzvezet\u00e9k \\\/r\u00f3lunk\\\/\"}]},{\"@type\":\"WebSite\",\"@id\":\"https:\\\/\\\/komvak.sk\\\/hu\\\/#website\",\"url\":\"https:\\\/\\\/komvak.sk\\\/hu\\\/\",\"name\":\"KOMVak\",\"description\":\"Vod\u00e1rne a kanaliz\u00e1cie mesta Kom\u00e1rna, a.s.\",\"publisher\":{\"@id\":\"https:\\\/\\\/komvak.sk\\\/hu\\\/#organization\"},\"potentialAction\":[{\"@type\":\"SearchAction\",\"target\":{\"@type\":\"EntryPoint\",\"urlTemplate\":\"https:\\\/\\\/komvak.sk\\\/hu\\\/?s={search_term_string}\"},\"query-input\":{\"@type\":\"PropertyValueSpecification\",\"valueRequired\":true,\"valueName\":\"search_term_string\"}}],\"inLanguage\":\"hu\"},{\"@type\":\"Organization\",\"@id\":\"https:\\\/\\\/komvak.sk\\\/hu\\\/#organization\",\"name\":\"KOMVaK - Vod\u00e1rne a kanaliz\u00e1cie mesta Kom\u00e1rna, a.s.\",\"url\":\"https:\\\/\\\/komvak.sk\\\/hu\\\/\",\"logo\":{\"@type\":\"ImageObject\",\"inLanguage\":\"hu\",\"@id\":\"https:\\\/\\\/komvak.sk\\\/hu\\\/#\\\/schema\\\/logo\\\/image\\\/\",\"url\":\"https:\\\/\\\/komvak.sk\\\/wp-content\\\/uploads\\\/KOMVak_logo.png\",\"contentUrl\":\"https:\\\/\\\/komvak.sk\\\/wp-content\\\/uploads\\\/KOMVak_logo.png\",\"width\":948,\"height\":619,\"caption\":\"KOMVaK - Vod\u00e1rne a kanaliz\u00e1cie mesta Kom\u00e1rna, a.s.\"},\"image\":{\"@id\":\"https:\\\/\\\/komvak.sk\\\/hu\\\/#\\\/schema\\\/logo\\\/image\\\/\"},\"sameAs\":[\"https:\\\/\\\/www.facebook.com\\\/KOMVaKKomarno\"]}]}<\/script>\n<!-- \/ Yoast SEO plugin. -->","yoast_head_json":{"title":"V\u00edzvezet\u00e9k \/r\u00f3lunk\/ &#8226; KOMVak","robots":{"index":"index","follow":"follow","max-snippet":"max-snippet:-1","max-image-preview":"max-image-preview:large","max-video-preview":"max-video-preview:-1"},"canonical":"https:\/\/komvak.sk\/hu\/vizvezetek-rolunk\/","og_locale":"hu_HU","og_type":"article","og_title":"V\u00edzvezet\u00e9k \/r\u00f3lunk\/ &#8226; KOMVak","og_url":"https:\/\/komvak.sk\/hu\/vizvezetek-rolunk\/","og_site_name":"KOMVak","article_publisher":"https:\/\/www.facebook.com\/KOMVaKKomarno","article_modified_time":"2022-07-11T11:11:48+00:00","twitter_card":"summary_large_image","twitter_misc":{"Becs\u00fclt olvas\u00e1si id\u0151":"2 perc"},"schema":{"@context":"https:\/\/schema.org","@graph":[{"@type":"WebPage","@id":"https:\/\/komvak.sk\/hu\/vizvezetek-rolunk\/","url":"https:\/\/komvak.sk\/hu\/vizvezetek-rolunk\/","name":"V\u00edzvezet\u00e9k \/r\u00f3lunk\/ &#8226; KOMVak","isPartOf":{"@id":"https:\/\/komvak.sk\/hu\/#website"},"datePublished":"2022-06-30T07:18:14+00:00","dateModified":"2022-07-11T11:11:48+00:00","breadcrumb":{"@id":"https:\/\/komvak.sk\/hu\/vizvezetek-rolunk\/#breadcrumb"},"inLanguage":"hu","potentialAction":[{"@type":"ReadAction","target":["https:\/\/komvak.sk\/hu\/vizvezetek-rolunk\/"]}]},{"@type":"BreadcrumbList","@id":"https:\/\/komvak.sk\/hu\/vizvezetek-rolunk\/#breadcrumb","itemListElement":[{"@type":"ListItem","position":1,"name":"Home","item":"https:\/\/komvak.sk\/hu\/"},{"@type":"ListItem","position":2,"name":"V\u00edzvezet\u00e9k \/r\u00f3lunk\/"}]},{"@type":"WebSite","@id":"https:\/\/komvak.sk\/hu\/#website","url":"https:\/\/komvak.sk\/hu\/","name":"KOMVak","description":"Vod\u00e1rne a kanaliz\u00e1cie mesta Kom\u00e1rna, a.s.","publisher":{"@id":"https:\/\/komvak.sk\/hu\/#organization"},"potentialAction":[{"@type":"SearchAction","target":{"@type":"EntryPoint","urlTemplate":"https:\/\/komvak.sk\/hu\/?s={search_term_string}"},"query-input":{"@type":"PropertyValueSpecification","valueRequired":true,"valueName":"search_term_string"}}],"inLanguage":"hu"},{"@type":"Organization","@id":"https:\/\/komvak.sk\/hu\/#organization","name":"KOMVaK - Vod\u00e1rne a kanaliz\u00e1cie mesta Kom\u00e1rna, a.s.","url":"https:\/\/komvak.sk\/hu\/","logo":{"@type":"ImageObject","inLanguage":"hu","@id":"https:\/\/komvak.sk\/hu\/#\/schema\/logo\/image\/","url":"https:\/\/komvak.sk\/wp-content\/uploads\/KOMVak_logo.png","contentUrl":"https:\/\/komvak.sk\/wp-content\/uploads\/KOMVak_logo.png","width":948,"height":619,"caption":"KOMVaK - Vod\u00e1rne a kanaliz\u00e1cie mesta Kom\u00e1rna, a.s."},"image":{"@id":"https:\/\/komvak.sk\/hu\/#\/schema\/logo\/image\/"},"sameAs":["https:\/\/www.facebook.com\/KOMVaKKomarno"]}]}},"_links":{"self":[{"href":"https:\/\/komvak.sk\/hu\/wp-json\/wp\/v2\/pages\/4833","targetHints":{"allow":["GET"]}}],"collection":[{"href":"https:\/\/komvak.sk\/hu\/wp-json\/wp\/v2\/pages"}],"about":[{"href":"https:\/\/komvak.sk\/hu\/wp-json\/wp\/v2\/types\/page"}],"author":[{"embeddable":true,"href":"https:\/\/komvak.sk\/hu\/wp-json\/wp\/v2\/users\/1"}],"replies":[{"embeddable":true,"href":"https:\/\/komvak.sk\/hu\/wp-json\/wp\/v2\/comments?post=4833"}],"version-history":[{"count":0,"href":"https:\/\/komvak.sk\/hu\/wp-json\/wp\/v2\/pages\/4833\/revisions"}],"wp:attachment":[{"href":"https:\/\/komvak.sk\/hu\/wp-json\/wp\/v2\/media?parent=4833"}],"curies":[{"name":"wp","href":"https:\/\/api.w.org\/{rel}","templated":true}]}}