{"id":5427,"date":"2022-08-01T12:11:59","date_gmt":"2022-08-01T10:11:59","guid":{"rendered":"https:\/\/komvak.sk\/informaciok\/a-viz-kemenysege\/"},"modified":"2022-11-30T14:49:09","modified_gmt":"2022-11-30T13:49:09","slug":"a-viz-kemenysege","status":"publish","type":"page","link":"https:\/\/komvak.sk\/hu\/informaciok\/a-viz-kemenysege\/","title":{"rendered":"A v\u00edz kem\u00e9nys\u00e9ge"},"content":{"rendered":"\n<div class=\"row row-collapse\"  id=\"row-645724223\">\n\n\n\t<div id=\"col-521452244\" class=\"col show-for-medium medium-12 small-12 large-12\"  >\n\t\t\t\t<div class=\"col-inner\"  >\n\t\t\t\n\t\t\t\n\n<div class=\"container section-title-container show-for-medium\" ><h3 class=\"section-title section-title-bold-center\"><b aria-hidden=\"true\"><\/b><span class=\"section-title-main\" style=\"color:rgb(18, 109, 177);\">A v\u00edz kem\u00e9nys\u00e9ge<\/span><b aria-hidden=\"true\"><\/b><\/h3><\/div>\n\n\n\t\t<\/div>\n\t\t\t\t\t<\/div>\n\n\t\n\n\t<div id=\"col-1262011521\" class=\"col is-sticky-column medium-12 small-12 large-3\"  >\n\t\t\t\t<div class=\"col-inner\"  >\n\t\t\t\n\t\t\t\n\n<div class=\"container section-title-container hide-for-medium\" ><h3 class=\"section-title section-title-bold\"><b aria-hidden=\"true\"><\/b><span class=\"section-title-main\" style=\"color:rgb(18, 109, 177);\">A v\u00edz kem\u00e9nys\u00e9ge<\/span><b aria-hidden=\"true\"><\/b><\/h3><\/div>\n\n\n\t\t<\/div>\n\t\t\t\t\t<\/div>\n\n\t\n\n\t<div id=\"col-1012246356\" class=\"col bw--drop_shadow medium-12 small-12 large-9\"  >\n\t\t\t\t<div class=\"col-inner text-center\"  >\n\t\t\t\n\t<div class=\"is-border\"\n\t\tstyle=\"border-color:rgb(18, 109, 177);border-width:2.5px 2.5px 2.5px 2.5px;\">\n\t<\/div>\n\t\t\t\n\n<div class=\"row row-collapse align-middle\"  id=\"row-274014803\">\n\n\n\t<div id=\"col-159833484\" class=\"col small-12 large-12\"  >\n\t\t\t\t<div class=\"col-inner\"  >\n\t\t\t\n\t\t\t\n\n\t<div id=\"text-2555408572\" class=\"text\">\n\t\t\n\n<h3 class=\"p2\"><b>A v\u00edz kem\u00e9nys\u00e9ge<\/b><\/h3>\n<ul style=\"list-style-type: square;\">\n<li class=\"p2\">A v\u00edz kem\u00e9nys\u00e9g\u00e9t a v\u00edzben oldott \u00e1sv\u00e1nyi anyagok mennyis\u00e9ge hat\u00e1rozza meg. Kem\u00e9nys\u00e9g alatt a kalcium (Ca) \u00e9s a magn\u00e9zium (Mg) mennyis\u00e9g\u00e9t \u00e9rtj\u00fck. A term\u00e9szetes vizek tartalmaznak kalciumot \u00e9s a kalciumtartalom f\u00fcgg az alapk\u0151zet geol\u00f3giai \u00f6sszet\u00e9tel\u00e9t\u0151l, amelyen a v\u00edz \u00e1tfolyik.<\/li>\n<li class=\"p2\">Az iv\u00f3v\u00edznek eg\u00e9szs\u00e9g\u00fcgyi szempontb\u00f3l tartalmaznia kell oldott \u00e1sv\u00e1nyi anyagokat, mivel ezekre a szervezet\u00fcnknek sz\u00fcks\u00e9ge van. Ez gyakorlatilag azt jelenti, hogy eg\u00e9szs\u00e9g\u00fcgyi szempontb\u00f3l a kem\u00e9nyebb vizet r\u00e9szes\u00edtj\u00fck el\u0151nyben.<\/li>\n<li class=\"p2\">A kalcium \u00e9s a magn\u00e9zium t\u00e1mogatja a csontok megfelel\u0151 fejl\u0151d\u00e9s\u00e9t, az idegrendszer (Ca), az enzimek, a sz\u00edv- \u00e9s \u00e9rrendszer (Mg) m\u0171k\u00f6d\u00e9s\u00e9t \u00e9s sz\u00e1mos m\u00e1s pozit\u00edv hat\u00e1ssal b\u00edr. A csapv\u00edz teh\u00e1t a legk\u00e9zenfekv\u0151bb napi kalcium- \u00e9s magn\u00e9ziumforr\u00e1s a szervezet sz\u00e1m\u00e1ra.<\/li>\n<li class=\"p2\">A 247\/2017-es sz\u00e1m\u00fa rendelet tartalmazza a javasolt \u201eKalcium \u00e9s magn\u00e9zium Ca+Mg\u201c \u00e9rt\u00e9k\u00e9t iv\u00f3v\u00edz eset\u00e9n 1,1-5 mmol\/l (azaz a v\u00edz kem\u00e9nys\u00e9ge 6,16 &#8211; 28 \u00b0dH).<\/li>\n<\/ul>\n<p class=\"p2\">\u00a0<\/p>\n<table class=\"t1\" cellspacing=\"0\" cellpadding=\"0\">\n<tbody>\n<tr>\n<td class=\"td1\" valign=\"top\">\n<p class=\"p2\"><b>Teljes v\u00edzkem\u00e9nys\u00e9g<\/b><\/p>\n<\/td>\n<td class=\"td1\" valign=\"top\">\n<p class=\"p2\"><b>Kem\u00e9nys\u00e9gi fok<\/b><\/p>\n<p class=\"p2\"><b>[\u00b0dH]<\/b><\/p>\n<\/td>\n<td class=\"td1\" valign=\"top\">\n<p class=\"p2\"><b>Kem\u00e9nys\u00e9gi fok [mmol\/l]<\/b><\/p>\n<\/td>\n<\/tr>\n<tr>\n<td class=\"td1\" valign=\"top\">\n<p class=\"p2\">Nagyon l\u00e1gy<\/p>\n<\/td>\n<td class=\"td1\" valign=\"top\">\n<p class=\"p2\">0-t\u00f3l 4-ig<\/p>\n<\/td>\n<td class=\"td1\" valign=\"top\">\n<p class=\"p2\">0-t\u00f3l 0,72-ig<\/p>\n<\/td>\n<\/tr>\n<tr>\n<td class=\"td1\" valign=\"top\">\n<p class=\"p2\">L\u00e1gy<\/p>\n<\/td>\n<td class=\"td1\" valign=\"top\">\n<p class=\"p2\">4-t\u0151l 8-ig<\/p>\n<\/td>\n<td class=\"td1\" valign=\"top\">\n<p class=\"p2\">0,72-t\u0151l 1,43-ig<\/p>\n<\/td>\n<\/tr>\n<tr>\n<td class=\"td1\" valign=\"top\">\n<p class=\"p2\">K\u00f6zepesen kem\u00e9ny<\/p>\n<\/td>\n<td class=\"td1\" valign=\"top\">\n<p class=\"p2\">8-t\u00f3l 12-ig<\/p>\n<\/td>\n<td class=\"td1\" valign=\"top\">\n<p class=\"p2\">1,43-t\u00f3l 2,14-ig<\/p>\n<\/td>\n<\/tr>\n<tr>\n<td class=\"td1\" valign=\"top\">\n<p class=\"p2\">Kem\u00e9ny<\/p>\n<\/td>\n<td class=\"td1\" valign=\"top\">\n<p class=\"p2\">12-t\u0151l 18-ig<\/p>\n<\/td>\n<td class=\"td1\" valign=\"top\">\n<p class=\"p2\">2,14-t\u0151l 3,21-ig<\/p>\n<\/td>\n<\/tr>\n<tr>\n<td class=\"td1\" valign=\"top\">\n<p class=\"p2\">Nagyon kem\u00e9ny<\/p>\n<\/td>\n<td class=\"td1\" valign=\"top\">\n<p class=\"p2\">18-t\u00f3l 30-ig<\/p>\n<\/td>\n<td class=\"td1\" valign=\"top\">\n<p class=\"p2\">3,21-t\u0151l 5,35-ig<\/p>\n<\/td>\n<\/tr>\n<\/tbody>\n<\/table>\n<p class=\"p2\">\u00a0<\/p>\n<h4 class=\"p2\">V\u00edzkem\u00e9nys\u00e9gi sz\u00e1m\u00edt\u00e1sok<\/h4>\n<p class=\"p2\">1 mmol\/l = 5,6 \u00b0dH<br \/>1 \u00b0dH = 0,1783 mmol\/l<\/p>\n<p class=\"p2\">\u00a0<\/p>\n<ul style=\"list-style-type: square;\">\n<li class=\"p2\">Ezek az anyagok gyakran v\u00edzk\u0151 form\u00e1j\u00e1ban csap\u00f3dnak ki, k\u00fcl\u00f6n\u00f6sen meleg\u00edt\u00e9skor, ami probl\u00e9m\u00e1t jelenthet k\u00fcl\u00f6nb\u00f6z\u0151 h\u00e1ztart\u00e1si g\u00e9pek sz\u00e1m\u00e1ra: elt\u00f6m\u00edthetik vagy cs\u00f6kkenthetik a f\u0171t\u0151berendez\u00e9sek teljes\u00edtm\u00e9ny\u00e9t, megn\u00f6velhetik a mos\u00f3szerfogyaszt\u00e1st vagy sz\u00e1rad\u00e1s ut\u00e1n feh\u00e9r foltok keletkezhetnek az ed\u00e9nyeken.<\/li>\n<li class=\"p2\">A nagyon l\u00e1gy v\u00edz nem jelent megold\u00e1st ezekre a probl\u00e9m\u00e1kra, mivel meglehet\u0151sen agressz\u00edv, \u00e9s korr\u00f3zi\u00f3t okoz a cs\u00f6vekben.<\/li>\n<li class=\"p2\">A c\u00e9g\u00fcnk \u00e1ltal \u00fczemeltetett v\u00edzforr\u00e1sokb\u00f3l sz\u00e1rmaz\u00f3 iv\u00f3v\u00edz kem\u00e9nys\u00e9ge elt\u00e9r\u0151, ez az al\u00e1bbi t\u00e1bl\u00e1zatban l\u00e1that\u00f3:<\/li>\n<\/ul>\n<p class=\"p2\">\u00a0<\/p>\n<table class=\"t1\" cellspacing=\"0\" cellpadding=\"0\">\n<tbody>\n<tr>\n<td class=\"td1\" valign=\"top\">\n<p class=\"p2\">Mintav\u00e9teli pont<\/p>\n<\/td>\n<td class=\"td1\" valign=\"top\">\n<p class=\"p2\">Teljes kem\u00e9nys\u00e9g (mmol\/l)<\/p>\n<\/td>\n<td class=\"td1\" valign=\"top\">\n<p class=\"p2\">N\u00e9met kem\u00e9nys\u00e9gi fok [\u00b0dH]\n<\/td>\n<\/tr>\n<tr>\n<td class=\"td1\" valign=\"top\">\n<p class=\"p2\">Kom\u00e1rom<\/p>\n<\/td>\n<td class=\"td1\" valign=\"top\">\n<p class=\"p2\">1.6<\/p>\n<\/td>\n<td class=\"td1\" valign=\"top\">\n<p class=\"p2\">9.0<\/p>\n<\/td>\n<\/tr>\n<tr>\n<td class=\"td1\" valign=\"top\">\n<p class=\"p2\">Csics\u00f3 &#8211; F\u00fcss<\/p>\n<\/td>\n<td class=\"td1\" valign=\"top\">\n<p class=\"p2\">1.2<\/p>\n<\/td>\n<td class=\"td1\" valign=\"top\">\n<p class=\"p2\">6.7<\/p>\n<\/td>\n<\/tr>\n<tr>\n<td class=\"td1\" valign=\"top\">\n<p class=\"p2\">Madar<\/p>\n<\/td>\n<td class=\"td1\" valign=\"top\">\n<p class=\"p2\">3<\/p>\n<\/td>\n<td class=\"td1\" valign=\"top\">\n<p class=\"p2\">16.8<\/p>\n<\/td>\n<\/tr>\n<tr>\n<td class=\"td1\" valign=\"top\">\n<p class=\"p2\">\u00dajpuszta<\/p>\n<\/td>\n<td class=\"td1\" valign=\"top\">\n<p class=\"p2\">3.4<\/p>\n<\/td>\n<td class=\"td1\" valign=\"top\">\n<p class=\"p2\">19.0<\/p>\n<\/td>\n<\/tr>\n<tr>\n<td class=\"td1\" valign=\"top\">\n<p class=\"p2\">Violin<\/p>\n<\/td>\n<td class=\"td1\" valign=\"top\">\n<p class=\"p2\">0,71<\/p>\n<\/td>\n<td class=\"td1\" valign=\"top\">\n<p class=\"p2\">4.0<\/p>\n<\/td>\n<\/tr>\n<\/tbody>\n<\/table>\n<p class=\"p2\">\u00a0<\/p>\n\t\t\n<style>\n#text-2555408572 {\n  text-align: left;\n}\n<\/style>\n\t<\/div>\n\t\n\n\t\t<\/div>\n\t\t\t\t\n<style>\n#col-159833484 > .col-inner {\n  padding: 30px 30px 30px 30px;\n  margin: 0px 0px 0px 0px;\n}\n<\/style>\n\t<\/div>\n\n\t\n\n<\/div>\n\n\t\t<\/div>\n\t\t\t\t\n<style>\n#col-1012246356 > .col-inner {\n  padding: 30px 30px 30px 30px;\n}\n<\/style>\n\t<\/div>\n\n\t\n\n\n<style>\n#row-645724223 > .col > .col-inner {\n  padding: 0px 0px 0px 0px;\n}\n<\/style>\n<\/div>\n\t<div id=\"gap-2058404649\" class=\"gap-element clearfix\" style=\"display:block; height:auto;\">\n\t\t\n<style>\n#gap-2058404649 {\n  padding-top: 60px;\n}\n<\/style>\n\t<\/div>\n\t\n\n\n","protected":false},"excerpt":{"rendered":"","protected":false},"author":1,"featured_media":0,"parent":3804,"menu_order":0,"comment_status":"closed","ping_status":"closed","template":"","meta":{"footnotes":""},"class_list":["post-5427","page","type-page","status-publish","hentry"],"yoast_head":"<!-- This site is optimized with the Yoast SEO plugin v27.3 - https:\/\/yoast.com\/product\/yoast-seo-wordpress\/ -->\n<title>A v\u00edz kem\u00e9nys\u00e9ge &#8226; KOMVak<\/title>\n<meta name=\"robots\" content=\"index, follow, max-snippet:-1, max-image-preview:large, max-video-preview:-1\" \/>\n<link rel=\"canonical\" href=\"https:\/\/komvak.sk\/hu\/informaciok\/a-viz-kemenysege\/\" \/>\n<meta property=\"og:locale\" content=\"hu_HU\" \/>\n<meta property=\"og:type\" content=\"article\" \/>\n<meta property=\"og:title\" content=\"A v\u00edz kem\u00e9nys\u00e9ge &#8226; KOMVak\" \/>\n<meta property=\"og:url\" content=\"https:\/\/komvak.sk\/hu\/informaciok\/a-viz-kemenysege\/\" \/>\n<meta property=\"og:site_name\" content=\"KOMVak\" \/>\n<meta property=\"article:publisher\" content=\"https:\/\/www.facebook.com\/KOMVaKKomarno\" \/>\n<meta property=\"article:modified_time\" content=\"2022-11-30T13:49:09+00:00\" \/>\n<meta name=\"twitter:card\" content=\"summary_large_image\" \/>\n<meta name=\"twitter:label1\" content=\"Becs\u00fclt olvas\u00e1si id\u0151\" \/>\n\t<meta name=\"twitter:data1\" content=\"3 perc\" \/>\n<script type=\"application\/ld+json\" class=\"yoast-schema-graph\">{\"@context\":\"https:\\\/\\\/schema.org\",\"@graph\":[{\"@type\":\"WebPage\",\"@id\":\"https:\\\/\\\/komvak.sk\\\/hu\\\/informaciok\\\/a-viz-kemenysege\\\/\",\"url\":\"https:\\\/\\\/komvak.sk\\\/hu\\\/informaciok\\\/a-viz-kemenysege\\\/\",\"name\":\"A v\u00edz kem\u00e9nys\u00e9ge &#8226; KOMVak\",\"isPartOf\":{\"@id\":\"https:\\\/\\\/komvak.sk\\\/hu\\\/#website\"},\"datePublished\":\"2022-08-01T10:11:59+00:00\",\"dateModified\":\"2022-11-30T13:49:09+00:00\",\"breadcrumb\":{\"@id\":\"https:\\\/\\\/komvak.sk\\\/hu\\\/informaciok\\\/a-viz-kemenysege\\\/#breadcrumb\"},\"inLanguage\":\"hu\",\"potentialAction\":[{\"@type\":\"ReadAction\",\"target\":[\"https:\\\/\\\/komvak.sk\\\/hu\\\/informaciok\\\/a-viz-kemenysege\\\/\"]}]},{\"@type\":\"BreadcrumbList\",\"@id\":\"https:\\\/\\\/komvak.sk\\\/hu\\\/informaciok\\\/a-viz-kemenysege\\\/#breadcrumb\",\"itemListElement\":[{\"@type\":\"ListItem\",\"position\":1,\"name\":\"Home\",\"item\":\"https:\\\/\\\/komvak.sk\\\/hu\\\/\"},{\"@type\":\"ListItem\",\"position\":2,\"name\":\"Inform\u00e1ci\u00f3k\",\"item\":\"https:\\\/\\\/komvak.sk\\\/hu\\\/informacie\\\/\"},{\"@type\":\"ListItem\",\"position\":3,\"name\":\"A v\u00edz kem\u00e9nys\u00e9ge\"}]},{\"@type\":\"WebSite\",\"@id\":\"https:\\\/\\\/komvak.sk\\\/hu\\\/#website\",\"url\":\"https:\\\/\\\/komvak.sk\\\/hu\\\/\",\"name\":\"KOMVak\",\"description\":\"Vod\u00e1rne a kanaliz\u00e1cie mesta Kom\u00e1rna, a.s.\",\"publisher\":{\"@id\":\"https:\\\/\\\/komvak.sk\\\/hu\\\/#organization\"},\"potentialAction\":[{\"@type\":\"SearchAction\",\"target\":{\"@type\":\"EntryPoint\",\"urlTemplate\":\"https:\\\/\\\/komvak.sk\\\/hu\\\/?s={search_term_string}\"},\"query-input\":{\"@type\":\"PropertyValueSpecification\",\"valueRequired\":true,\"valueName\":\"search_term_string\"}}],\"inLanguage\":\"hu\"},{\"@type\":\"Organization\",\"@id\":\"https:\\\/\\\/komvak.sk\\\/hu\\\/#organization\",\"name\":\"KOMVaK - Vod\u00e1rne a kanaliz\u00e1cie mesta Kom\u00e1rna, a.s.\",\"url\":\"https:\\\/\\\/komvak.sk\\\/hu\\\/\",\"logo\":{\"@type\":\"ImageObject\",\"inLanguage\":\"hu\",\"@id\":\"https:\\\/\\\/komvak.sk\\\/hu\\\/#\\\/schema\\\/logo\\\/image\\\/\",\"url\":\"https:\\\/\\\/komvak.sk\\\/wp-content\\\/uploads\\\/KOMVak_logo.png\",\"contentUrl\":\"https:\\\/\\\/komvak.sk\\\/wp-content\\\/uploads\\\/KOMVak_logo.png\",\"width\":948,\"height\":619,\"caption\":\"KOMVaK - Vod\u00e1rne a kanaliz\u00e1cie mesta Kom\u00e1rna, a.s.\"},\"image\":{\"@id\":\"https:\\\/\\\/komvak.sk\\\/hu\\\/#\\\/schema\\\/logo\\\/image\\\/\"},\"sameAs\":[\"https:\\\/\\\/www.facebook.com\\\/KOMVaKKomarno\"]}]}<\/script>\n<!-- \/ Yoast SEO plugin. -->","yoast_head_json":{"title":"A v\u00edz kem\u00e9nys\u00e9ge &#8226; KOMVak","robots":{"index":"index","follow":"follow","max-snippet":"max-snippet:-1","max-image-preview":"max-image-preview:large","max-video-preview":"max-video-preview:-1"},"canonical":"https:\/\/komvak.sk\/hu\/informaciok\/a-viz-kemenysege\/","og_locale":"hu_HU","og_type":"article","og_title":"A v\u00edz kem\u00e9nys\u00e9ge &#8226; KOMVak","og_url":"https:\/\/komvak.sk\/hu\/informaciok\/a-viz-kemenysege\/","og_site_name":"KOMVak","article_publisher":"https:\/\/www.facebook.com\/KOMVaKKomarno","article_modified_time":"2022-11-30T13:49:09+00:00","twitter_card":"summary_large_image","twitter_misc":{"Becs\u00fclt olvas\u00e1si id\u0151":"3 perc"},"schema":{"@context":"https:\/\/schema.org","@graph":[{"@type":"WebPage","@id":"https:\/\/komvak.sk\/hu\/informaciok\/a-viz-kemenysege\/","url":"https:\/\/komvak.sk\/hu\/informaciok\/a-viz-kemenysege\/","name":"A v\u00edz kem\u00e9nys\u00e9ge &#8226; KOMVak","isPartOf":{"@id":"https:\/\/komvak.sk\/hu\/#website"},"datePublished":"2022-08-01T10:11:59+00:00","dateModified":"2022-11-30T13:49:09+00:00","breadcrumb":{"@id":"https:\/\/komvak.sk\/hu\/informaciok\/a-viz-kemenysege\/#breadcrumb"},"inLanguage":"hu","potentialAction":[{"@type":"ReadAction","target":["https:\/\/komvak.sk\/hu\/informaciok\/a-viz-kemenysege\/"]}]},{"@type":"BreadcrumbList","@id":"https:\/\/komvak.sk\/hu\/informaciok\/a-viz-kemenysege\/#breadcrumb","itemListElement":[{"@type":"ListItem","position":1,"name":"Home","item":"https:\/\/komvak.sk\/hu\/"},{"@type":"ListItem","position":2,"name":"Inform\u00e1ci\u00f3k","item":"https:\/\/komvak.sk\/hu\/informacie\/"},{"@type":"ListItem","position":3,"name":"A v\u00edz kem\u00e9nys\u00e9ge"}]},{"@type":"WebSite","@id":"https:\/\/komvak.sk\/hu\/#website","url":"https:\/\/komvak.sk\/hu\/","name":"KOMVak","description":"Vod\u00e1rne a kanaliz\u00e1cie mesta Kom\u00e1rna, a.s.","publisher":{"@id":"https:\/\/komvak.sk\/hu\/#organization"},"potentialAction":[{"@type":"SearchAction","target":{"@type":"EntryPoint","urlTemplate":"https:\/\/komvak.sk\/hu\/?s={search_term_string}"},"query-input":{"@type":"PropertyValueSpecification","valueRequired":true,"valueName":"search_term_string"}}],"inLanguage":"hu"},{"@type":"Organization","@id":"https:\/\/komvak.sk\/hu\/#organization","name":"KOMVaK - Vod\u00e1rne a kanaliz\u00e1cie mesta Kom\u00e1rna, a.s.","url":"https:\/\/komvak.sk\/hu\/","logo":{"@type":"ImageObject","inLanguage":"hu","@id":"https:\/\/komvak.sk\/hu\/#\/schema\/logo\/image\/","url":"https:\/\/komvak.sk\/wp-content\/uploads\/KOMVak_logo.png","contentUrl":"https:\/\/komvak.sk\/wp-content\/uploads\/KOMVak_logo.png","width":948,"height":619,"caption":"KOMVaK - Vod\u00e1rne a kanaliz\u00e1cie mesta Kom\u00e1rna, a.s."},"image":{"@id":"https:\/\/komvak.sk\/hu\/#\/schema\/logo\/image\/"},"sameAs":["https:\/\/www.facebook.com\/KOMVaKKomarno"]}]}},"_links":{"self":[{"href":"https:\/\/komvak.sk\/hu\/wp-json\/wp\/v2\/pages\/5427","targetHints":{"allow":["GET"]}}],"collection":[{"href":"https:\/\/komvak.sk\/hu\/wp-json\/wp\/v2\/pages"}],"about":[{"href":"https:\/\/komvak.sk\/hu\/wp-json\/wp\/v2\/types\/page"}],"author":[{"embeddable":true,"href":"https:\/\/komvak.sk\/hu\/wp-json\/wp\/v2\/users\/1"}],"replies":[{"embeddable":true,"href":"https:\/\/komvak.sk\/hu\/wp-json\/wp\/v2\/comments?post=5427"}],"version-history":[{"count":0,"href":"https:\/\/komvak.sk\/hu\/wp-json\/wp\/v2\/pages\/5427\/revisions"}],"up":[{"embeddable":true,"href":"https:\/\/komvak.sk\/hu\/wp-json\/wp\/v2\/pages\/3804"}],"wp:attachment":[{"href":"https:\/\/komvak.sk\/hu\/wp-json\/wp\/v2\/media?parent=5427"}],"curies":[{"name":"wp","href":"https:\/\/api.w.org\/{rel}","templated":true}]}}